{"id":7181,"date":"2025-04-05T11:34:11","date_gmt":"2025-04-05T09:34:11","guid":{"rendered":"https:\/\/www.ngdcare.nl\/product\/sem categoria\/folhetos\/"},"modified":"2025-04-05T11:34:11","modified_gmt":"2025-04-05T09:34:11","slug":"folhetos","status":"publish","type":"product","link":"https:\/\/www.ngdcare.nl\/pt-pt\/product\/protocolos-pt-pt\/folhetos\/","title":{"rendered":"Folhetos"},"content":{"rendered":"<p>Se quiser encomendar folhetos como revendedor ou afiliado, pode indic\u00e1-lo aqui. Pode depois fornec\u00ea-las durante uma consulta para informa\u00e7\u00e3o. <\/p>\n<p>Todos os folhetos e folhetos tamb\u00e9m podem ser descarregados digitalmente quando inicia sess\u00e3o.<\/p>\n<p>Por favor, coloque nos coment\u00e1rios ao encomendar quantos e quais folhetos voc\u00ea gostaria de receber.<\/p>\n<p>Fizemos brochuras gerais da NGD Care e um folheto para todos os protocolos que lhe podemos enviar.<\/p>\n","protected":false},"excerpt":{"rendered":"<p>Aqui pode encomendar todos os folhetos e flyers dos protocolos \u00e0 NGD Care.<\/p>\n","protected":false},"featured_media":18061,"comment_status":"open","ping_status":"closed","template":"","meta":{"wds_primary_product_brand":0,"wds_primary_product_cat":0,"wds_primary_merken":0},"product_brand":[],"product_cat":[2967,1814],"product_tag":[],"merken":[],"class_list":{"0":"post-7181","1":"product","2":"type-product","3":"status-publish","4":"has-post-thumbnail","6":"product_cat-protocolos-pt-pt","7":"product_cat-suplementos-ortomoleculares","8":"infinite-scroll-item","9":"sales-flash-overlay","10":"woocommerce-text-align-center","11":"woocommerce-image-align-center","12":"do-quantity-buttons","14":"first","15":"instock","16":"taxable","17":"shipping-taxable","18":"purchasable","19":"product-type-simple"},"_links":{"self":[{"href":"https:\/\/www.ngdcare.nl\/pt-pt\/wp-json\/wp\/v2\/product\/7181","targetHints":{"allow":["GET"]}}],"collection":[{"href":"https:\/\/www.ngdcare.nl\/pt-pt\/wp-json\/wp\/v2\/product"}],"about":[{"href":"https:\/\/www.ngdcare.nl\/pt-pt\/wp-json\/wp\/v2\/types\/product"}],"replies":[{"embeddable":true,"href":"https:\/\/www.ngdcare.nl\/pt-pt\/wp-json\/wp\/v2\/comments?post=7181"}],"wp:featuredmedia":[{"embeddable":true,"href":"https:\/\/www.ngdcare.nl\/pt-pt\/wp-json\/wp\/v2\/media\/18061"}],"wp:attachment":[{"href":"https:\/\/www.ngdcare.nl\/pt-pt\/wp-json\/wp\/v2\/media?parent=7181"}],"wp:term":[{"taxonomy":"product_brand","embeddable":true,"href":"https:\/\/www.ngdcare.nl\/pt-pt\/wp-json\/wp\/v2\/product_brand?post=7181"},{"taxonomy":"product_cat","embeddable":true,"href":"https:\/\/www.ngdcare.nl\/pt-pt\/wp-json\/wp\/v2\/product_cat?post=7181"},{"taxonomy":"product_tag","embeddable":true,"href":"https:\/\/www.ngdcare.nl\/pt-pt\/wp-json\/wp\/v2\/product_tag?post=7181"},{"taxonomy":"merken","embeddable":true,"href":"https:\/\/www.ngdcare.nl\/pt-pt\/wp-json\/wp\/v2\/merken?post=7181"}],"curies":[{"name":"wp","href":"https:\/\/api.w.org\/{rel}","templated":true}]}}