{"id":7276,"date":"2024-04-18T12:41:39","date_gmt":"2024-04-18T10:41:39","guid":{"rendered":"https:\/\/www.ngdcare.nl\/product\/sem%20categoria\/oleo-de-calanus-o-mega-blend\/"},"modified":"2026-04-09T21:49:07","modified_gmt":"2026-04-09T19:49:07","slug":"oleo-de-calanus-o-mega-blend","status":"publish","type":"product","link":"https:\/\/www.ngdcare.nl\/pt-pt\/product\/veterinary-health\/suplementos-ortomoleculares\/oleo-de-calanus-o-mega-blend\/","title":{"rendered":"\u00d3leo de calanus \u2013 O Mega blend"},"content":{"rendered":"<p style=\"font-weight: 400;\"><strong>NGD Care \u2013 O-Mega Blend<\/strong> \u00e9 uma f\u00f3rmula de \u00f3mega 3 sustent\u00e1vel e de alta qualidade para c\u00e3es e gatos, baseada em <strong>\u00f3leo de calano<\/strong>. Este \u00f3leo \u00e9 extra\u00eddo do <em>Calanus finmarchicus<\/em>, um zoopl\u00e2ncton do Oceano Atl\u00e2ntico Norte. O \u00f3leo de Calanus difere do \u00f3leo de peixe e krill pela sua composi\u00e7\u00e3o \u00fanica de \u00e1cidos gordos em forma de \u00e9ster ceroso, que garante uma absor\u00e7\u00e3o mais lenta e profunda no intestino e um efeito biol\u00f3gico mais forte.  <\/p>\n<p style=\"font-weight: 400;\">Os \u00e1cidos gordos deste \u00f3leo \u2013 incluindo <strong>EPA, DHA, SDA<\/strong> e <strong>\u00e1cido alfa-linol\u00e9nico<\/strong> \u2013 apoiam o cora\u00e7\u00e3o, os m\u00fasculos, o c\u00e9rebro, o sistema imunit\u00e1rio e o metabolismo das gorduras, entre outras coisas. O \u00f3leo de Calanus ativa o recetor FFA4 no intestino, afetando a inibi\u00e7\u00e3o da inflama\u00e7\u00e3o, a supress\u00e3o da fome e o metabolismo da glucose. Este \u00f3leo \u00e9, portanto, uma excelente escolha para obesidade, resist\u00eancia \u00e0 insulina, problemas card\u00edacos e inflama\u00e7\u00e3o cr\u00f3nica de baixo grau.  <\/p>\n<p style=\"font-weight: 400;\">Al\u00e9m disso, o \u00f3leo de calanus cont\u00e9m:<\/p>\n<ul>\n<li><strong>Astaxantina<\/strong> \u2013 um poderoso antioxidante que protege as c\u00e9lulas dos danos oxidativos<\/li>\n<li><strong>Policosanol<\/strong> \u2013 apoia a fun\u00e7\u00e3o muscular, gest\u00e3o do colesterol e agrega\u00e7\u00e3o plaquet\u00e1ria<\/li>\n<\/ul>\n<p style=\"font-weight: 400;\">A nossa mistura O-Mega n\u00e3o cont\u00e9m salm\u00e3o, krill ou \u00f3leo de mexilh\u00e3o devido \u00e0 menor pureza e ao maior impacto ecol\u00f3gico destas fontes. Com o \u00f3leo de calano, escolhe um suplemento de \u00f4mega-3 puro, eficaz e respons\u00e1vel. <\/p>\n","protected":false},"excerpt":{"rendered":"<div>\n<p class=\"p3\">\u00d3mega 3 sustent\u00e1vel do \u00f3leo de Calanus. Apoia o metabolismo da gordura, fun\u00e7\u00e3o muscular, sa\u00fade cardiovascular e reduz a inflama\u00e7\u00e3o em c\u00e3es e gatos. <\/p>\n<\/div>\n<p>&nbsp;<\/p>\n","protected":false},"featured_media":17758,"comment_status":"open","ping_status":"closed","template":"","meta":{"wds_primary_product_brand":0,"wds_primary_product_cat":187,"wds_primary_merken":0},"product_brand":[],"product_cat":[2178,1985,2849,1945,1814,2177,4022],"product_tag":[4175,1816,2239,2248,2851,4178,1818,2250,4177,1820,1951,2191,3181,3182,4172,4173,4174,1949,2007,4176,2190],"merken":[],"class_list":{"0":"post-7276","1":"product","2":"type-product","3":"status-publish","4":"has-post-thumbnail","6":"product_cat-anti-inflamatorios","7":"product_cat-articulacoes","8":"product_cat-pele-e-pelo","9":"product_cat-sistema-imunitario","10":"product_cat-suplementos-ortomoleculares","11":"product_cat-vitalidade-geral","12":"product_cat-vitaminas-e-minerais","13":"product_tag-alternativa-ao-oleo-de-peixe","14":"product_tag-animais","15":"product_tag-anti-inflamatorios","16":"product_tag-antioxidante-pt-pt","17":"product_tag-articulacoes","18":"product_tag-astaxantina","19":"product_tag-caes","20":"product_tag-energia-pt-pt","21":"product_tag-epa-e-dha","22":"product_tag-gatos","23":"product_tag-holistica","24":"product_tag-longevidade","25":"product_tag-oleo-de-calanus","26":"product_tag-omega-3-pt-pt","27":"product_tag-pele-saudavel","28":"product_tag-saude-do-casaco","29":"product_tag-saude-do-coracao","30":"product_tag-sistema-imunitario","31":"product_tag-suplemento-animal","32":"product_tag-velhice-saudavel","33":"product_tag-vitalidade","34":"infinite-scroll-item","35":"sales-flash-overlay","36":"woocommerce-text-align-center","37":"woocommerce-image-align-center","38":"do-quantity-buttons","40":"first","41":"instock","42":"taxable","43":"shipping-taxable","44":"purchasable","45":"product-type-simple"},"_links":{"self":[{"href":"https:\/\/www.ngdcare.nl\/pt-pt\/wp-json\/wp\/v2\/product\/7276","targetHints":{"allow":["GET"]}}],"collection":[{"href":"https:\/\/www.ngdcare.nl\/pt-pt\/wp-json\/wp\/v2\/product"}],"about":[{"href":"https:\/\/www.ngdcare.nl\/pt-pt\/wp-json\/wp\/v2\/types\/product"}],"replies":[{"embeddable":true,"href":"https:\/\/www.ngdcare.nl\/pt-pt\/wp-json\/wp\/v2\/comments?post=7276"}],"wp:featuredmedia":[{"embeddable":true,"href":"https:\/\/www.ngdcare.nl\/pt-pt\/wp-json\/wp\/v2\/media\/17758"}],"wp:attachment":[{"href":"https:\/\/www.ngdcare.nl\/pt-pt\/wp-json\/wp\/v2\/media?parent=7276"}],"wp:term":[{"taxonomy":"product_brand","embeddable":true,"href":"https:\/\/www.ngdcare.nl\/pt-pt\/wp-json\/wp\/v2\/product_brand?post=7276"},{"taxonomy":"product_cat","embeddable":true,"href":"https:\/\/www.ngdcare.nl\/pt-pt\/wp-json\/wp\/v2\/product_cat?post=7276"},{"taxonomy":"product_tag","embeddable":true,"href":"https:\/\/www.ngdcare.nl\/pt-pt\/wp-json\/wp\/v2\/product_tag?post=7276"},{"taxonomy":"merken","embeddable":true,"href":"https:\/\/www.ngdcare.nl\/pt-pt\/wp-json\/wp\/v2\/merken?post=7276"}],"curies":[{"name":"wp","href":"https:\/\/api.w.org\/{rel}","templated":true}]}}