{"id":7291,"date":"2024-02-27T22:22:58","date_gmt":"2024-02-27T22:22:58","guid":{"rendered":"https:\/\/www.ngdcare.nl\/product\/sem%20categoria\/apoio-a-ansiedade-aromatica\/"},"modified":"2026-01-25T21:27:22","modified_gmt":"2026-01-25T20:27:22","slug":"apoio-a-ansiedade-aromatica","status":"publish","type":"product","link":"https:\/\/www.ngdcare.nl\/pt-pt\/product\/aromaterapia\/apoio-a-ansiedade-aromatica\/","title":{"rendered":"Apoio \u00e0 Ansiedade"},"content":{"rendered":"<p class=\"p1\"><span class=\"s1\"><b>NGD Care \u2013 Apoio \u00e0 Ansiedade<\/b><\/span> \u00e9 uma mistura natural de aromaterapia especialmente desenvolvida para c\u00e3es e gatos com problemas de ansiedade. Pense em ansiedade de separa\u00e7\u00e3o, stress causado por fogo de artif\u00edcio, trovoadas, visitas ao veterin\u00e1rio ou outras situa\u00e7\u00f5es entusiasmantes. O Apoio \u00e0 Ansiedade foi concebido para apoiar o <strong data-start=\"901\" data-end=\"962\">sistema nervoso de forma suave e natural<\/strong>, sem anestesia ou supress\u00e3o.  <\/p>\n<p data-start=\"1233\" data-end=\"1386\">Esta f\u00f3rmula \u00e9 adequada para <strong data-start=\"1263\" data-end=\"1308\">animais e para uso no ambiente de vida<\/strong>, para que o agregado familiar tamb\u00e9m beneficie de um ambiente relaxante.<\/p>\n<h4 data-start=\"1393\" data-end=\"1423\"><strong data-start=\"1396\" data-end=\"1423\">Composi\u00e7\u00e3o e efeito<\/strong><\/h4>\n<ul>\n<li data-start=\"1426\" data-end=\"1500\"><strong data-start=\"1426\" data-end=\"1443\">Camomila Romana<\/strong> \u2013 reconfortante e calmante para a tens\u00e3o e o nervosismo<\/li>\n<li data-start=\"1503\" data-end=\"1590\"><strong data-start=\"1503\" data-end=\"1516\">Cedarwood<\/strong> \u2013 apoia a paz interior, estabilidade e um sentimento de seguran\u00e7a<\/li>\n<li data-start=\"1593\" data-end=\"1665\"><strong data-start=\"1593\" data-end=\"1604\">Copaiba<\/strong> \u2013 reconfortante e relaxante, ajuda na desregula\u00e7\u00e3o emocional<\/li>\n<li data-start=\"1668\" data-end=\"1738\"><strong data-start=\"1668\" data-end=\"1680\">Bergamota<\/strong> \u2013 estimulante e equilibrante no stress e na sobreestimula\u00e7\u00e3o<\/li>\n<li data-start=\"1741\" data-end=\"1826\"><strong data-start=\"1741\" data-end=\"1767\">Incenso<\/strong> \u2013 aprofundamento e regula\u00e7\u00e3o, apoia o sistema nervoso<\/li>\n<\/ul>\n<p>A combina\u00e7\u00e3o tem um efeito harmonizador tanto no sistema de stress emocional como f\u00edsico. Os \u00f3leos refor\u00e7am-se mutuamente e juntos formam uma mistura equilibrada e calmante. <\/p>\n<h4 data-start=\"1935\" data-end=\"1963\"><strong data-start=\"1938\" data-end=\"1963\">Variantes dispon\u00edveis<\/strong><\/h4>\n<ul>\n<li><strong>Rolo<\/strong>\n<ul>\n<li data-start=\"1980\" data-end=\"2017\">Mistura dilu\u00edda para aplica\u00e7\u00e3o t\u00f3pica direta no animal<\/li>\n<li data-start=\"2020\" data-end=\"2053\">Ideal para momentos agudos de stress<\/li>\n<li data-start=\"2056\" data-end=\"2108\">Pr\u00e1tico para fora ou em situa\u00e7\u00f5es emocionantes<\/li>\n<\/ul>\n<\/li>\n<li data-start=\"2056\" data-end=\"2108\"><strong>\u00d3leo puro  <\/strong>\n<ul>\n<li data-start=\"2129\" data-end=\"2168\">Adequado para uso num difusor<\/li>\n<li data-start=\"2240\" data-end=\"2281\">Tamb\u00e9m apoia a paz no ambiente de vida<\/li>\n<\/ul>\n<\/li>\n<\/ul>\n","protected":false},"excerpt":{"rendered":"<p class=\"p1\">NGD Care \u2013 Apoio \u00e0 Ansiedade \u00e9 uma combina\u00e7\u00e3o cuidadosamente formulada de aromaterapia para c\u00e3es e gatos que podem beneficiar de apoio com ansiedade, stress e turbul\u00eancia interior.<br data-start=\"572\" data-end=\"575\">A mistura \u00e9 usada para ansiedade de separa\u00e7\u00e3o, fogo de artif\u00edcio, trovoadas, visitas ao veterin\u00e1rio e outras situa\u00e7\u00f5es emocionantes.<\/p>\n","protected":false},"featured_media":12750,"comment_status":"open","ping_status":"closed","template":"","meta":[],"product_brand":[],"product_cat":[2532],"product_tag":[7048,7046,7043,2599,3092,7044,3088,7049,3235],"merken":[],"class_list":{"0":"post-7291","1":"product","2":"type-product","3":"status-publish","4":"has-post-thumbnail","6":"product_cat-aromaterapia","7":"product_tag-animais-de-aromaterapia","8":"product_tag-cao-de-stress","9":"product_tag-cao-do-medo","10":"product_tag-cuidados-com-ngd","11":"product_tag-fogos-de-artificio","12":"product_tag-gato-do-medo","13":"product_tag-medo","14":"product_tag-oleo-essencial-para-caes-2","15":"product_tag-tranquilidade-natural","16":"infinite-scroll-item","17":"sales-flash-overlay","18":"woocommerce-text-align-center","19":"woocommerce-image-align-center","20":"do-quantity-buttons","22":"first","23":"instock","24":"taxable","25":"shipping-taxable","26":"purchasable","27":"product-type-variable"},"_links":{"self":[{"href":"https:\/\/www.ngdcare.nl\/pt-pt\/wp-json\/wp\/v2\/product\/7291","targetHints":{"allow":["GET"]}}],"collection":[{"href":"https:\/\/www.ngdcare.nl\/pt-pt\/wp-json\/wp\/v2\/product"}],"about":[{"href":"https:\/\/www.ngdcare.nl\/pt-pt\/wp-json\/wp\/v2\/types\/product"}],"replies":[{"embeddable":true,"href":"https:\/\/www.ngdcare.nl\/pt-pt\/wp-json\/wp\/v2\/comments?post=7291"}],"wp:featuredmedia":[{"embeddable":true,"href":"https:\/\/www.ngdcare.nl\/pt-pt\/wp-json\/wp\/v2\/media\/12750"}],"wp:attachment":[{"href":"https:\/\/www.ngdcare.nl\/pt-pt\/wp-json\/wp\/v2\/media?parent=7291"}],"wp:term":[{"taxonomy":"product_brand","embeddable":true,"href":"https:\/\/www.ngdcare.nl\/pt-pt\/wp-json\/wp\/v2\/product_brand?post=7291"},{"taxonomy":"product_cat","embeddable":true,"href":"https:\/\/www.ngdcare.nl\/pt-pt\/wp-json\/wp\/v2\/product_cat?post=7291"},{"taxonomy":"product_tag","embeddable":true,"href":"https:\/\/www.ngdcare.nl\/pt-pt\/wp-json\/wp\/v2\/product_tag?post=7291"},{"taxonomy":"merken","embeddable":true,"href":"https:\/\/www.ngdcare.nl\/pt-pt\/wp-json\/wp\/v2\/merken?post=7291"}],"curies":[{"name":"wp","href":"https:\/\/api.w.org\/{rel}","templated":true}]}}