{"id":7341,"date":"2024-02-27T22:17:45","date_gmt":"2024-02-27T22:17:45","guid":{"rendered":"https:\/\/www.ngdcare.nl\/product\/sem%20categoria\/suporte-de-aterramento-de-aroma\/"},"modified":"2026-01-25T21:55:00","modified_gmt":"2026-01-25T20:55:00","slug":"suporte-de-aterramento-de-aroma","status":"publish","type":"product","link":"https:\/\/www.ngdcare.nl\/pt-pt\/product\/aromaterapia\/suporte-de-aterramento-de-aroma\/","title":{"rendered":"Suporte de Enterramento"},"content":{"rendered":"<p data-start=\"762\" data-end=\"1068\">Alguns animais ficam facilmente inquietos, nervosos ou parecem &#8220;n\u00e3o estar bem no corpo&#8221;. Isto pode manifestar-se em comportamento alerta, movimentos inquietos, m\u00e1 relaxa\u00e7\u00e3o ou dificuldade em recuperar ap\u00f3s est\u00edmulos. <span class=\"s1\"><b>O NGD Care Grounding Support<\/b><\/span> \u00e9 uma mistura cuidadosamente composta que ajuda o animal a ancorar-se e relaxar.<br data-start=\"971\" data-end=\"974\">O Apoio ao Enraizamento foi <strong data-start=\"1018\" data-end=\"1038\">concebido para ajudar<\/strong> o animal a aterrar, tanto f\u00edsica como emocionalmente. <\/p>\n<p data-start=\"1070\" data-end=\"1227\">A combina\u00e7\u00e3o de \u00f3leos essenciais aterradores e calmantes apoia a <strong data-start=\"1146\" data-end=\"1193\">sensa\u00e7\u00e3o de seguran\u00e7a e consci\u00eancia corporal<\/strong>, sem oprimir o animal.<\/p>\n<h4><strong data-start=\"688\" data-end=\"705\">Composi\u00e7\u00e3o<\/strong><\/h4>\n<ul>\n<li data-start=\"797\" data-end=\"872\"><strong data-start=\"797\" data-end=\"811\">S\u00e2ndalo<\/strong> \u2013 aprofundamento e estabiliza\u00e7\u00e3o, apoia a paz interior<\/li>\n<li data-start=\"875\" data-end=\"951\"><strong data-start=\"875\" data-end=\"888\">Cedro<\/strong> \u2013 aterrador e protetor, promove a seguran\u00e7a e a robustez<\/li>\n<li data-start=\"954\" data-end=\"1032\"><strong data-start=\"954\" data-end=\"967\">Patchouli<\/strong> \u2013 forte ancoragem, ajuda com a inquieta\u00e7\u00e3o e a fragmenta\u00e7\u00e3o emocional<\/li>\n<li data-start=\"1035\" data-end=\"1108\"><strong data-start=\"1035\" data-end=\"1046\">Vetiver<\/strong> \u2013 enraizamento profundo, apoia a regula\u00e7\u00e3o do sistema nervoso<\/li>\n<li data-start=\"1111\" data-end=\"1176\"><strong data-start=\"1111\" data-end=\"1122\">Cipreste<\/strong> \u2013 ajuda a libertar a tens\u00e3o e promove o fluxo<\/li>\n<li data-start=\"1179\" data-end=\"1257\"><strong data-start=\"1179\" data-end=\"1188\">Mirra<\/strong> \u2013 calmante e restauradora, apoia a tens\u00e3o emocional<\/li>\n<li data-start=\"1260\" data-end=\"1337\"><strong data-start=\"1260\" data-end=\"1276\">Incenso<\/strong> \u2013 regulador e harmonizador, apoia o foco e o equil\u00edbrio<\/li>\n<\/ul>\n<h4><strong data-start=\"1990\" data-end=\"2015\">Variantes dispon\u00edveis<\/strong><\/h4>\n<ul>\n<li><strong>Rolo<\/strong>\n<ul>\n<li data-start=\"2032\" data-end=\"2069\">Para aplica\u00e7\u00e3o direta no animal<\/li>\n<li data-start=\"2072\" data-end=\"2114\">Ideal para inquieta\u00e7\u00e3o aguda ou instabilidade<\/li>\n<li data-start=\"2117\" data-end=\"2150\">Adequado para uso di\u00e1rio<\/li>\n<\/ul>\n<\/li>\n<li data-start=\"2117\" data-end=\"2150\"><strong>\u00d3leo puro<\/strong>\n<ul>\n<li data-start=\"2171\" data-end=\"2201\">Para uso num difusor<\/li>\n<li data-start=\"2204\" data-end=\"2242\">Pode ser dilu\u00eddo com um \u00f3leo transportador<\/li>\n<li data-start=\"2245\" data-end=\"2282\">Apoia a paz no ambiente de vida<\/li>\n<\/ul>\n<\/li>\n<\/ul>\n","protected":false},"excerpt":{"rendered":"<p class=\"p1\">NGD Care \u2013 Grounding Support \u00e9 uma mistura natural de aromaterapia para c\u00e3es e gatos que t\u00eam dificuldade em ancorar-se, sentem-se inseguros ou perdem facilmente o equil\u00edbrio. Esta combina\u00e7\u00e3o apoia uma sensa\u00e7\u00e3o de estabilidade, calma e presen\u00e7a f\u00edsica. <\/p>\n","protected":false},"featured_media":12770,"comment_status":"open","ping_status":"closed","template":"","meta":[],"product_brand":[],"product_cat":[2532],"product_tag":[7048,7121,7118,7120,7119,7122,7049,3235],"merken":[],"class_list":{"0":"post-7341","1":"product","2":"type-product","3":"status-publish","4":"has-post-thumbnail","6":"product_cat-aromaterapia","7":"product_tag-animais-de-aromaterapia","8":"product_tag-animal-sensivel-a-estimulos","9":"product_tag-cao-de-encalhamento","10":"product_tag-cao-inquieto","11":"product_tag-gato-de-aterragem","12":"product_tag-oleo-essencial-ngd-care","13":"product_tag-oleo-essencial-para-caes-2","14":"product_tag-tranquilidade-natural","15":"infinite-scroll-item","16":"sales-flash-overlay","17":"woocommerce-text-align-center","18":"woocommerce-image-align-center","19":"do-quantity-buttons","21":"first","22":"instock","23":"taxable","24":"shipping-taxable","25":"purchasable","26":"product-type-variable"},"_links":{"self":[{"href":"https:\/\/www.ngdcare.nl\/pt-pt\/wp-json\/wp\/v2\/product\/7341","targetHints":{"allow":["GET"]}}],"collection":[{"href":"https:\/\/www.ngdcare.nl\/pt-pt\/wp-json\/wp\/v2\/product"}],"about":[{"href":"https:\/\/www.ngdcare.nl\/pt-pt\/wp-json\/wp\/v2\/types\/product"}],"replies":[{"embeddable":true,"href":"https:\/\/www.ngdcare.nl\/pt-pt\/wp-json\/wp\/v2\/comments?post=7341"}],"wp:featuredmedia":[{"embeddable":true,"href":"https:\/\/www.ngdcare.nl\/pt-pt\/wp-json\/wp\/v2\/media\/12770"}],"wp:attachment":[{"href":"https:\/\/www.ngdcare.nl\/pt-pt\/wp-json\/wp\/v2\/media?parent=7341"}],"wp:term":[{"taxonomy":"product_brand","embeddable":true,"href":"https:\/\/www.ngdcare.nl\/pt-pt\/wp-json\/wp\/v2\/product_brand?post=7341"},{"taxonomy":"product_cat","embeddable":true,"href":"https:\/\/www.ngdcare.nl\/pt-pt\/wp-json\/wp\/v2\/product_cat?post=7341"},{"taxonomy":"product_tag","embeddable":true,"href":"https:\/\/www.ngdcare.nl\/pt-pt\/wp-json\/wp\/v2\/product_tag?post=7341"},{"taxonomy":"merken","embeddable":true,"href":"https:\/\/www.ngdcare.nl\/pt-pt\/wp-json\/wp\/v2\/merken?post=7341"}],"curies":[{"name":"wp","href":"https:\/\/api.w.org\/{rel}","templated":true}]}}