{"id":7445,"date":"2024-01-24T21:53:54","date_gmt":"2024-01-24T21:53:54","guid":{"rendered":"https:\/\/www.ngdcare.nl\/product\/sem%20categoria\/suporte-aroma-stress\/"},"modified":"2026-01-26T20:50:00","modified_gmt":"2026-01-26T19:50:00","slug":"suporte-aroma-stress","status":"publish","type":"product","link":"https:\/\/www.ngdcare.nl\/pt-pt\/product\/veterinary-health\/aromaterapia\/suporte-aroma-stress\/","title":{"rendered":"Suporte ao stress"},"content":{"rendered":"<p data-start=\"340\" data-end=\"664\"><strong>NGD Care \u2013 Suporte ao Stress<\/strong> \u00e9 uma mistura cuidadosamente formulada de aromaterapia que apoia o sistema nervoso no <strong>stress cr\u00f3nico<\/strong> e <span class=\"s1\"><b>a estabilidade emocional<\/b><\/span> nos animais. Este \u00f3leo foi desenvolvido para situa\u00e7\u00f5es em que um animal tem dificuldade em relaxar, ret\u00e9m tens\u00e3o ou reage de forma sens\u00edvel a est\u00edmulos do ambiente. <\/p>\n<p data-start=\"666\" data-end=\"834\">A combina\u00e7\u00e3o de \u00f3leos essenciais de ancoragem, calma e regula\u00e7\u00e3o apoia o relaxamento, a seguran\u00e7a e a restaura\u00e7\u00e3o do equil\u00edbrio, sem anestesiar ou suprimir.<\/p>\n<h4 data-start=\"841\" data-end=\"871\"><strong>Composi\u00e7\u00e3o<\/strong><\/h4>\n<ul>\n<li data-start=\"874\" data-end=\"998\"><strong data-start=\"874\" data-end=\"897\">Lavanda<\/strong> \u2013 apoia o relaxamento do sistema nervoso e ajuda com o stress, a tens\u00e3o e a turbul\u00eancia interior.<\/li>\n<li data-start=\"1001\" data-end=\"1106\"><strong data-start=\"1001\" data-end=\"1026\">Cedro<\/strong> \u2013 ancorado e estabilizador, contribui para uma sensa\u00e7\u00e3o de seguran\u00e7a e calma.<\/li>\n<li data-start=\"1109\" data-end=\"1215\"><strong data-start=\"1109\" data-end=\"1120\">Vetiver<\/strong> \u2013 profundamente ancorante e regulador, tradicionalmente usado para sobreestimula\u00e7\u00e3o e stress prolongado.<\/li>\n<li data-start=\"1218\" data-end=\"1326\"><strong data-start=\"1218\" data-end=\"1229\">Copaiba<\/strong> \u2013 reconfortante e de apoio para o sistema nervoso, ajuda com a tens\u00e3o e o turbilh\u00e3o emocional.<\/li>\n<li data-start=\"1329\" data-end=\"1451\"><strong data-start=\"1329\" data-end=\"1355\">Incenso <\/strong> \u2013 apoia o equil\u00edbrio, a respira\u00e7\u00e3o e o relaxamento, sendo frequentemente usado para esfor\u00e7o emocional.<\/li>\n<\/ul>\n<p data-start=\"1453\" data-end=\"1592\">Juntos, estes \u00f3leos formam uma sinergia harmoniosa que ajuda a acalmar o corpo e o sistema nervoso e a acalmar as rea\u00e7\u00f5es ao stress.<\/p>\n<h4 data-start=\"1599\" data-end=\"1632\"><strong>Indica\u00e7\u00f5es<\/strong><\/h4>\n<ul>\n<li data-start=\"1635\" data-end=\"1655\">Stress e tens\u00e3o<\/li>\n<li data-start=\"1658\" data-end=\"1674\">Sobreestimula\u00e7\u00e3o<\/li>\n<li data-start=\"1677\" data-end=\"1705\">Comportamento inquieto ou nervoso<\/li>\n<li data-start=\"1708\" data-end=\"1746\">Mudan\u00e7as no ambiente ou rotina<\/li>\n<li data-start=\"1749\" data-end=\"1779\">Recupera\u00e7\u00e3o ap\u00f3s stress prolongado<\/li>\n<\/ul>\n<h4 data-start=\"53\" data-end=\"78\"><strong>Formas dispon\u00edveis<\/strong><\/h4>\n<ul>\n<li data-start=\"81\" data-end=\"136\">Rolo \u2013 para uso direto, externo. Direcionado, de baixa dose e ideal para uso di\u00e1rio ou em movimento.<br data-start=\"371\" data-end=\"374\">Aplica nas orelhas ou nas almofadas das patas. <\/li>\n<li data-start=\"139\" data-end=\"214\">\u00d3leo difusor \u2013 adequado para uso difusor e para uso externo dilu\u00eddo. Para suporte de fragr\u00e2ncia atrav\u00e9s do difusor (acalmar o ambiente) ou dilu\u00eddo para uso de massagem\/t\u00f3picos. <\/li>\n<\/ul>\n","protected":false},"excerpt":{"rendered":"<p class=\"p1\"><strong>O NGD Care Stress Support<\/strong> \u00e9 uma mistura calmante de \u00f3leos essenciais para c\u00e3es e gatos. Acalma em caso de stress, sobreestimula\u00e7\u00e3o ou tens\u00e3o. Dispon\u00edvel em spray, rolo ou \u00f3leo difusor.  <\/p>\n","protected":false},"featured_media":12874,"comment_status":"open","ping_status":"closed","template":"","meta":{"wds_primary_product_brand":0,"wds_primary_product_cat":88,"wds_primary_merken":0},"product_brand":[],"product_cat":[2532],"product_tag":[],"merken":[],"class_list":{"0":"post-7445","1":"product","2":"type-product","3":"status-publish","4":"has-post-thumbnail","6":"product_cat-aromaterapia","7":"infinite-scroll-item","8":"sales-flash-overlay","9":"woocommerce-text-align-center","10":"woocommerce-image-align-center","11":"do-quantity-buttons","13":"first","14":"instock","15":"taxable","16":"shipping-taxable","17":"purchasable","18":"product-type-variable"},"_links":{"self":[{"href":"https:\/\/www.ngdcare.nl\/pt-pt\/wp-json\/wp\/v2\/product\/7445","targetHints":{"allow":["GET"]}}],"collection":[{"href":"https:\/\/www.ngdcare.nl\/pt-pt\/wp-json\/wp\/v2\/product"}],"about":[{"href":"https:\/\/www.ngdcare.nl\/pt-pt\/wp-json\/wp\/v2\/types\/product"}],"replies":[{"embeddable":true,"href":"https:\/\/www.ngdcare.nl\/pt-pt\/wp-json\/wp\/v2\/comments?post=7445"}],"wp:featuredmedia":[{"embeddable":true,"href":"https:\/\/www.ngdcare.nl\/pt-pt\/wp-json\/wp\/v2\/media\/12874"}],"wp:attachment":[{"href":"https:\/\/www.ngdcare.nl\/pt-pt\/wp-json\/wp\/v2\/media?parent=7445"}],"wp:term":[{"taxonomy":"product_brand","embeddable":true,"href":"https:\/\/www.ngdcare.nl\/pt-pt\/wp-json\/wp\/v2\/product_brand?post=7445"},{"taxonomy":"product_cat","embeddable":true,"href":"https:\/\/www.ngdcare.nl\/pt-pt\/wp-json\/wp\/v2\/product_cat?post=7445"},{"taxonomy":"product_tag","embeddable":true,"href":"https:\/\/www.ngdcare.nl\/pt-pt\/wp-json\/wp\/v2\/product_tag?post=7445"},{"taxonomy":"merken","embeddable":true,"href":"https:\/\/www.ngdcare.nl\/pt-pt\/wp-json\/wp\/v2\/merken?post=7445"}],"curies":[{"name":"wp","href":"https:\/\/api.w.org\/{rel}","templated":true}]}}