{"id":7530,"date":"2024-01-22T22:52:12","date_gmt":"2024-01-22T22:52:12","guid":{"rendered":"https:\/\/www.ngdcare.nl\/product\/sem%20categoria\/nac-berberine-para-limpar\/"},"modified":"2026-04-09T21:33:14","modified_gmt":"2026-04-09T19:33:14","slug":"nac-berberine-para-limpar","status":"publish","type":"product","link":"https:\/\/www.ngdcare.nl\/pt-pt\/product\/digestao\/nac-berberine-para-limpar\/","title":{"rendered":"NAC Berberina \u2013 Para Reset"},"content":{"rendered":"<p style=\"font-weight: 400;\"><strong>NGD Care \u2013 NAC Berberina \u2013 Para Reset <\/strong>\u00e9 uma f\u00f3rmula poderosa destinada a romper a forma\u00e7\u00e3o de biofilme em <strong>parasitas, leveduras e fungos<\/strong>, como <em>Giardia lamblia<\/em> e <em>Candida albicans<\/em>. Esta combina\u00e7\u00e3o apoia o trato gastrointestinal, fortalece a desintoxica\u00e7\u00e3o e ajuda o corpo a recuperar dos processos inflamat\u00f3rios cr\u00f3nicos dos intestinos, pele e trato respirat\u00f3rio. <\/p>\n<p style=\"font-weight: 400;\"><strong>A N-acetilciste\u00edna (NAC)<\/strong> \u00e9 um precursor do glutationa, um antioxidante importante que protege as c\u00e9lulas do stress oxidativo. O NAC pode decompor biofilmes de agentes patog\u00e9nicos, apoiar o f\u00edgado na desintoxica\u00e7\u00e3o e proteger o corpo das toxinas libertadas durante a decomposi\u00e7\u00e3o de microrganismos infecciosos. Al\u00e9m disso, contribui para a regula\u00e7\u00e3o do glutamato no c\u00e9rebro, o que \u00e9 relevante para o comportamento, o stress e as fun\u00e7\u00f5es cognitivas.  <\/p>\n<p style=\"font-weight: 400;\"><strong>A berberina<\/strong> \u00e9 um alcaloide natural com um amplo espectro antimicrobiano. \u00c9 eficaz contra parasitas, bact\u00e9rias, v\u00edrus, leveduras e fungos, especialmente <em>Giardia<\/em> e <em>Candida<\/em>. A berberina tamb\u00e9m apoia um microbioma saud\u00e1vel e previne o crescimento excessivo de esp\u00e9cies patog\u00e9nicas. Tamb\u00e9m afeta a sensibilidade \u00e0 insulina e o epit\u00e9lio intestinal. Em combina\u00e7\u00e3o com terapias regulares (como Panacur ou medicamentos antif\u00fangicos), a berberina tem um efeito de fortalecimento. A berberina tem um efeito t\u00f3xico quando entra na corrente sangu\u00ednea. Quando administrado por via oral, n\u00e3o \u00e9 t\u00f3xico. Como resultado, decidiu-se n\u00e3o fabricar a berberina lipossomal.       <\/p>\n<p style=\"font-weight: 400;\">O Para Reset faz parte do <strong>protocolo Giardia<\/strong> da NGD Care, mas tamb\u00e9m pode ser usado para outras infe\u00e7\u00f5es intestinais, problemas de pele, problemas pulmonares ou doen\u00e7as cr\u00f3nicas relacionadas com biofilmes.<\/p>\n","protected":false},"excerpt":{"rendered":"<p style=\"font-weight: 400;\">O Para Reset combina NAC e berberina para suportar a forma\u00e7\u00e3o de parasitas, leveduras e biofilmes. Trabalha nos intestinos, pele, trato respirat\u00f3rio e ajuda na recupera\u00e7\u00e3o do microbioma. <\/p>\n","protected":false},"featured_media":17769,"comment_status":"open","ping_status":"closed","template":"","meta":[],"product_brand":[],"product_cat":[1812,2966,1814],"product_tag":[2975,1947,2970,4374,2969,1847,2972,4375,4376,4377],"merken":[],"class_list":{"0":"post-7530","1":"product","2":"type-product","3":"status-publish","4":"has-post-thumbnail","6":"product_cat-digestao","7":"product_cat-parasitas","8":"product_cat-suplementos-ortomoleculares","9":"product_tag-biofilme","10":"product_tag-gato-pt-pt","11":"product_tag-giardia-pt-pt","12":"product_tag-n-acetilcisteina-pt-pt-2","13":"product_tag-nac-pt-pt","14":"product_tag-ngd-suplementos-de-cuidados","15":"product_tag-parasitas","16":"product_tag-patogenos-pt-pt","17":"product_tag-suporte-intestinal","18":"product_tag-teve","19":"infinite-scroll-item","20":"sales-flash-overlay","21":"woocommerce-text-align-center","22":"woocommerce-image-align-center","23":"do-quantity-buttons","25":"first","26":"instock","27":"downloadable","28":"taxable","29":"shipping-taxable","30":"purchasable","31":"product-type-simple"},"_links":{"self":[{"href":"https:\/\/www.ngdcare.nl\/pt-pt\/wp-json\/wp\/v2\/product\/7530","targetHints":{"allow":["GET"]}}],"collection":[{"href":"https:\/\/www.ngdcare.nl\/pt-pt\/wp-json\/wp\/v2\/product"}],"about":[{"href":"https:\/\/www.ngdcare.nl\/pt-pt\/wp-json\/wp\/v2\/types\/product"}],"replies":[{"embeddable":true,"href":"https:\/\/www.ngdcare.nl\/pt-pt\/wp-json\/wp\/v2\/comments?post=7530"}],"wp:featuredmedia":[{"embeddable":true,"href":"https:\/\/www.ngdcare.nl\/pt-pt\/wp-json\/wp\/v2\/media\/17769"}],"wp:attachment":[{"href":"https:\/\/www.ngdcare.nl\/pt-pt\/wp-json\/wp\/v2\/media?parent=7530"}],"wp:term":[{"taxonomy":"product_brand","embeddable":true,"href":"https:\/\/www.ngdcare.nl\/pt-pt\/wp-json\/wp\/v2\/product_brand?post=7530"},{"taxonomy":"product_cat","embeddable":true,"href":"https:\/\/www.ngdcare.nl\/pt-pt\/wp-json\/wp\/v2\/product_cat?post=7530"},{"taxonomy":"product_tag","embeddable":true,"href":"https:\/\/www.ngdcare.nl\/pt-pt\/wp-json\/wp\/v2\/product_tag?post=7530"},{"taxonomy":"merken","embeddable":true,"href":"https:\/\/www.ngdcare.nl\/pt-pt\/wp-json\/wp\/v2\/merken?post=7530"}],"curies":[{"name":"wp","href":"https:\/\/api.w.org\/{rel}","templated":true}]}}