{"id":7531,"date":"2024-01-22T22:42:58","date_gmt":"2024-01-22T22:42:58","guid":{"rendered":"https:\/\/www.ngdcare.nl\/product\/sem%20categoria\/quercetina-msm-lipossomica-equilibrio-da-histamina-lipossomica\/"},"modified":"2026-04-07T15:58:10","modified_gmt":"2026-04-07T13:58:10","slug":"quercetina-msm-lipossomica-equilibrio-da-histamina-lipossomica","status":"publish","type":"product","link":"https:\/\/www.ngdcare.nl\/pt-pt\/product\/farmacia-natural-para-animais-de-estimacao\/lipossomica\/quercetina-msm-lipossomica-equilibrio-da-histamina-lipossomica\/","title":{"rendered":"Quercetina MSM Liposs\u00f3mica \u2013 Equil\u00edbrio da histamina liposs\u00f3mica"},"content":{"rendered":"<p style=\"font-weight: 400;\">O <strong>equil\u00edbrio de histamina<\/strong> <strong>lipossomal<\/strong> \u00e9 um suplemento alimentar avan\u00e7ado para animais da NGD Care, especialmente desenvolvido para animais com alergias, problemas de pele ou inflama\u00e7\u00e3o cr\u00f3nica. Combina MSM (metilsulfonilmetano) e quercetina, ambos conhecidos pelas suas propriedades anti-inflamat\u00f3rias, antioxidantes e anti-histam\u00ednicas. <\/p>\n<p style=\"font-weight: 400;\">A administra\u00e7\u00e3o lipossomal aumenta a biodisponibilidade, o que assegura a absor\u00e7\u00e3o \u00f3tima das subst\u00e2ncias ativas no corpo do c\u00e3o ou gato. Isto torna este suplemento particularmente eficaz para queixas associadas a rea\u00e7\u00f5es de hipersensibilidade, como comich\u00e3o, eczema, atopia, febre do feno, bronquite ou rinite cr\u00f3nica. <\/p>\n<p style=\"font-weight: 400;\">Para al\u00e9m do seu compromisso com a alergia e inflama\u00e7\u00e3o, este suplemento tamb\u00e9m apoia a sa\u00fade das articula\u00e7\u00f5es, o sistema imunit\u00e1rio, a circula\u00e7\u00e3o sangu\u00ednea e o processo de envelhecimento, tornando-o um suplemento valioso tanto para animais jovens como para idosos.<\/p>\n","protected":false},"excerpt":{"rendered":"<div>\n<p class=\"p3\">Combina\u00e7\u00e3o liposs\u00f3mica de MSM e quercetina para c\u00e3es e gatos. Suporta alergia, eczema, comich\u00e3o, problemas respirat\u00f3rios e inflama\u00e7\u00e3o. <\/p>\n<\/div>\n","protected":false},"featured_media":17780,"comment_status":"open","ping_status":"closed","template":"","meta":[],"product_brand":[],"product_cat":[2178,1986,2849,1945,1814],"product_tag":[3187,1816,4378,4380,2815,1818,1820,4379,1951,3193,1988,3183,1847,3184,1949],"merken":[],"class_list":{"0":"post-7531","1":"product","2":"type-product","3":"status-publish","4":"has-post-thumbnail","6":"product_cat-anti-inflamatorios","7":"product_cat-lipossomica","8":"product_cat-pele-e-pelo","9":"product_cat-sistema-imunitario","10":"product_cat-suplementos-ortomoleculares","11":"product_tag-alergia-pt-pt","12":"product_tag-animais","13":"product_tag-anti-histaminicos","14":"product_tag-anti-histaminicos-naturais","15":"product_tag-anti-inflamatorio-natural","16":"product_tag-caes","17":"product_tag-gatos","18":"product_tag-histamina","19":"product_tag-holistica","20":"product_tag-inflamacao","21":"product_tag-lipossomica","22":"product_tag-msm-pt-pt","23":"product_tag-ngd-suplementos-de-cuidados","24":"product_tag-quercetina-pt-pt","25":"product_tag-sistema-imunitario","26":"infinite-scroll-item","27":"sales-flash-overlay","28":"woocommerce-text-align-center","29":"woocommerce-image-align-center","30":"do-quantity-buttons","32":"first","33":"instock","34":"taxable","35":"shipping-taxable","36":"purchasable","37":"product-type-simple"},"_links":{"self":[{"href":"https:\/\/www.ngdcare.nl\/pt-pt\/wp-json\/wp\/v2\/product\/7531","targetHints":{"allow":["GET"]}}],"collection":[{"href":"https:\/\/www.ngdcare.nl\/pt-pt\/wp-json\/wp\/v2\/product"}],"about":[{"href":"https:\/\/www.ngdcare.nl\/pt-pt\/wp-json\/wp\/v2\/types\/product"}],"replies":[{"embeddable":true,"href":"https:\/\/www.ngdcare.nl\/pt-pt\/wp-json\/wp\/v2\/comments?post=7531"}],"wp:featuredmedia":[{"embeddable":true,"href":"https:\/\/www.ngdcare.nl\/pt-pt\/wp-json\/wp\/v2\/media\/17780"}],"wp:attachment":[{"href":"https:\/\/www.ngdcare.nl\/pt-pt\/wp-json\/wp\/v2\/media?parent=7531"}],"wp:term":[{"taxonomy":"product_brand","embeddable":true,"href":"https:\/\/www.ngdcare.nl\/pt-pt\/wp-json\/wp\/v2\/product_brand?post=7531"},{"taxonomy":"product_cat","embeddable":true,"href":"https:\/\/www.ngdcare.nl\/pt-pt\/wp-json\/wp\/v2\/product_cat?post=7531"},{"taxonomy":"product_tag","embeddable":true,"href":"https:\/\/www.ngdcare.nl\/pt-pt\/wp-json\/wp\/v2\/product_tag?post=7531"},{"taxonomy":"merken","embeddable":true,"href":"https:\/\/www.ngdcare.nl\/pt-pt\/wp-json\/wp\/v2\/merken?post=7531"}],"curies":[{"name":"wp","href":"https:\/\/api.w.org\/{rel}","templated":true}]}}