{"id":7576,"date":"2024-01-22T22:38:34","date_gmt":"2024-01-22T22:38:34","guid":{"rendered":"https:\/\/www.ngdcare.nl\/product\/sem%20categoria\/nad-resveratrol-e-ergotioneina-suporte-a-longevidade-lipossomica\/"},"modified":"2026-04-07T16:01:31","modified_gmt":"2026-04-07T14:01:31","slug":"nad-resveratrol-e-ergotioneina-suporte-a-longevidade-lipossomica","status":"publish","type":"product","link":"https:\/\/www.ngdcare.nl\/pt-pt\/product\/farmacia-natural-para-animais-de-estimacao\/lipossomica\/nad-resveratrol-e-ergotioneina-suporte-a-longevidade-lipossomica\/","title":{"rendered":"NAD liposs\u00f3mico, resveratrol e ergotione\u00edna \u2013 suporte de longevidade"},"content":{"rendered":"<p style=\"font-weight: 400;\"><strong>NGD Care \u2013 Longevity Support<\/strong> \u00e9 uma f\u00f3rmula avan\u00e7ada que ajuda a abrandar o envelhecimento celular nos animais, apoiando a produ\u00e7\u00e3o de energia, repara\u00e7\u00e3o do ADN, inibi\u00e7\u00e3o da inflama\u00e7\u00e3o e neuroprote\u00e7\u00e3o. A combina\u00e7\u00e3o de NAD, resveratrol e ergotionina foi especialmente desenvolvida para c\u00e3es e gatos e proporciona um efeito sin\u00e9rgico ao n\u00edvel celular. Gra\u00e7as \u00e0 forma doss\u00f3mica lipossomal, as subst\u00e2ncias s\u00e3o absorvidas de forma \u00f3tima, protegidas contra o \u00e1cido do est\u00f4mago e libertadas de forma uniforme.  <\/p>\n<p style=\"font-weight: 400;\"><strong>NAD <\/strong>(nicotinamida adenina dinucle\u00f3tido) \u00e9 uma coenzima envolvida em mais de 400 processos bioqu\u00edmicos, incluindo metabolismo energ\u00e9tico, repara\u00e7\u00e3o do ADN, divis\u00e3o celular e ativa\u00e7\u00e3o da sirtuina. A produ\u00e7\u00e3o natural de NAD diminui drasticamente desde a idade adulta jovem (j\u00e1 aos 3-4 anos de idade nos c\u00e3es), o que contribui para o envelhecimento celular acelerado. <\/p>\n<p style=\"font-weight: 400;\"><strong>Resveratrol<\/strong> atua como um catalisador de NAD e ativa a enzima <strong>sirtu\u00edna-1<\/strong>, que est\u00e1 envolvida na sa\u00fade mitocondrial, renova\u00e7\u00e3o celular, e extens\u00e3o da vida \u00fatil. O resveratrol \u00e9 um poderoso antioxidante com propriedades antivirais, antibacterianas e anti-inflamat\u00f3rias. <\/p>\n<p style=\"font-weight: 400;\"><strong>A ergotione\u00edna<\/strong>, um amino\u00e1cido contendo enxofre dos cogumelos (incluindo os cogumelos Maitake e ostra), atravessa a barreira hematoencef\u00e1lica e protege as c\u00e9lulas dos danos oxidativos. Est\u00e1 a ser estudada em rela\u00e7\u00e3o a doen\u00e7as neurodegenerativas como a doen\u00e7a de Alzheimer e Parkinson em seres humanos, al\u00e9m de ter benef\u00edcios cardiovasculares e metab\u00f3licos comprovados. <\/p>\n<p style=\"font-weight: 400;\">Esta combina\u00e7\u00e3o apoia o corpo em m\u00faltiplos n\u00edveis \u2014 do c\u00e9rebro ao cora\u00e7\u00e3o e ao intestino \u2014 e contribui para um processo de envelhecimento mais lento, aumento da vitalidade e melhoria da sa\u00fade a longo prazo.<\/p>\n","protected":false},"excerpt":{"rendered":"<p style=\"font-weight: 400;\">Combina\u00e7\u00e3o liposs\u00f3mica de NAD, resveratrol e ergotione\u00edna. Suporta processos de energia, renova\u00e7\u00e3o celular e envelhecimento em c\u00e3es e gatos. Anti-envelhecimento a n\u00edvel celular.  <\/p>\n<p style=\"font-weight: 400;\">\n","protected":false},"featured_media":17791,"comment_status":"open","ping_status":"closed","template":"","meta":[],"product_brand":[],"product_cat":[2178,1986,1945,1814,2177],"product_tag":[1816,2248,1818,4473,1820,1988,2191,4471,1847,4475,3517,4474,4472,4476,1949,4470],"merken":[],"class_list":{"0":"post-7576","1":"product","2":"type-product","3":"status-publish","4":"has-post-thumbnail","6":"product_cat-anti-inflamatorios","7":"product_cat-lipossomica","8":"product_cat-sistema-imunitario","9":"product_cat-suplementos-ortomoleculares","10":"product_cat-vitalidade-geral","11":"product_tag-animais","12":"product_tag-antioxidante-pt-pt","13":"product_tag-caes","14":"product_tag-ergotioneina","15":"product_tag-gatos","16":"product_tag-lipossomica","17":"product_tag-longevidade","18":"product_tag-nad-pt-pt","19":"product_tag-ngd-suplementos-de-cuidados","20":"product_tag-regeneracao-celular","21":"product_tag-rejuvenescimento","22":"product_tag-reparacao-do-adn","23":"product_tag-resveratrol-pt-pt","24":"product_tag-saude-celular","25":"product_tag-sistema-imunitario","26":"product_tag-vitalidade-geral","27":"infinite-scroll-item","28":"sales-flash-overlay","29":"woocommerce-text-align-center","30":"woocommerce-image-align-center","31":"do-quantity-buttons","33":"first","34":"instock","35":"taxable","36":"shipping-taxable","37":"purchasable","38":"product-type-simple"},"_links":{"self":[{"href":"https:\/\/www.ngdcare.nl\/pt-pt\/wp-json\/wp\/v2\/product\/7576","targetHints":{"allow":["GET"]}}],"collection":[{"href":"https:\/\/www.ngdcare.nl\/pt-pt\/wp-json\/wp\/v2\/product"}],"about":[{"href":"https:\/\/www.ngdcare.nl\/pt-pt\/wp-json\/wp\/v2\/types\/product"}],"replies":[{"embeddable":true,"href":"https:\/\/www.ngdcare.nl\/pt-pt\/wp-json\/wp\/v2\/comments?post=7576"}],"wp:featuredmedia":[{"embeddable":true,"href":"https:\/\/www.ngdcare.nl\/pt-pt\/wp-json\/wp\/v2\/media\/17791"}],"wp:attachment":[{"href":"https:\/\/www.ngdcare.nl\/pt-pt\/wp-json\/wp\/v2\/media?parent=7576"}],"wp:term":[{"taxonomy":"product_brand","embeddable":true,"href":"https:\/\/www.ngdcare.nl\/pt-pt\/wp-json\/wp\/v2\/product_brand?post=7576"},{"taxonomy":"product_cat","embeddable":true,"href":"https:\/\/www.ngdcare.nl\/pt-pt\/wp-json\/wp\/v2\/product_cat?post=7576"},{"taxonomy":"product_tag","embeddable":true,"href":"https:\/\/www.ngdcare.nl\/pt-pt\/wp-json\/wp\/v2\/product_tag?post=7576"},{"taxonomy":"merken","embeddable":true,"href":"https:\/\/www.ngdcare.nl\/pt-pt\/wp-json\/wp\/v2\/merken?post=7576"}],"curies":[{"name":"wp","href":"https:\/\/api.w.org\/{rel}","templated":true}]}}