{"id":7586,"date":"2024-01-22T22:13:28","date_gmt":"2024-01-22T22:13:28","guid":{"rendered":"https:\/\/www.ngdcare.nl\/product\/sem%20categoria\/chlorella-spirulina-e-alfafa-green-detox\/"},"modified":"2026-04-07T16:07:17","modified_gmt":"2026-04-07T14:07:17","slug":"chlorella-spirulina-e-alfafa-green-detox","status":"publish","type":"product","link":"https:\/\/www.ngdcare.nl\/pt-pt\/veterinary-health\/supplementen-dier\/chlorella-spirulina-e-alfafa-green-detox\/chlorella-spirulina-e-alfafa-green-detox\/","title":{"rendered":"Chlorella, spirulina e alfafa \u2013 Green detox"},"content":{"rendered":"<p style=\"font-weight: 400;\"><strong>NGD Care \u2013 Green Detox<\/strong> \u00e9 uma f\u00f3rmula poderosa de superalimentos com clorela, spirulina e alfafa. Esta combina\u00e7\u00e3o foi especificamente formulada para ajudar o corpo a desintoxicar-se, aumentar a energia e apoiar a fun\u00e7\u00e3o imunit\u00e1ria em c\u00e3es e gatos. Devido aos elevados n\u00edveis de vitaminas, minerais, antioxidantes e amino\u00e1cidos essenciais, este suplemento \u00e9 muito adequado ap\u00f3s doen\u00e7as, fadiga ou uma carga t\u00f3xica aumentada.  <\/p>\n<ul>\n<li><strong>A chlorella<\/strong> \u00e9 rica em clorofila e tem uma forte liga\u00e7\u00e3o com metais pesados como merc\u00fario, chumbo e c\u00e1dmio. Al\u00e9m disso, cont\u00e9m v\u00e1rias vitaminas do complexo B, vitaminas C, E e K, minerais como c\u00e1lcio, zinco e magn\u00e9sio, enzimas e betacaroteno. <\/li>\n<li><strong>A spirulina<\/strong> \u00e9 uma alga de \u00e1gua salgada com um teor proteico muito elevado (incluindo todos os amino\u00e1cidos essenciais) e poderosos antioxidantes como a <strong>ficocianina<\/strong>. Suporta o sistema imunit\u00e1rio, hep\u00e1tico e cardiovascular, entre outras coisas. <\/li>\n<li><strong>A alfafa<\/strong>, ou alfafa, \u00e9 rica em oligominerais, vitaminas e fitonutrientes, e contribui para uma melhor digest\u00e3o, metabolismo e resist\u00eancia.<\/li>\n<\/ul>\n","protected":false},"excerpt":{"rendered":"<div>\n<p class=\"p3\">F\u00f3rmula detox sin\u00e9rgica \u00e0 base de chlorella, spirulina e alfafa. Apoia a desintoxica\u00e7\u00e3o, energia e resist\u00eancia em animais. <\/p>\n<\/div>\n","protected":false},"featured_media":17813,"comment_status":"open","ping_status":"closed","template":"","meta":{"wds_primary_product_brand":0,"wds_primary_product_cat":187,"wds_primary_merken":0},"product_brand":[],"product_cat":[16,187,23],"product_tag":[4539,1816,2248,1818,4535,4162,2253,1820,4542,1847,1953,4537,4541,1948],"merken":[],"class_list":{"0":"post-7586","1":"product","2":"type-product","3":"status-publish","4":"has-post-thumbnail","6":"product_cat-spijsvertering","7":"product_cat-supplementen-dier","8":"product_cat-vitaminen-en-mineralen","9":"product_tag-alfafa","10":"product_tag-animais","11":"product_tag-antioxidante-pt-pt","12":"product_tag-caes","13":"product_tag-chlorella-pt-pt","14":"product_tag-desintoxicacao-pt-pt","15":"product_tag-desintoxicacao","16":"product_tag-gatos","17":"product_tag-metais-pesados","18":"product_tag-ngd-suplementos-de-cuidados","19":"product_tag-saude-intestinal","20":"product_tag-spirulina-pt-pt","21":"product_tag-superalimento-pt-pt","22":"product_tag-suplemento-pt-pt","23":"infinite-scroll-item","24":"sales-flash-overlay","25":"woocommerce-text-align-center","26":"woocommerce-image-align-center","27":"do-quantity-buttons","29":"first","30":"instock","31":"taxable","32":"shipping-taxable","33":"purchasable","34":"product-type-simple"},"_links":{"self":[{"href":"https:\/\/www.ngdcare.nl\/pt-pt\/wp-json\/wp\/v2\/product\/7586","targetHints":{"allow":["GET"]}}],"collection":[{"href":"https:\/\/www.ngdcare.nl\/pt-pt\/wp-json\/wp\/v2\/product"}],"about":[{"href":"https:\/\/www.ngdcare.nl\/pt-pt\/wp-json\/wp\/v2\/types\/product"}],"replies":[{"embeddable":true,"href":"https:\/\/www.ngdcare.nl\/pt-pt\/wp-json\/wp\/v2\/comments?post=7586"}],"wp:featuredmedia":[{"embeddable":true,"href":"https:\/\/www.ngdcare.nl\/pt-pt\/wp-json\/wp\/v2\/media\/17813"}],"wp:attachment":[{"href":"https:\/\/www.ngdcare.nl\/pt-pt\/wp-json\/wp\/v2\/media?parent=7586"}],"wp:term":[{"taxonomy":"product_brand","embeddable":true,"href":"https:\/\/www.ngdcare.nl\/pt-pt\/wp-json\/wp\/v2\/product_brand?post=7586"},{"taxonomy":"product_cat","embeddable":true,"href":"https:\/\/www.ngdcare.nl\/pt-pt\/wp-json\/wp\/v2\/product_cat?post=7586"},{"taxonomy":"product_tag","embeddable":true,"href":"https:\/\/www.ngdcare.nl\/pt-pt\/wp-json\/wp\/v2\/product_tag?post=7586"},{"taxonomy":"merken","embeddable":true,"href":"https:\/\/www.ngdcare.nl\/pt-pt\/wp-json\/wp\/v2\/merken?post=7586"}],"curies":[{"name":"wp","href":"https:\/\/api.w.org\/{rel}","templated":true}]}}