{"id":8789,"date":"2025-10-02T20:07:09","date_gmt":"2025-10-02T18:07:09","guid":{"rendered":"https:\/\/www.ngdcare.nl\/?post_type=product&#038;p=8789"},"modified":"2025-10-02T22:06:07","modified_gmt":"2025-10-02T20:06:07","slug":"essencia-do-alinhamento-interior-chakra-1-4-e-7-kopie","status":"publish","type":"product","link":"https:\/\/www.ngdcare.nl\/pt-pt\/product\/human-health\/florais-remedios-pt-pt\/essencia-do-alinhamento-interior-chakra-1-4-e-7-kopie\/","title":{"rendered":"Ess\u00eancia do Alinhamento Interior \u2013 Chakra 1, 4 e 7"},"content":{"rendered":"<p data-start=\"437\" data-end=\"757\"><strong data-start=\"437\" data-end=\"456\">O Alinhamento Interior<\/strong> \u00e9 uma ess\u00eancia floral cuidadosamente composta com base no eixo do <strong data-start=\"531\" data-end=\"572\">1\u00ba chakra (corporifica\u00e7\u00e3o e seguran\u00e7a),<\/strong> do <strong data-start=\"578\" data-end=\"614\">4\u00ba chakra (amor e conex\u00e3o)<\/strong> e do <strong data-start=\"622\" data-end=\"660\">7\u00ba chakra (consci\u00eancia e intui\u00e7\u00e3o).<\/strong> Esta trindade interior forma a base para o equil\u00edbrio, o amor pr\u00f3prio e a sintonia espiritual. <\/p>\n<p data-start=\"759\" data-end=\"1014\">O rem\u00e9dio \u00e9 particularmente adequado para <strong data-start=\"797\" data-end=\"833\">pessoas altamente sens\u00edveis e crian\u00e7as<\/strong> que t\u00eam dificuldade em pousar firmemente em seus corpos ou s\u00e3o facilmente superestimuladas. O Alinhamento Interior tamb\u00e9m pode oferecer suporte para sentimentos de solid\u00e3o, luto ou aliena\u00e7\u00e3o. <\/p>\n<p data-start=\"1016\" data-end=\"1103\">Ao combinar 12 flores cuidadosamente selecionadas, o Alinhamento Interior ajuda a:<\/p>\n<ul data-start=\"1104\" data-end=\"1276\">\n<li data-start=\"1104\" data-end=\"1166\">\n<p data-start=\"1106\" data-end=\"1166\"><strong data-start=\"1116\" data-end=\"1127\">Para aterrar<\/strong> mais fundo e sentir-se seguro no seu corpo<\/p>\n<\/li>\n<li data-start=\"1167\" data-end=\"1221\">\n<p data-start=\"1169\" data-end=\"1221\"><strong data-start=\"1173\" data-end=\"1191\">Abrindo o cora\u00e7\u00e3o para a<\/strong> conex\u00e3o amorosa<\/p>\n<\/li>\n<li data-start=\"1222\" data-end=\"1276\">\n<p data-start=\"1224\" data-end=\"1276\"><strong data-start=\"1230\" data-end=\"1262\">Conectando-se com seu Eu Superior e intui\u00e7\u00e3o<\/strong><\/p>\n<\/li>\n<\/ul>\n<p data-start=\"1278\" data-end=\"1401\">Esta ess\u00eancia convida-o a n\u00e3o mais sobreviver, mas a viver a vida ao m\u00e1ximo \u2013 da paz interior, amor e confian\u00e7a.<\/p>\n<p data-start=\"1403\" data-end=\"1448\"><strong data-start=\"1403\" data-end=\"1446\">Aplica\u00e7\u00e3o em adultos e crian\u00e7as:<\/strong><\/p>\n<ul data-start=\"1449\" data-end=\"1676\">\n<li data-start=\"1449\" data-end=\"1490\">\n<p data-start=\"1451\" data-end=\"1490\">No luto, na solid\u00e3o ou na aliena\u00e7\u00e3o<\/p>\n<\/li>\n<li data-start=\"1491\" data-end=\"1567\">\n<p data-start=\"1493\" data-end=\"1567\">Para crian\u00e7as altamente sens\u00edveis que t\u00eam dificuldade com est\u00edmulos ou seguran\u00e7a<\/p>\n<\/li>\n<li data-start=\"1568\" data-end=\"1611\">\n<p data-start=\"1570\" data-end=\"1611\">Ao lutar com amor pr\u00f3prio e conex\u00e3o<\/p>\n<\/li>\n<li data-start=\"1612\" data-end=\"1676\">\n<p data-start=\"1614\" data-end=\"1676\">Como apoio em per\u00edodos de desequil\u00edbrio espiritual ou emocional<\/p>\n<\/li>\n<\/ul>\n<p data-start=\"1678\" data-end=\"1711\"><strong data-start=\"1678\" data-end=\"1709\">Cont\u00e9m as seguintes flores:<\/strong><\/p>\n<ul data-start=\"1712\" data-end=\"2454\">\n<li data-start=\"1712\" data-end=\"1785\">\n<p data-start=\"1714\" data-end=\"1785\"><strong data-start=\"1714\" data-end=\"1729\">Flor da m\u00e1scara<\/strong> \u2013 libera\u00e7\u00e3o de mecanismos de prote\u00e7\u00e3o, aterramento profundo<\/p>\n<\/li>\n<li data-start=\"1786\" data-end=\"1836\">\n<p data-start=\"1788\" data-end=\"1836\"><strong data-start=\"1788\" data-end=\"1806\">Borragem<\/strong> \u2013 coragem, conforto e gentileza<\/p>\n<\/li>\n<li data-start=\"1837\" data-end=\"1900\">\n<p data-start=\"1839\" data-end=\"1900\"><strong data-start=\"1839\" data-end=\"1853\">L\u00edrio de \u00c1gua<\/strong> \u2013 conecta o corpo et\u00e9rico com o f\u00edsico<\/p>\n<\/li>\n<li data-start=\"1901\" data-end=\"1962\">\n<p data-start=\"1903\" data-end=\"1962\"><strong data-start=\"1903\" data-end=\"1917\">Immortelle<\/strong> \u2013 cura c\u00e1rmica, fortalece o aterramento da alma<\/p>\n<\/li>\n<li data-start=\"1963\" data-end=\"2019\">\n<p data-start=\"1965\" data-end=\"2019\"><strong data-start=\"1965\" data-end=\"1975\">Equil\u00edbrio<\/strong> \u2013 harmoniza sentir, pensar e agir<\/p>\n<\/li>\n<li data-start=\"2020\" data-end=\"2075\">\n<p data-start=\"2022\" data-end=\"2075\"><strong data-start=\"2022\" data-end=\"2042\">Flor de cuco do dia<\/strong> \u2013 coragem para se abrir<\/p>\n<\/li>\n<li data-start=\"2076\" data-end=\"2142\">\n<p data-start=\"2078\" data-end=\"2142\"><strong data-start=\"2078\" data-end=\"2104\">Rainha das Costas<\/strong> \u2013 abre o cora\u00e7\u00e3o e coroa do amor<\/p>\n<\/li>\n<li data-start=\"2143\" data-end=\"2216\">\n<p data-start=\"2145\" data-end=\"2216\"><strong data-start=\"2145\" data-end=\"2166\">Estrela de Bel\u00e9m<\/strong> \u2013 cura de traumas profundos, restaura\u00e7\u00e3o da linha da alma<\/p>\n<\/li>\n<li data-start=\"2217\" data-end=\"2275\">\n<p data-start=\"2219\" data-end=\"2275\"><strong data-start=\"2219\" data-end=\"2235\">Knotweed<\/strong> \u2013 fortalece a conex\u00e3o cosmos terrestre \u2194<\/p>\n<\/li>\n<li data-start=\"2276\" data-end=\"2338\">\n<p data-start=\"2278\" data-end=\"2338\"><strong data-start=\"2278\" data-end=\"2295\">Yellow May Flower<\/strong> \u2013 abertura suave e limpa da coroa<\/p>\n<\/li>\n<li data-start=\"2339\" data-end=\"2390\">\n<p data-start=\"2341\" data-end=\"2390\"><strong data-start=\"2341\" data-end=\"2354\">3-Unidade<\/strong> \u2013 conecta corpo, alma e esp\u00edrito<\/p>\n<\/li>\n<li data-start=\"2391\" data-end=\"2454\">\n<p data-start=\"2393\" data-end=\"2454\"><strong data-start=\"2393\" data-end=\"2417\">Kruidje Roerje Me Niet<\/strong> \u2013 prote\u00e7\u00e3o contra a superestimula\u00e7\u00e3o<\/p>\n<\/li>\n<\/ul>\n","protected":false},"excerpt":{"rendered":"<p>Ess\u00eancia floral para aterramento profundo, abertura do cora\u00e7\u00e3o e conex\u00e3o interior. Apoia adultos e crian\u00e7as com alta sensibilidade, superestimula\u00e7\u00e3o e recupera\u00e7\u00e3o emocional. <\/p>\n","protected":false},"featured_media":5497,"comment_status":"open","ping_status":"closed","template":"","meta":{"wds_primary_product_brand":0,"wds_primary_product_cat":0,"wds_primary_merken":0},"product_brand":[],"product_cat":[4707],"product_tag":[3623,3616,3625,3614,3624,3620,3230,3622,3231,3619],"merken":[],"class_list":{"0":"post-8789","1":"product","2":"type-product","3":"status-publish","4":"has-post-thumbnail","6":"product_cat-florais-remedios-pt-pt","7":"product_tag-abertura-do-coracao","8":"product_tag-alinhamento-interno","9":"product_tag-alta-sensibilidade","10":"product_tag-chakra-1-4-7-pt-pt","11":"product_tag-chakra-coronario","12":"product_tag-conexao-espiritual","13":"product_tag-essencia-floral","14":"product_tag-ligacao-a-terra","15":"product_tag-ngd-care-flores","16":"product_tag-star-remedios","17":"infinite-scroll-item","18":"sales-flash-overlay","19":"woocommerce-text-align-center","20":"woocommerce-image-align-center","21":"do-quantity-buttons","23":"first","24":"instock","25":"taxable","26":"shipping-taxable","27":"purchasable","28":"product-type-simple"},"_links":{"self":[{"href":"https:\/\/www.ngdcare.nl\/pt-pt\/wp-json\/wp\/v2\/product\/8789","targetHints":{"allow":["GET"]}}],"collection":[{"href":"https:\/\/www.ngdcare.nl\/pt-pt\/wp-json\/wp\/v2\/product"}],"about":[{"href":"https:\/\/www.ngdcare.nl\/pt-pt\/wp-json\/wp\/v2\/types\/product"}],"replies":[{"embeddable":true,"href":"https:\/\/www.ngdcare.nl\/pt-pt\/wp-json\/wp\/v2\/comments?post=8789"}],"wp:featuredmedia":[{"embeddable":true,"href":"https:\/\/www.ngdcare.nl\/pt-pt\/wp-json\/wp\/v2\/media\/5497"}],"wp:attachment":[{"href":"https:\/\/www.ngdcare.nl\/pt-pt\/wp-json\/wp\/v2\/media?parent=8789"}],"wp:term":[{"taxonomy":"product_brand","embeddable":true,"href":"https:\/\/www.ngdcare.nl\/pt-pt\/wp-json\/wp\/v2\/product_brand?post=8789"},{"taxonomy":"product_cat","embeddable":true,"href":"https:\/\/www.ngdcare.nl\/pt-pt\/wp-json\/wp\/v2\/product_cat?post=8789"},{"taxonomy":"product_tag","embeddable":true,"href":"https:\/\/www.ngdcare.nl\/pt-pt\/wp-json\/wp\/v2\/product_tag?post=8789"},{"taxonomy":"merken","embeddable":true,"href":"https:\/\/www.ngdcare.nl\/pt-pt\/wp-json\/wp\/v2\/merken?post=8789"}],"curies":[{"name":"wp","href":"https:\/\/api.w.org\/{rel}","templated":true}]}}