{"id":8801,"date":"2025-10-02T21:50:46","date_gmt":"2025-10-02T19:50:46","guid":{"rendered":"https:\/\/www.ngdcare.nl\/?post_type=product&#038;p=8801"},"modified":"2025-10-02T22:03:30","modified_gmt":"2025-10-02T20:03:30","slug":"essencia-do-sentimento-intestinal-chakra-3-e-6-kopie-2","status":"publish","type":"product","link":"https:\/\/www.ngdcare.nl\/pt-pt\/product\/human-health\/florais-remedios-pt-pt\/essencia-do-sentimento-intestinal-chakra-3-e-6-kopie-2\/","title":{"rendered":"Ess\u00eancia do sentimento intestinal \u2013 Chakra 3 e 6"},"content":{"rendered":"<p data-start=\"458\" data-end=\"660\"><strong data-start=\"458\" data-end=\"473\">Gut Feeling<\/strong> \u00e9 uma ess\u00eancia floral cuidadosamente composta que conecta o <strong data-start=\"529\" data-end=\"591\">terceiro chakra (for\u00e7a pessoal, determina\u00e7\u00e3o e dire\u00e7\u00e3o)<\/strong> e o <strong data-start=\"599\" data-end=\"637\">sexto chakra (intui\u00e7\u00e3o e perce\u00e7\u00e3o).<\/strong><\/p>\n<p data-start=\"662\" data-end=\"1040\">Este rem\u00e9dio destina-se a pessoas que t\u00eam dificuldade em fazer escolhas, s\u00e3o inseguras ou est\u00e3o muito \u201cna cabe\u00e7a&#8221;. O terceiro chakra representa for\u00e7a de vontade e dire\u00e7\u00e3o, enquanto o sexto chakra est\u00e1 ligado \u00e0 perce\u00e7\u00e3o intuitiva e ao conhecimento interior. Quando esses centros se tornam desequilibrados, isso pode levar \u00e0 confus\u00e3o, indecis\u00e3o ou controle excessivo.  <\/p>\n<p data-start=\"1042\" data-end=\"1187\">O Gut Feeling ajuda a harmonizar o pensar, o sentir e o fazer uns com os outros \u2013 para que as escolhas possam ser feitas a partir de uma b\u00fassola interior pura.<\/p>\n<p data-start=\"1189\" data-end=\"1477\"><strong data-start=\"1189\" data-end=\"1206\">Para crian\u00e7as<\/strong><br data-start=\"1206\" data-end=\"1209\">Crian\u00e7as sens\u00edveis a est\u00edmulos ou com dificuldade de autoconfian\u00e7a podem se beneficiar desse rem\u00e9dio. Ajuda-os a confiar melhor nos seus pr\u00f3prios sentimentos, a serem menos guiados pelo medo ou medo do fracasso e a seguirem a sua intui\u00e7\u00e3o de uma forma l\u00fadica. <\/p>\n<p data-start=\"1479\" data-end=\"1524\"><strong data-start=\"1479\" data-end=\"1522\">Aplica\u00e7\u00e3o em adultos e crian\u00e7as:<\/strong><\/p>\n<ul data-start=\"1525\" data-end=\"1732\">\n<li data-start=\"1525\" data-end=\"1551\">\n<p data-start=\"1527\" data-end=\"1551\">Em caso de stress e preocupa\u00e7\u00e3o<\/p>\n<\/li>\n<li data-start=\"1552\" data-end=\"1589\">\n<p data-start=\"1554\" data-end=\"1589\">Em caso de medo de falhar ou indecis\u00e3o<\/p>\n<\/li>\n<li data-start=\"1590\" data-end=\"1637\">\n<p data-start=\"1592\" data-end=\"1637\">Em caso de bloqueios na autoconfian\u00e7a ou intui\u00e7\u00e3o<\/p>\n<\/li>\n<li data-start=\"1638\" data-end=\"1680\">\n<p data-start=\"1640\" data-end=\"1680\">Em caso de hiperestimula\u00e7\u00e3o e alta sensibilidade<\/p>\n<\/li>\n<li data-start=\"1681\" data-end=\"1732\">\n<p data-start=\"1683\" data-end=\"1732\">Como suporte para burnout e exaust\u00e3o emocional<\/p>\n<\/li>\n<\/ul>\n<p data-start=\"1734\" data-end=\"1767\"><strong data-start=\"1734\" data-end=\"1765\">Cont\u00e9m as seguintes flores:<\/strong><\/p>\n<ul data-start=\"1768\" data-end=\"2441\">\n<li data-start=\"1768\" data-end=\"1816\">\n<p data-start=\"1770\" data-end=\"1816\"><strong data-start=\"1770\" data-end=\"1783\">Leadwort<\/strong> \u2013 a\u00e7\u00e3o e dire\u00e7\u00e3o intuitivas<\/p>\n<\/li>\n<li data-start=\"1817\" data-end=\"1864\">\n<p data-start=\"1819\" data-end=\"1864\"><strong data-start=\"1819\" data-end=\"1835\">Salsa de vaca<\/strong> \u2013 autoexpress\u00e3o relaxada<\/p>\n<\/li>\n<li data-start=\"1865\" data-end=\"1939\">\n<p data-start=\"1867\" data-end=\"1939\"><strong data-start=\"1867\" data-end=\"1884\">Arbusto de borboleta<\/strong> \u2013 for\u00e7a interior, libertando-se de velhas cren\u00e7as<\/p>\n<\/li>\n<li data-start=\"1940\" data-end=\"1995\">\n<p data-start=\"1942\" data-end=\"1995\"><strong data-start=\"1942\" data-end=\"1957\">Wild Apple<\/strong> \u2013 limpeza da autoimagem limitante<\/p>\n<\/li>\n<li data-start=\"1996\" data-end=\"2060\">\n<p data-start=\"1998\" data-end=\"2060\"><strong data-start=\"1998\" data-end=\"2019\">Estrela de Bel\u00e9m<\/strong> \u2013 recupera\u00e7\u00e3o ap\u00f3s choque, trauma ou burnout<\/p>\n<\/li>\n<li data-start=\"2061\" data-end=\"2110\">\n<p data-start=\"2063\" data-end=\"2110\"><strong data-start=\"2063\" data-end=\"2078\">Cal\u00eandula do p\u00e2ntano<\/strong> \u2013 ativa\u00e7\u00e3o do terceiro olho<\/p>\n<\/li>\n<li data-start=\"2111\" data-end=\"2163\">\n<p data-start=\"2113\" data-end=\"2163\"><strong data-start=\"2113\" data-end=\"2125\">A Crian\u00e7a<\/strong> \u2013 confian\u00e7a em impulsos intuitivos<\/p>\n<\/li>\n<li data-start=\"2164\" data-end=\"2214\">\n<p data-start=\"2166\" data-end=\"2214\"><strong data-start=\"2166\" data-end=\"2176\">Ismene<\/strong> \u2013 sensibilidade, conhecimento interior<\/p>\n<\/li>\n<li data-start=\"2215\" data-end=\"2264\">\n<p data-start=\"2217\" data-end=\"2264\"><strong data-start=\"2217\" data-end=\"2230\">Hort\u00eansia<\/strong> \u2013 equil\u00edbrio entre cabe\u00e7a e sentimento<\/p>\n<\/li>\n<li data-start=\"2265\" data-end=\"2325\">\n<p data-start=\"2267\" data-end=\"2325\"><strong data-start=\"2267\" data-end=\"2281\">Immortelle<\/strong> \u2013 mem\u00f3ria da alma, aprofundamento espiritual<\/p>\n<\/li>\n<li data-start=\"2326\" data-end=\"2377\">\n<p data-start=\"2328\" data-end=\"2377\"><strong data-start=\"2328\" data-end=\"2338\">Equil\u00edbrio<\/strong> \u2013 harmoniza vontade, pensamento e sentimento<\/p>\n<\/li>\n<li data-start=\"2378\" data-end=\"2441\">\n<p data-start=\"2380\" data-end=\"2441\"><strong data-start=\"2380\" data-end=\"2404\">Kruidje Roerje Me Niet<\/strong> \u2013 prote\u00e7\u00e3o contra a superestimula\u00e7\u00e3o<\/p>\n<\/li>\n<\/ul>\n","protected":false},"excerpt":{"rendered":"<p>Ess\u00eancia floral que equilibra o poder pessoal e a intui\u00e7\u00e3o. Apoia adultos e crian\u00e7as com stress, indecis\u00e3o e hiperestimula\u00e7\u00e3o. <\/p>\n","protected":false},"featured_media":5501,"comment_status":"open","ping_status":"closed","template":"","meta":{"wds_primary_product_brand":0,"wds_primary_product_cat":0,"wds_primary_merken":0},"product_brand":[],"product_cat":[4707],"product_tag":[3715,3709,3710,2599,3713,3716,3717,3714,3711,3619,3712],"merken":[],"class_list":{"0":"post-8801","1":"product","2":"type-product","3":"status-publish","4":"has-post-thumbnail","6":"product_cat-florais-remedios-pt-pt","7":"product_tag-apoio-espiritual","8":"product_tag-chakra-3-pt-pt","9":"product_tag-chakra-6-pt-pt","10":"product_tag-cuidados-com-ngd","11":"product_tag-essencia-floral-autoconfianca","12":"product_tag-forca-interior","13":"product_tag-hiperestimulacao","14":"product_tag-intuicao-de-flor","15":"product_tag-luz-solar-pt-pt","16":"product_tag-star-remedios","17":"product_tag-terceiro-olho","18":"infinite-scroll-item","19":"sales-flash-overlay","20":"woocommerce-text-align-center","21":"woocommerce-image-align-center","22":"do-quantity-buttons","24":"first","25":"instock","26":"taxable","27":"shipping-taxable","28":"purchasable","29":"product-type-simple"},"_links":{"self":[{"href":"https:\/\/www.ngdcare.nl\/pt-pt\/wp-json\/wp\/v2\/product\/8801","targetHints":{"allow":["GET"]}}],"collection":[{"href":"https:\/\/www.ngdcare.nl\/pt-pt\/wp-json\/wp\/v2\/product"}],"about":[{"href":"https:\/\/www.ngdcare.nl\/pt-pt\/wp-json\/wp\/v2\/types\/product"}],"replies":[{"embeddable":true,"href":"https:\/\/www.ngdcare.nl\/pt-pt\/wp-json\/wp\/v2\/comments?post=8801"}],"wp:featuredmedia":[{"embeddable":true,"href":"https:\/\/www.ngdcare.nl\/pt-pt\/wp-json\/wp\/v2\/media\/5501"}],"wp:attachment":[{"href":"https:\/\/www.ngdcare.nl\/pt-pt\/wp-json\/wp\/v2\/media?parent=8801"}],"wp:term":[{"taxonomy":"product_brand","embeddable":true,"href":"https:\/\/www.ngdcare.nl\/pt-pt\/wp-json\/wp\/v2\/product_brand?post=8801"},{"taxonomy":"product_cat","embeddable":true,"href":"https:\/\/www.ngdcare.nl\/pt-pt\/wp-json\/wp\/v2\/product_cat?post=8801"},{"taxonomy":"product_tag","embeddable":true,"href":"https:\/\/www.ngdcare.nl\/pt-pt\/wp-json\/wp\/v2\/product_tag?post=8801"},{"taxonomy":"merken","embeddable":true,"href":"https:\/\/www.ngdcare.nl\/pt-pt\/wp-json\/wp\/v2\/merken?post=8801"}],"curies":[{"name":"wp","href":"https:\/\/api.w.org\/{rel}","templated":true}]}}