{"id":8812,"date":"2025-10-02T22:06:35","date_gmt":"2025-10-02T20:06:35","guid":{"rendered":"https:\/\/www.ngdcare.nl\/?post_type=product&#038;p=8812"},"modified":"2025-10-02T22:15:07","modified_gmt":"2025-10-02T20:15:07","slug":"essencia-de-expressao-chakra-2-e-5-kopie","status":"publish","type":"product","link":"https:\/\/www.ngdcare.nl\/pt-pt\/product\/florais-remedios-pt-pt\/essencia-de-expressao-chakra-2-e-5-kopie\/","title":{"rendered":"Ess\u00eancia de express\u00e3o \u2013 Chakra 2 e 5"},"content":{"rendered":"<p data-start=\"507\" data-end=\"767\"><strong data-start=\"507\" data-end=\"536\">Express\u00e3o \u2013 Chakra 2 &amp; 5<\/strong> \u00e9 uma ess\u00eancia floral cuidadosamente composta que suporta a conex\u00e3o entre o <strong data-start=\"625\" data-end=\"696\">segundo chakra (sacral \u2013 energia vital, criatividade, sensualidade)<\/strong> e o <strong data-start=\"704\" data-end=\"764\">quinto chakra (garganta \u2013 comunica\u00e7\u00e3o, express\u00e3o, verdade).<\/strong><\/p>\n<p data-start=\"769\" data-end=\"1072\">Esta combina\u00e7\u00e3o ajuda-o a conectar-se com o seu fluxo interior, energia criativa e a sua capacidade de se expressar de forma suave e aut\u00eantica. Muitas pessoas experimentam bloqueios neste eixo: dificuldade em expressar sentimentos, estagna\u00e7\u00e3o criativa, medo de ser vis\u00edvel ou sensibilidade emocional excessiva. <\/p>\n<p data-start=\"1074\" data-end=\"1204\">A express\u00e3o traz suaviza\u00e7\u00e3o, prote\u00e7\u00e3o e espa\u00e7o, para que sentimentos e palavras voltem ao equil\u00edbrio com quem voc\u00ea realmente \u00e9.<\/p>\n<p data-start=\"1206\" data-end=\"1451\"><strong data-start=\"1206\" data-end=\"1223\">Para crian\u00e7as<\/strong><br data-start=\"1223\" data-end=\"1226\">As crian\u00e7as que t\u00eam dificuldade em expressar-se ou muitas vezes bloqueiam as emo\u00e7\u00f5es podem beneficiar deste rem\u00e9dio. Ajuda-os a comunicar de forma mais suave, a ser criativos de uma forma l\u00fadica e a mostrar as suas emo\u00e7\u00f5es de uma forma segura. <\/p>\n<p data-start=\"1453\" data-end=\"1498\"><strong data-start=\"1453\" data-end=\"1496\">Aplica\u00e7\u00e3o em adultos e crian\u00e7as:<\/strong><\/p>\n<ul data-start=\"1499\" data-end=\"1845\">\n<li data-start=\"1499\" data-end=\"1562\">\n<p data-start=\"1501\" data-end=\"1562\">Para bloqueios emocionais como tristeza, vergonha ou culpa<\/p>\n<\/li>\n<li data-start=\"1563\" data-end=\"1611\">\n<p data-start=\"1565\" data-end=\"1611\">Quando \u00e9 dif\u00edcil expressar ou comunicar<\/p>\n<\/li>\n<li data-start=\"1612\" data-end=\"1665\">\n<p data-start=\"1614\" data-end=\"1665\">Em caso de estagna\u00e7\u00e3o criativa ou tens\u00f5es relacionais<\/p>\n<\/li>\n<li data-start=\"1666\" data-end=\"1730\">\n<p data-start=\"1668\" data-end=\"1730\">Em caso de alta sensibilidade ou sensibilidade a est\u00edmulos ao redor da garganta\/fala<\/p>\n<\/li>\n<li data-start=\"1731\" data-end=\"1792\">\n<p data-start=\"1733\" data-end=\"1792\">Suporte de desequil\u00edbrio hormonal ou dist\u00farbios da garganta<\/p>\n<\/li>\n<li data-start=\"1793\" data-end=\"1845\">\n<p data-start=\"1795\" data-end=\"1845\">Em per\u00edodos de transi\u00e7\u00e3o ou processos criativos<\/p>\n<\/li>\n<\/ul>\n<p data-start=\"1847\" data-end=\"1880\"><strong data-start=\"1847\" data-end=\"1878\">Cont\u00e9m as seguintes flores:<\/strong><\/p>\n<ul data-start=\"1881\" data-end=\"2529\">\n<li data-start=\"1881\" data-end=\"1943\">\n<p data-start=\"1883\" data-end=\"1943\"><strong data-start=\"1883\" data-end=\"1896\">Perd\u00e3o<\/strong> \u2013 deixar ir, abrir o cora\u00e7\u00e3o e a base emocional<\/p>\n<\/li>\n<li data-start=\"1944\" data-end=\"2004\">\n<p data-start=\"1946\" data-end=\"2004\"><strong data-start=\"1946\" data-end=\"1962\">Salsa de vaca<\/strong> \u2013 ludicidade, criatividade e leveza<\/p>\n<\/li>\n<li data-start=\"2005\" data-end=\"2067\">\n<p data-start=\"2007\" data-end=\"2067\"><strong data-start=\"2007\" data-end=\"2023\">Cacto coral<\/strong> \u2013 soft female flow, sensualidade<\/p>\n<\/li>\n<li data-start=\"2068\" data-end=\"2122\">\n<p data-start=\"2070\" data-end=\"2122\"><strong data-start=\"2070\" data-end=\"2090\">Flor de cuco do dia<\/strong> \u2013 ousar ser voc\u00ea mesmo e expressar-se<\/p>\n<\/li>\n<li data-start=\"2123\" data-end=\"2179\">\n<p data-start=\"2125\" data-end=\"2179\"><strong data-start=\"2125\" data-end=\"2146\">Estrela de Bel\u00e9m<\/strong> \u2013 cura de traumas emocionais<\/p>\n<\/li>\n<li data-start=\"2180\" data-end=\"2235\">\n<p data-start=\"2182\" data-end=\"2235\"><strong data-start=\"2182\" data-end=\"2202\">Am\u00eandoa indiana<\/strong> \u2013 prote\u00e7\u00e3o contra a sensibilidade<\/p>\n<\/li>\n<li data-start=\"2236\" data-end=\"2292\">\n<p data-start=\"2238\" data-end=\"2292\"><strong data-start=\"2238\" data-end=\"2255\">Amor e Esperan\u00e7a<\/strong> \u2013 suaviza\u00e7\u00e3o e for\u00e7a interior<\/p>\n<\/li>\n<li data-start=\"2293\" data-end=\"2342\">\n<p data-start=\"2295\" data-end=\"2342\"><strong data-start=\"2295\" data-end=\"2303\">Rosa<\/strong> \u2013 energia suave do cora\u00e7\u00e3o na comunica\u00e7\u00e3o<\/p>\n<\/li>\n<li data-start=\"2343\" data-end=\"2396\">\n<p data-start=\"2345\" data-end=\"2396\"><strong data-start=\"2345\" data-end=\"2358\">3-Unidade<\/strong> \u2013 alinhamento corpo, alma e esp\u00edrito<\/p>\n<\/li>\n<li data-start=\"2397\" data-end=\"2465\">\n<p data-start=\"2399\" data-end=\"2465\"><strong data-start=\"2399\" data-end=\"2416\">Arbusto de borboleta<\/strong> \u2013 transforma\u00e7\u00e3o e autoconfian\u00e7a na express\u00e3o<\/p>\n<\/li>\n<li data-start=\"2466\" data-end=\"2529\">\n<p data-start=\"2468\" data-end=\"2529\"><strong data-start=\"2468\" data-end=\"2480\">Turquesa \u2013 fortalece<\/strong> a conex\u00e3o entre sentimento e express\u00e3o<\/p>\n<\/li>\n<\/ul>\n","protected":false},"excerpt":{"rendered":"<p>Ess\u00eancia floral que apoia a criatividade e a autoexpress\u00e3o. Para adultos e crian\u00e7as com bloqueios emocionais, alta sensibilidade e problemas de comunica\u00e7\u00e3o. <\/p>\n","protected":false},"featured_media":5493,"comment_status":"open","ping_status":"closed","template":"","meta":[],"product_brand":[],"product_cat":[4707],"product_tag":[3625,3738,3736,3733,3734,3735,3737,3230,3231,3232],"merken":[],"class_list":{"0":"post-8812","1":"product","2":"type-product","3":"status-publish","4":"has-post-thumbnail","6":"product_cat-florais-remedios-pt-pt","7":"product_tag-alta-sensibilidade","8":"product_tag-animais-sensiveis","9":"product_tag-autoexpressao","10":"product_tag-chakra-2-pt-pt","11":"product_tag-chakra-5-pt-pt","12":"product_tag-criatividade","13":"product_tag-cura-emocional","14":"product_tag-essencia-floral","15":"product_tag-ngd-care-flores","16":"product_tag-protecao-energetica","17":"infinite-scroll-item","18":"sales-flash-overlay","19":"woocommerce-text-align-center","20":"woocommerce-image-align-center","21":"do-quantity-buttons","23":"first","24":"instock","25":"taxable","26":"shipping-taxable","27":"purchasable","28":"product-type-simple"},"_links":{"self":[{"href":"https:\/\/www.ngdcare.nl\/pt-pt\/wp-json\/wp\/v2\/product\/8812","targetHints":{"allow":["GET"]}}],"collection":[{"href":"https:\/\/www.ngdcare.nl\/pt-pt\/wp-json\/wp\/v2\/product"}],"about":[{"href":"https:\/\/www.ngdcare.nl\/pt-pt\/wp-json\/wp\/v2\/types\/product"}],"replies":[{"embeddable":true,"href":"https:\/\/www.ngdcare.nl\/pt-pt\/wp-json\/wp\/v2\/comments?post=8812"}],"wp:featuredmedia":[{"embeddable":true,"href":"https:\/\/www.ngdcare.nl\/pt-pt\/wp-json\/wp\/v2\/media\/5493"}],"wp:attachment":[{"href":"https:\/\/www.ngdcare.nl\/pt-pt\/wp-json\/wp\/v2\/media?parent=8812"}],"wp:term":[{"taxonomy":"product_brand","embeddable":true,"href":"https:\/\/www.ngdcare.nl\/pt-pt\/wp-json\/wp\/v2\/product_brand?post=8812"},{"taxonomy":"product_cat","embeddable":true,"href":"https:\/\/www.ngdcare.nl\/pt-pt\/wp-json\/wp\/v2\/product_cat?post=8812"},{"taxonomy":"product_tag","embeddable":true,"href":"https:\/\/www.ngdcare.nl\/pt-pt\/wp-json\/wp\/v2\/product_tag?post=8812"},{"taxonomy":"merken","embeddable":true,"href":"https:\/\/www.ngdcare.nl\/pt-pt\/wp-json\/wp\/v2\/merken?post=8812"}],"curies":[{"name":"wp","href":"https:\/\/api.w.org\/{rel}","templated":true}]}}