{"id":8834,"date":"2025-10-02T22:38:44","date_gmt":"2025-10-02T20:38:44","guid":{"rendered":"https:\/\/www.ngdcare.nl\/?post_type=product&#038;p=8834"},"modified":"2025-10-02T22:47:36","modified_gmt":"2025-10-02T20:47:36","slug":"balsamo-pele-de-ozono-jojoba-balsamo-cutaneo-kopie","status":"publish","type":"product","link":"https:\/\/www.ngdcare.nl\/pt-pt\/product\/produtos-a-base-de-ozono\/balsamo-pele-de-ozono-jojoba-balsamo-cutaneo-kopie\/","title":{"rendered":"B\u00e1lsamo Pele de Ozono Jojoba \u2013 B\u00e1lsamo Cut\u00e2neo"},"content":{"rendered":"<p data-start=\"491\" data-end=\"760\"><strong data-start=\"491\" data-end=\"529\">B\u00e1lsamo Pele de Ozono Jojoba \u2013 B\u00e1lsamo Pele<\/strong> combina as propriedades carinhosas da jojoba com o poder do ozono. Devido ao car\u00e1ter de cera natural da jojoba, a ozoniza\u00e7\u00e3o mais pesada cria um b\u00e1lsamo semiss\u00f3lido que forma uma camada fina e semi-oclusiva na pele. <\/p>\n<p data-start=\"762\" data-end=\"1003\">Esta camada suporta a barreira cut\u00e2nea natural, mant\u00e9m a pele flex\u00edvel e garante que o b\u00e1lsamo continua a funcionar no local durante muito tempo. O b\u00e1lsamo \u00e9 <strong data-start=\"902\" data-end=\"920\">antiaderente<\/strong>, completamente <strong data-start=\"931\" data-end=\"945\">sem fragr\u00e2ncia<\/strong> e, portanto, adequado para os tipos de pele mais sens\u00edveis. <\/p>\n<p data-start=\"1005\" data-end=\"1262\">O B\u00e1lsamo Cut\u00e2neo \u00e9 particularmente adequado para o cuidado de \u00e1reas locais, secas ou \u00e1speras da pele, como cotovelos, calcanhares, l\u00e1bios ou dobras cut\u00e2neas. Ele tamb\u00e9m pode ser usado como cuidado extra para a pele sens\u00edvel que precisa de prote\u00e7\u00e3o e equil\u00edbrio extra. <\/p>\n<p data-start=\"1264\" data-end=\"1281\"><strong data-start=\"1264\" data-end=\"1279\">Aplica\u00e7\u00e3o:<\/strong><\/p>\n<ul data-start=\"1282\" data-end=\"1538\">\n<li data-start=\"1282\" data-end=\"1361\">\n<p data-start=\"1284\" data-end=\"1361\">Para \u00e1reas locais, secas ou \u00e1speras (cotovelos, calcanhares, l\u00e1bios, dobras cut\u00e2neas)<\/p>\n<\/li>\n<li data-start=\"1362\" data-end=\"1420\">\n<p data-start=\"1364\" data-end=\"1420\">Para apoiar a barreira cut\u00e2nea em caso de sensibilidade<\/p>\n<\/li>\n<li data-start=\"1421\" data-end=\"1474\">\n<p data-start=\"1423\" data-end=\"1474\">Protetor em condi\u00e7\u00f5es de tempo frio ou seco<\/p>\n<\/li>\n<li data-start=\"1475\" data-end=\"1538\">\n<p data-start=\"1477\" data-end=\"1538\">Adequado para uso di\u00e1rio em adultos e crian\u00e7as<\/p>\n<\/li>\n<\/ul>\n","protected":false},"excerpt":{"rendered":"<p data-start=\"325\" data-end=\"448\">B\u00e1lsamo natural para a pele \u00e0 base de \u00f3leo de jojoba ozonizado. Protege, cuida e hidrata \u00e1reas secas ou \u00e1speras da pele. <\/p>\n<p data-start=\"6720\" data-end=\"7093\">\n","protected":false},"featured_media":5432,"comment_status":"open","ping_status":"closed","template":"","meta":[],"product_brand":[],"product_cat":[4722],"product_tag":[4724,3585,3584],"merken":[],"class_list":{"0":"post-8834","1":"product","2":"type-product","3":"status-publish","4":"has-post-thumbnail","6":"product_cat-produtos-a-base-de-ozono","7":"product_tag-balsamo-cutaneo","8":"product_tag-jojoba-ozonizada-pt-pt","9":"product_tag-sem-perfume","10":"infinite-scroll-item","11":"sales-flash-overlay","12":"woocommerce-text-align-center","13":"woocommerce-image-align-center","14":"do-quantity-buttons","16":"first","17":"instock","18":"taxable","19":"shipping-taxable","20":"purchasable","21":"product-type-simple"},"_links":{"self":[{"href":"https:\/\/www.ngdcare.nl\/pt-pt\/wp-json\/wp\/v2\/product\/8834","targetHints":{"allow":["GET"]}}],"collection":[{"href":"https:\/\/www.ngdcare.nl\/pt-pt\/wp-json\/wp\/v2\/product"}],"about":[{"href":"https:\/\/www.ngdcare.nl\/pt-pt\/wp-json\/wp\/v2\/types\/product"}],"replies":[{"embeddable":true,"href":"https:\/\/www.ngdcare.nl\/pt-pt\/wp-json\/wp\/v2\/comments?post=8834"}],"wp:featuredmedia":[{"embeddable":true,"href":"https:\/\/www.ngdcare.nl\/pt-pt\/wp-json\/wp\/v2\/media\/5432"}],"wp:attachment":[{"href":"https:\/\/www.ngdcare.nl\/pt-pt\/wp-json\/wp\/v2\/media?parent=8834"}],"wp:term":[{"taxonomy":"product_brand","embeddable":true,"href":"https:\/\/www.ngdcare.nl\/pt-pt\/wp-json\/wp\/v2\/product_brand?post=8834"},{"taxonomy":"product_cat","embeddable":true,"href":"https:\/\/www.ngdcare.nl\/pt-pt\/wp-json\/wp\/v2\/product_cat?post=8834"},{"taxonomy":"product_tag","embeddable":true,"href":"https:\/\/www.ngdcare.nl\/pt-pt\/wp-json\/wp\/v2\/product_tag?post=8834"},{"taxonomy":"merken","embeddable":true,"href":"https:\/\/www.ngdcare.nl\/pt-pt\/wp-json\/wp\/v2\/merken?post=8834"}],"curies":[{"name":"wp","href":"https:\/\/api.w.org\/{rel}","templated":true}]}}