{"id":8863,"date":"2025-10-02T22:49:39","date_gmt":"2025-10-02T20:49:39","guid":{"rendered":"https:\/\/www.ngdcare.nl\/?post_type=product&#038;p=8863"},"modified":"2025-10-02T22:55:55","modified_gmt":"2025-10-02T20:55:55","slug":"ozone-glycerin-skin-gel-skin-gel-kopie","status":"publish","type":"product","link":"https:\/\/www.ngdcare.nl\/pt-pt\/product\/produtos-a-base-de-ozono\/ozone-glycerin-skin-gel-skin-gel-kopie\/","title":{"rendered":"Ozone Glycerin Skin Gel \u2013 Skin Gel"},"content":{"rendered":"<p data-start=\"442\" data-end=\"700\"><strong data-start=\"442\" data-end=\"479\">Ozone Glycerin Skin Gel \u2013 Skin Gel<\/strong> \u00e9 um gel concentrado \u00e0 base de glicerina ozonizada 100% premium. Gra\u00e7as \u00e0 sua alta viscosidade, o gel permanece firmemente no lugar na \u00e1rea aplicada, tornando-o ideal para pequenas \u00e1reas localizadas da pele. <\/p>\n<p data-start=\"702\" data-end=\"966\">A f\u00f3rmula sem fragr\u00e2ncia n\u00e3o se sente gordurosa, \u00e9 f\u00e1cil de espalhar finamente e proporciona uma sensa\u00e7\u00e3o agrad\u00e1vel de pele com mais tempo de contacto do que uma solu\u00e7\u00e3o aquosa. Em compara\u00e7\u00e3o com o azeite ozonizado, o aroma deste gel \u00e9 mais subtil e agrad\u00e1vel. <\/p>\n<p data-start=\"968\" data-end=\"1200\">O Gel de Pele tem o <strong data-start=\"989\" data-end=\"1015\">maior \u00edndice de per\u00f3xido<\/strong> de todos os produtos de oz\u00f4nio da linha. Isto significa que o gel \u00e9 rico em compostos de oxig\u00e9nio est\u00e1veis, que apoiam intensamente a pele e fortalecem a sua fun\u00e7\u00e3o de barreira natural. <\/p>\n<p data-start=\"1202\" data-end=\"1219\"><strong data-start=\"1202\" data-end=\"1217\">Aplica\u00e7\u00e3o:<\/strong><\/p>\n<ul data-start=\"1220\" data-end=\"1509\">\n<li data-start=\"1220\" data-end=\"1302\">\n<p data-start=\"1222\" data-end=\"1302\">Para manchas locais, \u00e1speras ou espessas (por exemplo, cotovelos, joelhos, calcanhares)<\/p>\n<\/li>\n<li data-start=\"1303\" data-end=\"1376\">\n<p data-start=\"1305\" data-end=\"1376\">Para cuidar da pele em pequenas \u00e1reas que requerem aten\u00e7\u00e3o extra<\/p>\n<\/li>\n<li data-start=\"1377\" data-end=\"1445\">\n<p data-start=\"1379\" data-end=\"1445\">Para \u00e1reas sens\u00edveis da pele que beneficiam de um tempo de contacto mais longo<\/p>\n<\/li>\n<li data-start=\"1446\" data-end=\"1509\">\n<p data-start=\"1448\" data-end=\"1509\">Adequado para uso di\u00e1rio em adultos e crian\u00e7as<\/p>\n<\/li>\n<\/ul>\n<hr data-start=\"1511\" data-end=\"1514\">\n<h3 data-start=\"1516\" data-end=\"1533\"><strong data-start=\"1520\" data-end=\"1531\">Balas<\/strong><\/h3>\n<ul data-start=\"1534\" data-end=\"1773\">\n<li data-start=\"1534\" data-end=\"1587\">\n<p data-start=\"1536\" data-end=\"1587\">Gel de pele altamente viscoso com glicerina ozonizada<\/p>\n<\/li>\n<li data-start=\"1588\" data-end=\"1641\">\n<p data-start=\"1590\" data-end=\"1641\">Mant\u00e9m-se bem no lugar, ideal para pequenas \u00e1reas<\/p>\n<\/li>\n<li data-start=\"1642\" data-end=\"1686\">\n<p data-start=\"1644\" data-end=\"1686\">Aroma subtil, sem fragr\u00e2ncia e n\u00e3o gorduroso<\/p>\n<\/li>\n<li data-start=\"1687\" data-end=\"1729\">\n<p data-start=\"1689\" data-end=\"1729\">Maior \u00edndice de per\u00f3xido de linha de oz\u00f4nio<\/p>\n<\/li>\n<li data-start=\"1730\" data-end=\"1773\">\n<p data-start=\"1732\" data-end=\"1773\">Suporta a barreira natural da pele<\/p>\n<\/li>\n<\/ul>\n<p data-start=\"4723\" data-end=\"5116\">\n","protected":false},"excerpt":{"rendered":"<p>Gel de pele altamente viscoso \u00e0 base de glicerina ozonizada. Ideal para \u00e1reas locais, secas ou \u00e1speras. Carinhoso, sem fragr\u00e2ncia e puramente natural.  <\/p>\n","protected":false},"featured_media":18247,"comment_status":"open","ping_status":"closed","template":"","meta":[],"product_brand":[],"product_cat":[4722],"product_tag":[1946,1947,3840,3838,3584],"merken":[],"class_list":{"0":"post-8863","1":"product","2":"type-product","3":"status-publish","4":"has-post-thumbnail","6":"product_cat-produtos-a-base-de-ozono","7":"product_tag-cao","8":"product_tag-gato-pt-pt","9":"product_tag-gel-de-pele","10":"product_tag-glicerina-ozonizada-pt-pt","11":"product_tag-sem-perfume","12":"infinite-scroll-item","13":"sales-flash-overlay","14":"woocommerce-text-align-center","15":"woocommerce-image-align-center","16":"do-quantity-buttons","18":"first","19":"outofstock","20":"taxable","21":"shipping-taxable","22":"purchasable","23":"product-type-variable"},"_links":{"self":[{"href":"https:\/\/www.ngdcare.nl\/pt-pt\/wp-json\/wp\/v2\/product\/8863","targetHints":{"allow":["GET"]}}],"collection":[{"href":"https:\/\/www.ngdcare.nl\/pt-pt\/wp-json\/wp\/v2\/product"}],"about":[{"href":"https:\/\/www.ngdcare.nl\/pt-pt\/wp-json\/wp\/v2\/types\/product"}],"replies":[{"embeddable":true,"href":"https:\/\/www.ngdcare.nl\/pt-pt\/wp-json\/wp\/v2\/comments?post=8863"}],"wp:featuredmedia":[{"embeddable":true,"href":"https:\/\/www.ngdcare.nl\/pt-pt\/wp-json\/wp\/v2\/media\/18247"}],"wp:attachment":[{"href":"https:\/\/www.ngdcare.nl\/pt-pt\/wp-json\/wp\/v2\/media?parent=8863"}],"wp:term":[{"taxonomy":"product_brand","embeddable":true,"href":"https:\/\/www.ngdcare.nl\/pt-pt\/wp-json\/wp\/v2\/product_brand?post=8863"},{"taxonomy":"product_cat","embeddable":true,"href":"https:\/\/www.ngdcare.nl\/pt-pt\/wp-json\/wp\/v2\/product_cat?post=8863"},{"taxonomy":"product_tag","embeddable":true,"href":"https:\/\/www.ngdcare.nl\/pt-pt\/wp-json\/wp\/v2\/product_tag?post=8863"},{"taxonomy":"merken","embeddable":true,"href":"https:\/\/www.ngdcare.nl\/pt-pt\/wp-json\/wp\/v2\/merken?post=8863"}],"curies":[{"name":"wp","href":"https:\/\/api.w.org\/{rel}","templated":true}]}}