{"id":8909,"date":"2025-10-02T23:04:25","date_gmt":"2025-10-02T21:04:25","guid":{"rendered":"https:\/\/www.ngdcare.nl\/?post_type=product&#038;p=8909"},"modified":"2025-10-02T23:10:28","modified_gmt":"2025-10-02T21:10:28","slug":"colirio-de-prata-coloidal-e-colirio-auricular-gotas-de-prata-coloidal-kopie","status":"publish","type":"product","link":"https:\/\/www.ngdcare.nl\/pt-pt\/product\/human-health\/produtos-coloidais\/colirio-de-prata-coloidal-e-colirio-auricular-gotas-de-prata-coloidal-kopie\/","title":{"rendered":"Col\u00edrio de prata coloidal e col\u00edrio auricular \u2013 gotas de prata coloidal"},"content":{"rendered":"<p data-start=\"480\" data-end=\"776\"><strong data-start=\"483\" data-end=\"537\">Os col\u00edrios de prata e orelha coloidal da NGD Care<\/strong> cont\u00eam <strong data-start=\"547\" data-end=\"606\">prata coloidal pura numa concentra\u00e7\u00e3o de 10 PPM<\/strong>, dissolvida em \u00e1gua destilada purificada. Gra\u00e7as \u00e0 utiliza\u00e7\u00e3o de part\u00edculas de nanoprata, estas got\u00edculas s\u00e3o particularmente adequadas para \u00e1reas sens\u00edveis, como olhos e ouvidos. <\/p>\n<p data-start=\"778\" data-end=\"1023\">As gotas s\u00e3o desenvolvidas para <strong data-start=\"811\" data-end=\"832\">uso externo<\/strong> e fornecem suporte natural para pele sens\u00edvel e membranas mucosas. A prata coloidal ajuda a apoiar o microclima local e tem um efeito purificador, sem aditivos irritantes. <\/p>\n<p data-start=\"1025\" data-end=\"1198\">O produto \u00e9 <strong data-start=\"1040\" data-end=\"1100\">100% livre de \u00e1lcool, conservantes e fragr\u00e2ncias<\/strong> e, portanto, seguro para uso em crian\u00e7as e pessoas com pele sens\u00edvel ou membranas mucosas.<\/p>\n<p data-start=\"1200\" data-end=\"1385\">A pr\u00e1tica pipeta facilita a dosagem exata: algumas gotas no olho, ouvido ou numa \u00e1rea da pele. O efeito \u00e9 ligeiro e localizado, sem efeitos secund\u00e1rios ou intera\u00e7\u00f5es conhecidas. <\/p>\n<p data-start=\"1387\" data-end=\"1404\"><strong data-start=\"1387\" data-end=\"1402\">Aplica\u00e7\u00e3o:<\/strong><\/p>\n<ul data-start=\"1405\" data-end=\"1615\">\n<li data-start=\"1405\" data-end=\"1454\">\n<p data-start=\"1407\" data-end=\"1454\">Para o cuidado de olhos e ouvidos sens\u00edveis<\/p>\n<\/li>\n<li data-start=\"1455\" data-end=\"1510\">\n<p data-start=\"1457\" data-end=\"1510\">Em caso de ligeira irrita\u00e7\u00e3o ou secura das membranas mucosas<\/p>\n<\/li>\n<li data-start=\"1511\" data-end=\"1573\">\n<p data-start=\"1513\" data-end=\"1573\">Para apoio de \u00e1reas da pele que requerem aten\u00e7\u00e3o extra<\/p>\n<\/li>\n<li data-start=\"1574\" data-end=\"1615\">\n<p data-start=\"1576\" data-end=\"1615\">Adequado para adultos e crian\u00e7as<\/p>\n<\/li>\n<\/ul>\n","protected":false},"excerpt":{"rendered":"<p style=\"font-weight: 400;\">Gotas de prata coloidal pura (10 PPM) para o cuidado natural dos olhos, ouvidos e pele. Suave, sem \u00e1lcool e adequado para membranas mucosas sens\u00edveis. <\/p>\n","protected":false},"featured_media":4742,"comment_status":"open","ping_status":"closed","template":"","meta":{"wds_primary_product_brand":0,"wds_primary_product_cat":0,"wds_primary_merken":0},"product_brand":[],"product_cat":[4738],"product_tag":[1946,3338,3940,3941,1947,3468,3463,3339,3509,3929],"merken":[],"class_list":{"0":"post-8909","1":"product","2":"type-product","3":"status-publish","4":"has-post-thumbnail","6":"product_cat-produtos-coloidais","7":"product_tag-cao","8":"product_tag-coloidal","9":"product_tag-cuidados-com-os-olhos","10":"product_tag-cuidados-com-os-ouvidos","11":"product_tag-gato-pt-pt","12":"product_tag-infecao","13":"product_tag-nano-prata","14":"product_tag-ngd-care-coloidal","15":"product_tag-prata-coloidal","16":"product_tag-utilizacao-externa","17":"infinite-scroll-item","18":"sales-flash-overlay","19":"woocommerce-text-align-center","20":"woocommerce-image-align-center","21":"do-quantity-buttons","23":"first","24":"instock","25":"taxable","26":"shipping-taxable","27":"purchasable","28":"product-type-simple"},"_links":{"self":[{"href":"https:\/\/www.ngdcare.nl\/pt-pt\/wp-json\/wp\/v2\/product\/8909","targetHints":{"allow":["GET"]}}],"collection":[{"href":"https:\/\/www.ngdcare.nl\/pt-pt\/wp-json\/wp\/v2\/product"}],"about":[{"href":"https:\/\/www.ngdcare.nl\/pt-pt\/wp-json\/wp\/v2\/types\/product"}],"replies":[{"embeddable":true,"href":"https:\/\/www.ngdcare.nl\/pt-pt\/wp-json\/wp\/v2\/comments?post=8909"}],"wp:featuredmedia":[{"embeddable":true,"href":"https:\/\/www.ngdcare.nl\/pt-pt\/wp-json\/wp\/v2\/media\/4742"}],"wp:attachment":[{"href":"https:\/\/www.ngdcare.nl\/pt-pt\/wp-json\/wp\/v2\/media?parent=8909"}],"wp:term":[{"taxonomy":"product_brand","embeddable":true,"href":"https:\/\/www.ngdcare.nl\/pt-pt\/wp-json\/wp\/v2\/product_brand?post=8909"},{"taxonomy":"product_cat","embeddable":true,"href":"https:\/\/www.ngdcare.nl\/pt-pt\/wp-json\/wp\/v2\/product_cat?post=8909"},{"taxonomy":"product_tag","embeddable":true,"href":"https:\/\/www.ngdcare.nl\/pt-pt\/wp-json\/wp\/v2\/product_tag?post=8909"},{"taxonomy":"merken","embeddable":true,"href":"https:\/\/www.ngdcare.nl\/pt-pt\/wp-json\/wp\/v2\/merken?post=8909"}],"curies":[{"name":"wp","href":"https:\/\/api.w.org\/{rel}","templated":true}]}}