{"id":8920,"date":"2025-10-02T23:10:24","date_gmt":"2025-10-02T21:10:24","guid":{"rendered":"https:\/\/www.ngdcare.nl\/?post_type=product&#038;p=8920"},"modified":"2025-10-02T23:20:11","modified_gmt":"2025-10-02T21:20:11","slug":"spray-coloidal-prata-zinco-spray-coloidal-de-prata-zinco-kopie","status":"publish","type":"product","link":"https:\/\/www.ngdcare.nl\/pt-pt\/product\/human-health\/produtos-coloidais\/spray-coloidal-prata-zinco-spray-coloidal-de-prata-zinco-kopie\/","title":{"rendered":"Spray coloidal prata-zinco \u2013 spray coloidal de prata zinco"},"content":{"rendered":"<p data-start=\"436\" data-end=\"800\"><strong data-start=\"439\" data-end=\"484\">O Spray Coloidal de Prata-Zinco da NGD Care<\/strong> combina dois minerais poderosos na sua forma mais pura: <strong data-start=\"542\" data-end=\"572\">prata coloidal (10 PPM)<\/strong> e <strong data-start=\"576\" data-end=\"604\">zinco coloidal (15 PPM),<\/strong> dissolvidos em \u00e1gua destilada purificada. Gra\u00e7as \u00e0 utiliza\u00e7\u00e3o de nanopart\u00edculas, a prata e o zinco distribuem-se de forma ideal e podem contribuir de forma suave e eficaz para uma superf\u00edcie de pele saud\u00e1vel. <\/p>\n<p data-start=\"802\" data-end=\"1033\">Tanto a prata coloidal como o zinco coloidal s\u00e3o tradicionalmente usados para apoiar a pele. Este spray \u00e9 desenvolvido para <strong data-start=\"935\" data-end=\"956\">uso externo<\/strong> e oferece cuidados naturais para a pele sens\u00edvel ou irritada. <\/p>\n<p data-start=\"1035\" data-end=\"1219\">O spray n\u00e3o cont\u00e9m \u00e1lcool, fragr\u00e2ncias, conservantes ou aditivos sint\u00e9ticos. Isto torna o produto adequado para adultos e crian\u00e7as, mesmo com pele sens\u00edvel. <\/p>\n<p data-start=\"1221\" data-end=\"1420\">O pr\u00e1tico frasco de pulveriza\u00e7\u00e3o facilita o acesso a superf\u00edcies de pele maiores ou a locais de dif\u00edcil acesso. Uma adi\u00e7\u00e3o segura e suave a uma rotina natural de cuidado da pele. <\/p>\n<p data-start=\"1422\" data-end=\"1439\"><strong data-start=\"1422\" data-end=\"1437\">Aplica\u00e7\u00e3o:<\/strong><\/p>\n<ul data-start=\"1440\" data-end=\"1690\">\n<li data-start=\"1440\" data-end=\"1490\">\n<p data-start=\"1442\" data-end=\"1490\">Para vermelhid\u00e3o, irrita\u00e7\u00e3o ou \u00e1reas sens\u00edveis da pele<\/p>\n<\/li>\n<li data-start=\"1491\" data-end=\"1546\">\n<p data-start=\"1493\" data-end=\"1546\">Para apoiar a comich\u00e3o ou desconforto cut\u00e2neo ligeiro<\/p>\n<\/li>\n<li data-start=\"1547\" data-end=\"1605\">\n<p data-start=\"1549\" data-end=\"1605\">Para o cuidado de pequenas feridas ou abras\u00f5es<\/p>\n<\/li>\n<li data-start=\"1606\" data-end=\"1648\">\n<p data-start=\"1608\" data-end=\"1648\">Para uso di\u00e1rio, tamb\u00e9m preventivamente<\/p>\n<\/li>\n<li data-start=\"1649\" data-end=\"1690\">\n<p data-start=\"1651\" data-end=\"1690\">Adequado para adultos e crian\u00e7as<\/p>\n<\/li>\n<\/ul>\n","protected":false},"excerpt":{"rendered":"<p data-start=\"252\" data-end=\"393\">Spray cut\u00e2neo natural com prata coloidal (10 PPM) e zinco (15 PPM). Para um cuidado suave de \u00e1reas vermelhas, irritadas ou sens\u00edveis da pele. <\/p>\n","protected":false},"featured_media":4745,"comment_status":"open","ping_status":"closed","template":"","meta":{"wds_primary_product_brand":0,"wds_primary_product_cat":0,"wds_primary_merken":0},"product_brand":[],"product_cat":[4738],"product_tag":[1946,3338,3467,3457,1947,3468,3458,3463,3465,3339,3456,3459,3466,3192,3461],"merken":[],"class_list":{"0":"post-8920","1":"product","2":"type-product","3":"status-publish","4":"has-post-thumbnail","6":"product_cat-produtos-coloidais","7":"product_tag-cao","8":"product_tag-coloidal","9":"product_tag-cuidados-com-feridas","10":"product_tag-eczema-pt-pt","11":"product_tag-gato-pt-pt","12":"product_tag-infecao","13":"product_tag-irritacao-cutanea","14":"product_tag-nano-prata","15":"product_tag-nano-zinco-pt-pt","16":"product_tag-ngd-care-coloidal","17":"product_tag-ponto-quente","18":"product_tag-prata","19":"product_tag-pulverizacao","20":"product_tag-reparacao-da-pele","21":"product_tag-zinco-pt-pt","22":"infinite-scroll-item","23":"sales-flash-overlay","24":"woocommerce-text-align-center","25":"woocommerce-image-align-center","26":"do-quantity-buttons","28":"first","29":"instock","30":"taxable","31":"shipping-taxable","32":"purchasable","33":"product-type-simple"},"_links":{"self":[{"href":"https:\/\/www.ngdcare.nl\/pt-pt\/wp-json\/wp\/v2\/product\/8920","targetHints":{"allow":["GET"]}}],"collection":[{"href":"https:\/\/www.ngdcare.nl\/pt-pt\/wp-json\/wp\/v2\/product"}],"about":[{"href":"https:\/\/www.ngdcare.nl\/pt-pt\/wp-json\/wp\/v2\/types\/product"}],"replies":[{"embeddable":true,"href":"https:\/\/www.ngdcare.nl\/pt-pt\/wp-json\/wp\/v2\/comments?post=8920"}],"wp:featuredmedia":[{"embeddable":true,"href":"https:\/\/www.ngdcare.nl\/pt-pt\/wp-json\/wp\/v2\/media\/4745"}],"wp:attachment":[{"href":"https:\/\/www.ngdcare.nl\/pt-pt\/wp-json\/wp\/v2\/media?parent=8920"}],"wp:term":[{"taxonomy":"product_brand","embeddable":true,"href":"https:\/\/www.ngdcare.nl\/pt-pt\/wp-json\/wp\/v2\/product_brand?post=8920"},{"taxonomy":"product_cat","embeddable":true,"href":"https:\/\/www.ngdcare.nl\/pt-pt\/wp-json\/wp\/v2\/product_cat?post=8920"},{"taxonomy":"product_tag","embeddable":true,"href":"https:\/\/www.ngdcare.nl\/pt-pt\/wp-json\/wp\/v2\/product_tag?post=8920"},{"taxonomy":"merken","embeddable":true,"href":"https:\/\/www.ngdcare.nl\/pt-pt\/wp-json\/wp\/v2\/merken?post=8920"}],"curies":[{"name":"wp","href":"https:\/\/api.w.org\/{rel}","templated":true}]}}