{"id":8931,"date":"2025-10-02T23:20:37","date_gmt":"2025-10-02T21:20:37","guid":{"rendered":"https:\/\/www.ngdcare.nl\/?post_type=product&#038;p=8931"},"modified":"2025-12-11T18:02:51","modified_gmt":"2025-12-11T17:02:51","slug":"prata-coloidal-kopie","status":"publish","type":"product","link":"https:\/\/www.ngdcare.nl\/pt-pt\/product\/human-health\/produtos-coloidais\/prata-coloidal-kopie\/","title":{"rendered":"Prata coloidal"},"content":{"rendered":"<p data-start=\"517\" data-end=\"798\"><strong data-start=\"517\" data-end=\"558\">NGD Care \u2013 A Prata Coloidal (10 PPM)<\/strong> \u00e9 uma solu\u00e7\u00e3o pura de prata coloidal, preparada com part\u00edculas de prata ultrapequenas de uma m\u00e9dia de 0,65 nan\u00f3metros. Esta nanoestrutura \u00fanica garante uma elevada biodisponibilidade e torna a utiliza\u00e7\u00e3o do produto suave e eficaz. <\/p>\n<p data-start=\"800\" data-end=\"1049\">A prata coloidal \u00e9 tradicionalmente usada para suportar a resist\u00eancia natural e pode ser usada interna e externamente. Pode ajudar com o cuidado da pele e membranas mucosas, e contribui para um microclima limpo. <\/p>\n<p data-start=\"1051\" data-end=\"1331\">Ao contr\u00e1rio dos i\u00f5es de prata, este produto cont\u00e9m apenas nanopart\u00edculas est\u00e1veis. Isso garante uma tonalidade \u00e2mbar brilhante e qualidade confi\u00e1vel. O produto cont\u00e9m apenas <strong data-start=\"1244\" data-end=\"1273\">prata e \u00e1gua purificada<\/strong> \u2013 sem conservantes, \u00e1lcool ou fragr\u00e2ncias.  <\/p>\n<p data-start=\"1333\" data-end=\"1350\"><strong data-start=\"1333\" data-end=\"1348\">Aplica\u00e7\u00e3o:<\/strong><\/p>\n<ul>\n<li data-start=\"1353\" data-end=\"1418\">Apenas para uso externo<\/li>\n<li data-start=\"1421\" data-end=\"1469\">Externamente para cuidados com a pele ou feridas menores<\/li>\n<li data-start=\"1472\" data-end=\"1530\">Para cuidar de membranas mucosas como nariz, olhos ou ouvidos<\/li>\n<li data-start=\"1533\" data-end=\"1585\">Para uso di\u00e1rio em adultos e crian\u00e7as<\/li>\n<\/ul>\n","protected":false},"excerpt":{"rendered":"<p style=\"font-weight: 400;\">Prata coloidal pura (10 PPM) com nanopart\u00edculas ultrapequenas. Para uso externo como suporte natural. <\/p>\n","protected":false},"featured_media":11081,"comment_status":"open","ping_status":"closed","template":"","meta":{"wds_primary_product_brand":0,"wds_primary_product_cat":0,"wds_primary_merken":0},"product_brand":[],"product_cat":[4738],"product_tag":[3508,3468,3193,3463,3339,3509,3510],"merken":[2756],"class_list":{"0":"post-8931","1":"product","2":"type-product","3":"status-publish","4":"has-post-thumbnail","6":"product_cat-produtos-coloidais","7":"product_tag-antibacteriano","8":"product_tag-infecao","9":"product_tag-inflamacao","10":"product_tag-nano-prata","11":"product_tag-ngd-care-coloidal","12":"product_tag-prata-coloidal","13":"product_tag-utilizacao-interna","14":"merken-ngdcare","15":"infinite-scroll-item","16":"sales-flash-overlay","17":"woocommerce-text-align-center","18":"woocommerce-image-align-center","19":"do-quantity-buttons","21":"first","22":"instock","23":"taxable","24":"shipping-taxable","25":"purchasable","26":"product-type-variable"},"_links":{"self":[{"href":"https:\/\/www.ngdcare.nl\/pt-pt\/wp-json\/wp\/v2\/product\/8931","targetHints":{"allow":["GET"]}}],"collection":[{"href":"https:\/\/www.ngdcare.nl\/pt-pt\/wp-json\/wp\/v2\/product"}],"about":[{"href":"https:\/\/www.ngdcare.nl\/pt-pt\/wp-json\/wp\/v2\/types\/product"}],"replies":[{"embeddable":true,"href":"https:\/\/www.ngdcare.nl\/pt-pt\/wp-json\/wp\/v2\/comments?post=8931"}],"wp:featuredmedia":[{"embeddable":true,"href":"https:\/\/www.ngdcare.nl\/pt-pt\/wp-json\/wp\/v2\/media\/11081"}],"wp:attachment":[{"href":"https:\/\/www.ngdcare.nl\/pt-pt\/wp-json\/wp\/v2\/media?parent=8931"}],"wp:term":[{"taxonomy":"product_brand","embeddable":true,"href":"https:\/\/www.ngdcare.nl\/pt-pt\/wp-json\/wp\/v2\/product_brand?post=8931"},{"taxonomy":"product_cat","embeddable":true,"href":"https:\/\/www.ngdcare.nl\/pt-pt\/wp-json\/wp\/v2\/product_cat?post=8931"},{"taxonomy":"product_tag","embeddable":true,"href":"https:\/\/www.ngdcare.nl\/pt-pt\/wp-json\/wp\/v2\/product_tag?post=8931"},{"taxonomy":"merken","embeddable":true,"href":"https:\/\/www.ngdcare.nl\/pt-pt\/wp-json\/wp\/v2\/merken?post=8931"}],"curies":[{"name":"wp","href":"https:\/\/api.w.org\/{rel}","templated":true}]}}