{"id":8960,"date":"2025-10-02T23:29:27","date_gmt":"2025-10-02T21:29:27","guid":{"rendered":"https:\/\/www.ngdcare.nl\/?post_type=product&#038;p=8960"},"modified":"2025-11-18T11:44:48","modified_gmt":"2025-11-18T10:44:48","slug":"pomada-de-ozono-ozoncare-kopie","status":"publish","type":"product","link":"https:\/\/www.ngdcare.nl\/pt-pt\/product\/human-health\/produtos-a-base-de-ozono\/pomada-de-ozono-ozoncare-kopie\/","title":{"rendered":"Pomada de ozono \u2013 OzonCare"},"content":{"rendered":"<p data-start=\"434\" data-end=\"769\"><strong data-start=\"434\" data-end=\"468\">NGD Care \u2013 Ozone Ointment (OzonCare)<\/strong> \u00e9 uma pomada de pele poderosa e natural baseada em azeite extra virgem org\u00e2nico ozonizado. O \u00f3leo \u00e9 enriquecido com g\u00e1s ozono (O\u2083) de forma controlada durante 36 horas. Isto satura o \u00f3leo com compostos de ozono est\u00e1veis, que libertam lentamente ozono em contacto com a pele.  <\/p>\n<p data-start=\"771\" data-end=\"1051\">Esta pomada \u00fanica combina as propriedades nutritivas do azeite org\u00e2nico \u2013 rico em antioxidantes e \u00e1cidos graxos essenciais \u2013 com o poder do oz\u00f4nio. A pomada forma uma camada protetora na pele, apoia a circula\u00e7\u00e3o sangu\u00ednea natural e contribui para a recupera\u00e7\u00e3o e equil\u00edbrio. <\/p>\n<p data-start=\"1053\" data-end=\"1214\">Gra\u00e7as \u00e0 sua a\u00e7\u00e3o suave, mas poderosa, a pomada de oz\u00f4nio \u00e9 adequada para uso di\u00e1rio em adultos e crian\u00e7as, e pode ser usada para v\u00e1rias necessidades da pele.<\/p>\n<p data-start=\"1216\" data-end=\"1233\"><strong data-start=\"1216\" data-end=\"1231\">Aplica\u00e7\u00e3o:<\/strong><\/p>\n<ul>\n<li data-start=\"1236\" data-end=\"1276\">Para \u00e1reas de pele seca, sens\u00edvel ou \u00e1spera<\/li>\n<li data-start=\"1279\" data-end=\"1333\">Para o cuidado de pequenas feridas e irrita\u00e7\u00f5es da pele<\/li>\n<li data-start=\"1336\" data-end=\"1391\">Para pele que precisa de nutri\u00e7\u00e3o e prote\u00e7\u00e3o extra<\/li>\n<li data-start=\"1394\" data-end=\"1452\">Adequado para uso di\u00e1rio, tamb\u00e9m para pele sens\u00edvel<\/li>\n<\/ul>\n","protected":false},"excerpt":{"rendered":"<p style=\"font-weight: 400;\">Pomada natural com azeite org\u00e2nico ozonizado. Apoia a recupera\u00e7\u00e3o da pele, suaviza e protege. <\/p>\n","protected":false},"featured_media":10762,"comment_status":"open","ping_status":"closed","template":"","meta":{"wds_primary_product_brand":0,"wds_primary_product_cat":15,"wds_primary_merken":0},"product_brand":[],"product_cat":[4722],"product_tag":[2239,4311,3508,4312,4314,3457,4323,4316,4317,3458,4325,4315,4313,3456,4318],"merken":[2756],"class_list":{"0":"post-8960","1":"product","2":"type-product","3":"status-publish","4":"has-post-thumbnail","6":"product_cat-produtos-a-base-de-ozono","7":"product_tag-anti-inflamatorios","8":"product_tag-anti-levedura","9":"product_tag-antibacteriano","10":"product_tag-antifungicos","11":"product_tag-azeite-ozonizado","12":"product_tag-eczema-pt-pt","13":"product_tag-inflamacao-entre-os-dedos-dos-pes","14":"product_tag-ip-400-pt-pt","15":"product_tag-ip1200-pt-pt","16":"product_tag-irritacao-cutanea","17":"product_tag-ngd-care-ozono-pt-pt","18":"product_tag-oleo-de-girassol-ozonado","19":"product_tag-pomada-de-ozono","20":"product_tag-ponto-quente","21":"product_tag-reparacao-da-pele-pt-pt","22":"merken-ngdcare","23":"infinite-scroll-item","24":"sales-flash-overlay","25":"woocommerce-text-align-center","26":"woocommerce-image-align-center","27":"do-quantity-buttons","29":"first","30":"instock","31":"taxable","32":"shipping-taxable","33":"purchasable","34":"product-type-variable"},"_links":{"self":[{"href":"https:\/\/www.ngdcare.nl\/pt-pt\/wp-json\/wp\/v2\/product\/8960","targetHints":{"allow":["GET"]}}],"collection":[{"href":"https:\/\/www.ngdcare.nl\/pt-pt\/wp-json\/wp\/v2\/product"}],"about":[{"href":"https:\/\/www.ngdcare.nl\/pt-pt\/wp-json\/wp\/v2\/types\/product"}],"replies":[{"embeddable":true,"href":"https:\/\/www.ngdcare.nl\/pt-pt\/wp-json\/wp\/v2\/comments?post=8960"}],"wp:featuredmedia":[{"embeddable":true,"href":"https:\/\/www.ngdcare.nl\/pt-pt\/wp-json\/wp\/v2\/media\/10762"}],"wp:attachment":[{"href":"https:\/\/www.ngdcare.nl\/pt-pt\/wp-json\/wp\/v2\/media?parent=8960"}],"wp:term":[{"taxonomy":"product_brand","embeddable":true,"href":"https:\/\/www.ngdcare.nl\/pt-pt\/wp-json\/wp\/v2\/product_brand?post=8960"},{"taxonomy":"product_cat","embeddable":true,"href":"https:\/\/www.ngdcare.nl\/pt-pt\/wp-json\/wp\/v2\/product_cat?post=8960"},{"taxonomy":"product_tag","embeddable":true,"href":"https:\/\/www.ngdcare.nl\/pt-pt\/wp-json\/wp\/v2\/product_tag?post=8960"},{"taxonomy":"merken","embeddable":true,"href":"https:\/\/www.ngdcare.nl\/pt-pt\/wp-json\/wp\/v2\/merken?post=8960"}],"curies":[{"name":"wp","href":"https:\/\/api.w.org\/{rel}","templated":true}]}}