{"id":9043,"date":"2025-10-04T14:11:38","date_gmt":"2025-10-04T12:11:38","guid":{"rendered":"https:\/\/www.ngdcare.nl\/?post_type=product&#038;p=9043"},"modified":"2025-10-04T14:20:48","modified_gmt":"2025-10-04T12:20:48","slug":"couve-kopie","status":"publish","type":"product","link":"https:\/\/www.ngdcare.nl\/pt-pt\/product\/human-health\/superalimentos-cha\/superalimentos-pt-pt\/couve-kopie\/","title":{"rendered":"Couve"},"content":{"rendered":"<p data-start=\"508\" data-end=\"673\"><strong data-start=\"508\" data-end=\"537\">NGD Care Kale Powder<\/strong> \u00e9 um p\u00f3 org\u00e2nico 100% puro feito a partir de folhas secas de couve verde \u2013 um dos superalimentos vegetais mais completos do mundo.<\/p>\n<p data-start=\"675\" data-end=\"1037\">A couve \u00e9 naturalmente rica em <strong data-start=\"709\" data-end=\"757\">vitaminas A, C, K e todo o complexo B<\/strong>, e cont\u00e9m <strong data-start=\"780\" data-end=\"793\">minerais<\/strong> importantes como c\u00e1lcio, magn\u00e9sio, pot\u00e1ssio, ferro e mangan\u00eas. Al\u00e9m disso, \u00e9 particularmente rico em <strong data-start=\"882\" data-end=\"912\">clorofila e antioxidantes<\/strong>, que contribuem para a prote\u00e7\u00e3o das c\u00e9lulas contra o stress oxidativo e apoiam os processos naturais de desintoxica\u00e7\u00e3o. <\/p>\n<p data-start=\"1039\" data-end=\"1279\">Gra\u00e7as ao seu sabor suave e ligeiramente terroso e \u00e0 sua elevada densidade nutricional, este p\u00f3 \u00e9 uma adi\u00e7\u00e3o perfeita \u00e0 dieta di\u00e1ria. Use-o em batidos, sumos, sopas ou saladas como fonte natural de energia, resist\u00eancia e vitalidade. <\/p>\n<p data-start=\"1281\" data-end=\"1301\"><strong data-start=\"1281\" data-end=\"1299\">Propriedades:<\/strong><\/p>\n<ul>\n<li data-start=\"1304\" data-end=\"1356\">100% org\u00e2nico, sem aditivos ou enchimentos<\/li>\n<li data-start=\"1359\" data-end=\"1407\">Rico em vitaminas, minerais e antioxidantes<\/li>\n<li data-start=\"1410\" data-end=\"1456\">Apoia a vitalidade e o equil\u00edbrio natural<\/li>\n<li data-start=\"1459\" data-end=\"1507\">Sabor neutro \u2013 ideal para o uso di\u00e1rio<\/li>\n<li data-start=\"1510\" data-end=\"1551\">Adequado para vegetarianos e veganos<\/li>\n<\/ul>\n","protected":false},"excerpt":{"rendered":"<p data-start=\"316\" data-end=\"465\">Couve org\u00e2nica 100% pura em p\u00f3. Rico em vitaminas, minerais, clorofila e antioxidantes. Para vitalidade natural e equil\u00edbrio di\u00e1rio.  <\/p>\n","protected":false},"featured_media":11311,"comment_status":"open","ping_status":"closed","template":"","meta":{"wds_primary_product_brand":0,"wds_primary_product_cat":0,"wds_primary_merken":0},"product_brand":[],"product_cat":[4770],"product_tag":[],"merken":[],"class_list":{"0":"post-9043","1":"product","2":"type-product","3":"status-publish","4":"has-post-thumbnail","6":"product_cat-superalimentos-pt-pt","7":"infinite-scroll-item","8":"sales-flash-overlay","9":"woocommerce-text-align-center","10":"woocommerce-image-align-center","11":"do-quantity-buttons","13":"first","14":"instock","15":"taxable","16":"shipping-taxable","17":"purchasable","18":"product-type-simple"},"_links":{"self":[{"href":"https:\/\/www.ngdcare.nl\/pt-pt\/wp-json\/wp\/v2\/product\/9043","targetHints":{"allow":["GET"]}}],"collection":[{"href":"https:\/\/www.ngdcare.nl\/pt-pt\/wp-json\/wp\/v2\/product"}],"about":[{"href":"https:\/\/www.ngdcare.nl\/pt-pt\/wp-json\/wp\/v2\/types\/product"}],"replies":[{"embeddable":true,"href":"https:\/\/www.ngdcare.nl\/pt-pt\/wp-json\/wp\/v2\/comments?post=9043"}],"wp:featuredmedia":[{"embeddable":true,"href":"https:\/\/www.ngdcare.nl\/pt-pt\/wp-json\/wp\/v2\/media\/11311"}],"wp:attachment":[{"href":"https:\/\/www.ngdcare.nl\/pt-pt\/wp-json\/wp\/v2\/media?parent=9043"}],"wp:term":[{"taxonomy":"product_brand","embeddable":true,"href":"https:\/\/www.ngdcare.nl\/pt-pt\/wp-json\/wp\/v2\/product_brand?post=9043"},{"taxonomy":"product_cat","embeddable":true,"href":"https:\/\/www.ngdcare.nl\/pt-pt\/wp-json\/wp\/v2\/product_cat?post=9043"},{"taxonomy":"product_tag","embeddable":true,"href":"https:\/\/www.ngdcare.nl\/pt-pt\/wp-json\/wp\/v2\/product_tag?post=9043"},{"taxonomy":"merken","embeddable":true,"href":"https:\/\/www.ngdcare.nl\/pt-pt\/wp-json\/wp\/v2\/merken?post=9043"}],"curies":[{"name":"wp","href":"https:\/\/api.w.org\/{rel}","templated":true}]}}