{"id":9054,"date":"2025-10-04T14:22:29","date_gmt":"2025-10-04T12:22:29","guid":{"rendered":"https:\/\/www.ngdcare.nl\/?post_type=product&#038;p=9054"},"modified":"2025-10-04T14:28:08","modified_gmt":"2025-10-04T12:28:08","slug":"brocolis-kopie","status":"publish","type":"product","link":"https:\/\/www.ngdcare.nl\/pt-pt\/product\/human-health\/superalimentos-cha\/superalimentos-pt-pt\/brocolis-kopie\/","title":{"rendered":"Br\u00f3colis"},"content":{"rendered":"<p data-start=\"590\" data-end=\"898\"><strong data-start=\"590\" data-end=\"619\">NGD Care \u2013 O p\u00f3 de br\u00f3colis<\/strong> \u00e9 uma fortifica\u00e7\u00e3o poderosa e totalmente natural \u00e0 base de br\u00f3colos org\u00e2nicos. O p\u00f3 \u00e9 feito <strong data-start=\"734\" data-end=\"805\">a partir de todas as partes comest\u00edveis da planta \u2013 floretes, folhas e caules finos<\/strong> \u2013 para preservar todo o seu valor nutricional e amplo espectro de compostos bioativos. <\/p>\n<p data-start=\"900\" data-end=\"1282\">O br\u00f3colis \u00e9 rico em <strong data-start=\"921\" data-end=\"979\">fibras, betacaroteno, vitaminas C, K e B9 (folato)<\/strong> e <strong data-start=\"995\" data-end=\"1008\">minerais<\/strong> importantes como c\u00e1lcio, pot\u00e1ssio e magn\u00e9sio. Al\u00e9m disso, cont\u00e9m naturalmente <strong data-start=\"1076\" data-end=\"1094\">glucosinolatos<\/strong>, incluindo <strong data-start=\"1106\" data-end=\"1121\">sulforafano<\/strong> \u2013 um composto bioativo que tem sido cientificamente estudado pelo seu papel no apoio \u00e0s defesas celulares e no processo natural de desintoxica\u00e7\u00e3o. <\/p>\n<p data-start=\"1284\" data-end=\"1504\">Com o seu sabor suave e verde, este p\u00f3 \u00e9 perfeito como uma adi\u00e7\u00e3o di\u00e1ria a uma dieta saud\u00e1vel. Use-o em smoothies, sucos, sopas ou pratos salgados para um valor nutricional extra e um toque sutil de vegetais. <\/p>\n<p data-start=\"1506\" data-end=\"1526\"><strong data-start=\"1506\" data-end=\"1524\">Propriedades:<\/strong><\/p>\n<ul>\n<li data-start=\"1529\" data-end=\"1581\">100% org\u00e2nico, sem aditivos ou enchimentos<\/li>\n<li data-start=\"1584\" data-end=\"1632\">Rico em vitaminas, minerais e antioxidantes<\/li>\n<li data-start=\"1635\" data-end=\"1689\">Cont\u00e9m glucosinolatos naturais (tais como sulforafano)<\/li>\n<li data-start=\"1692\" data-end=\"1734\">Sabor suave e f\u00e1cil de usar<\/li>\n<li data-start=\"1737\" data-end=\"1778\">Adequado para vegetarianos e veganos<\/li>\n<\/ul>\n","protected":false},"excerpt":{"rendered":"<p class=\"p1\">Br\u00f3colos org\u00e2nicos em p\u00f3 de plantas inteiras (floretes, folhas e caules). Rico em vitaminas, minerais e glucosinolatos naturais, como o sulforafano. <\/p>\n","protected":false},"featured_media":11243,"comment_status":"open","ping_status":"closed","template":"","meta":{"wds_primary_product_brand":0,"wds_primary_product_cat":188,"wds_primary_merken":0},"product_brand":[],"product_cat":[4770],"product_tag":[],"merken":[],"class_list":{"0":"post-9054","1":"product","2":"type-product","3":"status-publish","4":"has-post-thumbnail","6":"product_cat-superalimentos-pt-pt","7":"infinite-scroll-item","8":"sales-flash-overlay","9":"woocommerce-text-align-center","10":"woocommerce-image-align-center","11":"do-quantity-buttons","13":"first","14":"instock","15":"taxable","16":"shipping-taxable","17":"purchasable","18":"product-type-simple"},"_links":{"self":[{"href":"https:\/\/www.ngdcare.nl\/pt-pt\/wp-json\/wp\/v2\/product\/9054","targetHints":{"allow":["GET"]}}],"collection":[{"href":"https:\/\/www.ngdcare.nl\/pt-pt\/wp-json\/wp\/v2\/product"}],"about":[{"href":"https:\/\/www.ngdcare.nl\/pt-pt\/wp-json\/wp\/v2\/types\/product"}],"replies":[{"embeddable":true,"href":"https:\/\/www.ngdcare.nl\/pt-pt\/wp-json\/wp\/v2\/comments?post=9054"}],"wp:featuredmedia":[{"embeddable":true,"href":"https:\/\/www.ngdcare.nl\/pt-pt\/wp-json\/wp\/v2\/media\/11243"}],"wp:attachment":[{"href":"https:\/\/www.ngdcare.nl\/pt-pt\/wp-json\/wp\/v2\/media?parent=9054"}],"wp:term":[{"taxonomy":"product_brand","embeddable":true,"href":"https:\/\/www.ngdcare.nl\/pt-pt\/wp-json\/wp\/v2\/product_brand?post=9054"},{"taxonomy":"product_cat","embeddable":true,"href":"https:\/\/www.ngdcare.nl\/pt-pt\/wp-json\/wp\/v2\/product_cat?post=9054"},{"taxonomy":"product_tag","embeddable":true,"href":"https:\/\/www.ngdcare.nl\/pt-pt\/wp-json\/wp\/v2\/product_tag?post=9054"},{"taxonomy":"merken","embeddable":true,"href":"https:\/\/www.ngdcare.nl\/pt-pt\/wp-json\/wp\/v2\/merken?post=9054"}],"curies":[{"name":"wp","href":"https:\/\/api.w.org\/{rel}","templated":true}]}}