{"id":9793,"date":"2025-11-06T19:17:49","date_gmt":"2025-11-06T18:17:49","guid":{"rendered":"https:\/\/www.ngdcare.nl\/product\/sem%20categoria\/tecido-de-canhamo-com-penas-brinquedo-kicker-com-catnip\/"},"modified":"2025-11-06T19:21:19","modified_gmt":"2025-11-06T18:21:19","slug":"tecido-de-canhamo-com-penas-brinquedo-kicker-com-catnip","status":"publish","type":"product","link":"https:\/\/www.ngdcare.nl\/pt-pt\/product\/loja-de-animais-de-estimacao\/gato\/tecido-de-canhamo-com-penas-brinquedo-kicker-com-catnip\/","title":{"rendered":"Tecido de c\u00e2nhamo com penas Brinquedo Kicker com catnip"},"content":{"rendered":"<p data-start=\"92\" data-end=\"401\">D\u00ea vida ao instinto de ca\u00e7a do seu gato com este <strong data-start=\"146\" data-end=\"197\">brinquedo Cat Kicker feito \u00e0 m\u00e3o de c\u00e2nhamo e penas<\/strong>. Perfeitamente moldado para gatos en\u00e9rgicos que gostam de chutar, lutar e brincar. As penas naturais estimulam os sentidos e fazem de cada salto um mini-iate \u2013 tudo no conforto da sua casa.  <\/p>\n<p data-start=\"403\" data-end=\"705\">A forma de almofada macia \u00e9 feita de <strong data-start=\"439\" data-end=\"458\">tecido 100% c\u00e2nhamo<\/strong>, preenchida com <strong data-start=\"471\" data-end=\"490\">l\u00e3 natural<\/strong> e finalizada com <strong data-start=\"509\" data-end=\"543\">penas de uma fazenda local<\/strong>. As penas s\u00e3o naturalmente <strong data-start=\"594\" data-end=\"626\">fixadas com cera de abelha de origem local<\/strong>, para que tudo permane\u00e7a firmemente no lugar \u2013 completamente <strong data-start=\"675\" data-end=\"702\">livre de pl\u00e1stico e sustent\u00e1vel<\/strong>. <\/p>\n<p data-start=\"707\" data-end=\"800\">\u00c9 preenchido com <strong data-start=\"749\" data-end=\"773\">catnip (catnip)<\/strong> para divers\u00e3o extra.<\/p>\n<p data-start=\"802\" data-end=\"822\"><strong data-start=\"802\" data-end=\"820\">Propriedades:<\/strong><\/p>\n<ul>\n<li data-start=\"825\" data-end=\"875\">Feito \u00e0 m\u00e3o a partir de materiais sustent\u00e1veis e naturais<\/li>\n<li data-start=\"878\" data-end=\"919\">100% livre de pl\u00e1stico \u2013 incluindo embalagens<\/li>\n<li data-start=\"922\" data-end=\"973\">Com penas locais e cera de abelha de pequena produ\u00e7\u00e3o<\/li>\n<li data-start=\"976\" data-end=\"1034\">Com catnip (catnip) para estimula\u00e7\u00e3o extra<\/li>\n<li data-start=\"1037\" data-end=\"1087\">Forte, seguro e totalmente biodegrad\u00e1vel<\/li>\n<\/ul>\n<p data-start=\"1089\" data-end=\"1106\"><strong data-start=\"1089\" data-end=\"1104\">Dimens\u00f5es:<\/strong><\/p>\n<ul>\n<li data-start=\"1109\" data-end=\"1128\">Almofada: 25 \u00d7 5 cm<\/li>\n<li data-start=\"1131\" data-end=\"1190\">Molas: mistura de aprox. 10 pe\u00e7as em v\u00e1rios comprimentos e cores<\/li>\n<\/ul>\n","protected":false},"excerpt":{"rendered":"<p><strong>O Natural Hemp &amp; Feathers Cat Kicker Toy<\/strong> \u00e9 o melhor brinquedo ecol\u00f3gico para gatos ativos! \u00c9 natural, resistente e irresist\u00edvel para qualquer pequeno ca\u00e7ador. <\/p>\n","protected":false},"featured_media":9795,"comment_status":"open","ping_status":"closed","template":"","meta":[],"product_brand":[],"product_cat":[5040,5039],"product_tag":[],"merken":[],"class_list":{"0":"post-9793","1":"product","2":"type-product","3":"status-publish","4":"has-post-thumbnail","6":"product_cat-brinquedos-sustentaveis-2","7":"product_cat-gato","8":"infinite-scroll-item","9":"sales-flash-overlay","10":"woocommerce-text-align-center","11":"woocommerce-image-align-center","12":"do-quantity-buttons","14":"first","15":"instock","16":"sold-individually","17":"taxable","18":"shipping-taxable","19":"purchasable","20":"product-type-simple"},"_links":{"self":[{"href":"https:\/\/www.ngdcare.nl\/pt-pt\/wp-json\/wp\/v2\/product\/9793","targetHints":{"allow":["GET"]}}],"collection":[{"href":"https:\/\/www.ngdcare.nl\/pt-pt\/wp-json\/wp\/v2\/product"}],"about":[{"href":"https:\/\/www.ngdcare.nl\/pt-pt\/wp-json\/wp\/v2\/types\/product"}],"replies":[{"embeddable":true,"href":"https:\/\/www.ngdcare.nl\/pt-pt\/wp-json\/wp\/v2\/comments?post=9793"}],"wp:featuredmedia":[{"embeddable":true,"href":"https:\/\/www.ngdcare.nl\/pt-pt\/wp-json\/wp\/v2\/media\/9795"}],"wp:attachment":[{"href":"https:\/\/www.ngdcare.nl\/pt-pt\/wp-json\/wp\/v2\/media?parent=9793"}],"wp:term":[{"taxonomy":"product_brand","embeddable":true,"href":"https:\/\/www.ngdcare.nl\/pt-pt\/wp-json\/wp\/v2\/product_brand?post=9793"},{"taxonomy":"product_cat","embeddable":true,"href":"https:\/\/www.ngdcare.nl\/pt-pt\/wp-json\/wp\/v2\/product_cat?post=9793"},{"taxonomy":"product_tag","embeddable":true,"href":"https:\/\/www.ngdcare.nl\/pt-pt\/wp-json\/wp\/v2\/product_tag?post=9793"},{"taxonomy":"merken","embeddable":true,"href":"https:\/\/www.ngdcare.nl\/pt-pt\/wp-json\/wp\/v2\/merken?post=9793"}],"curies":[{"name":"wp","href":"https:\/\/api.w.org\/{rel}","templated":true}]}}