{"id":9875,"date":"2025-11-06T19:46:15","date_gmt":"2025-11-06T18:46:15","guid":{"rendered":"https:\/\/www.ngdcare.nl\/product\/sem%20categoria\/yeowww-erva-de-gato-fede\/"},"modified":"2025-11-06T19:51:04","modified_gmt":"2025-11-06T18:51:04","slug":"yeowww-erva-de-gato-fede","status":"publish","type":"product","link":"https:\/\/www.ngdcare.nl\/pt-pt\/product\/loja-de-animais-de-estimacao\/gato\/yeowww-erva-de-gato-fede\/","title":{"rendered":"Yeowww! Catnip fede por pe\u00e7a"},"content":{"rendered":"<p data-start=\"0\" data-end=\"70\"><strong data-start=\"0\" data-end=\"65\">Yeowww! Catnip Stinkies \u2013 Peixe com Catnip 100% Premium <\/strong>  \ud83d\udc1f<\/p>\n<p data-start=\"72\" data-end=\"329\">Alegre, colorido e irresist\u00edvel \u2013 o  <strong data-start=\"115\" data-end=\"142\">Yeowww! Erva de gato fede <\/strong>  s\u00e3o o brinquedo para gatos que amam catnip! Cada peixe \u00e9 preenchido com <strong data-start=\"226\" data-end=\"249\">catnip 100% premium<\/strong>, sem enchimentos ou res\u00edduos, para que o seu gato obtenha apenas o melhor. <\/p>\n<p data-start=\"331\" data-end=\"587\">A catnip de Yeowww! \u00e9 <strong data-start=\"368\" data-end=\"406\">cultivada, colhida e seca<\/strong> nos pr\u00f3prios EUA, proporcionando um aroma e apelo constantes, extremamente fortes. O <strong data-start=\"492\" data-end=\"509\">tecido de algod\u00e3o<\/strong> resistente tem a textura certa para morder, bater e abra\u00e7ar.<\/p>\n<p data-start=\"589\" data-end=\"609\"><strong data-start=\"589\" data-end=\"607\">Propriedades:<\/strong><\/p>\n<ul>\n<li data-start=\"612\" data-end=\"682\">Preenchido com catnip americano 100% de alta qualidade \u2013 sem material de enchimento<\/li>\n<li data-start=\"685\" data-end=\"744\">Cheiro forte e duradouro que os gatos consideram irresist\u00edvel<\/li>\n<li data-start=\"747\" data-end=\"800\">Feito de algod\u00e3o dur\u00e1vel 100% com textura ideal<\/li>\n<li data-start=\"803\" data-end=\"849\">Design de peixe colorido para jogo extra<\/li>\n<li data-start=\"852\" data-end=\"905\">Seguro, resistente e feito \u00e0 m\u00e3o com tinta n\u00e3o t\u00f3xica<\/li>\n<\/ul>\n<p data-start=\"907\" data-end=\"1011\"><strong data-start=\"907\" data-end=\"922\">Dimens\u00f5es:<\/strong> aprox. 7,5 cm por peixe<br data-start=\"943\" data-end=\"946\"><strong data-start=\"946\" data-end=\"956\">Cor:<\/strong> amarelo<br data-start=\"961\" data-end=\"964\"><strong data-start=\"964\" data-end=\"982\">Indicado para:<\/strong> gatos de todas as idades<\/p>\n","protected":false},"excerpt":{"rendered":"<p><strong>O Yeowww! Erva de gato fede <\/strong>  s\u00e3o peixes coloridos cheios de catnip de alta qualidade! Eles s\u00e3o pequenos em tamanho, mas muito grandes em apelo! <\/p>\n","protected":false},"featured_media":9908,"comment_status":"open","ping_status":"closed","template":"","meta":[],"product_brand":[],"product_cat":[5040,5039],"product_tag":[],"merken":[],"class_list":{"0":"post-9875","1":"product","2":"type-product","3":"status-publish","4":"has-post-thumbnail","6":"product_cat-brinquedos-sustentaveis-2","7":"product_cat-gato","8":"infinite-scroll-item","9":"sales-flash-overlay","10":"woocommerce-text-align-center","11":"woocommerce-image-align-center","12":"do-quantity-buttons","14":"first","15":"instock","16":"sold-individually","17":"taxable","18":"shipping-taxable","19":"purchasable","20":"product-type-simple"},"_links":{"self":[{"href":"https:\/\/www.ngdcare.nl\/pt-pt\/wp-json\/wp\/v2\/product\/9875","targetHints":{"allow":["GET"]}}],"collection":[{"href":"https:\/\/www.ngdcare.nl\/pt-pt\/wp-json\/wp\/v2\/product"}],"about":[{"href":"https:\/\/www.ngdcare.nl\/pt-pt\/wp-json\/wp\/v2\/types\/product"}],"replies":[{"embeddable":true,"href":"https:\/\/www.ngdcare.nl\/pt-pt\/wp-json\/wp\/v2\/comments?post=9875"}],"wp:featuredmedia":[{"embeddable":true,"href":"https:\/\/www.ngdcare.nl\/pt-pt\/wp-json\/wp\/v2\/media\/9908"}],"wp:attachment":[{"href":"https:\/\/www.ngdcare.nl\/pt-pt\/wp-json\/wp\/v2\/media?parent=9875"}],"wp:term":[{"taxonomy":"product_brand","embeddable":true,"href":"https:\/\/www.ngdcare.nl\/pt-pt\/wp-json\/wp\/v2\/product_brand?post=9875"},{"taxonomy":"product_cat","embeddable":true,"href":"https:\/\/www.ngdcare.nl\/pt-pt\/wp-json\/wp\/v2\/product_cat?post=9875"},{"taxonomy":"product_tag","embeddable":true,"href":"https:\/\/www.ngdcare.nl\/pt-pt\/wp-json\/wp\/v2\/product_tag?post=9875"},{"taxonomy":"merken","embeddable":true,"href":"https:\/\/www.ngdcare.nl\/pt-pt\/wp-json\/wp\/v2\/merken?post=9875"}],"curies":[{"name":"wp","href":"https:\/\/api.w.org\/{rel}","templated":true}]}}