{"id":10304,"date":"2025-11-15T21:34:33","date_gmt":"2025-11-15T20:34:33","guid":{"rendered":"https:\/\/www.ngdcare.nl\/?post_type=product&#038;p=10304"},"modified":"2025-11-24T15:33:00","modified_gmt":"2025-11-24T14:33:00","slug":"prebiotika-prebiotiska-fibrer-kopie","status":"publish","type":"product","link":"https:\/\/www.ngdcare.nl\/sv\/product\/human-health\/kosttillskott\/prebiotika-prebiotiska-fibrer-kopie\/","title":{"rendered":"Prebiotisk fiber"},"content":{"rendered":"<div>\n<p style=\"font-weight: 400;\"><strong>NGD-v\u00e5rd \u2013 Prebiotisk fiber <\/strong>\u00e4r en noggrant sammansatt blandning av naturliga fibrer och funktionella \u00e4mnen som fungerar som f\u00f6da f\u00f6r nyttiga tarmbakterier. Till skillnad fr\u00e5n probiotika (levande bakterier) <strong>\u00e4r prebiotika fermenterbara fibrer<\/strong> som stimulerar tillv\u00e4xten och aktiviteten i det befintliga mikrobiomet. Prebiotika \u00e4r osm\u00e4ltbara kolhydrater som korsar mag-tarmkanalen och selektivt fermenteras i tjocktarmen av nyttiga bakteriearter som Bifidobacterium och Lactobacillus. Detta skapar kortkedjiga fettsyror (SCFA) s\u00e5som butyrat, propionat och acetat, vilka ger n\u00e4ring \u00e5t tarmv\u00e4ggen, s\u00e4nker pH, modulerar inflammatoriska processer och st\u00f6djer tarmbarri\u00e4ren. Detta prebiotiska komplex har utvecklats f\u00f6r att fr\u00e4mja mikrobiomets m\u00e5ngfald och stabilitet p\u00e5 ett milt men effektivt s\u00e4tt.    <\/p>\n<p style=\"font-weight: 400;\">Denna unika formel inneh\u00e5ller de <strong>fem huvudsakliga prebiotiska grupperna<\/strong>:<\/p>\n<ul>\n<li style=\"font-weight: 400;\"><strong>Inulin och FOS<\/strong> fr\u00e5n cikoriarot<\/li>\n<li><strong>Arabinogalaktaner<\/strong> fr\u00e5n akaciafiber<\/li>\n<li><strong>MOS<\/strong> fr\u00e5n <em>Saccharomyces boulardii<\/em><\/li>\n<li><strong>Betaglukaner<\/strong> fr\u00e5n svampen <em>Agaricus blazei<\/em><\/li>\n<\/ul>\n<p>Produkten \u00e4r v\u00e4l l\u00e4mpad f\u00f6r st\u00f6rd tarmbalans (efter medicinering, stress, sjukdom), vid f\u00f6rstoppning eller oregelbunden tarmr\u00f6relse och som en del av ett integrerat tarmprotokoll. Prebiotika hj\u00e4lper inte bara till med lokal tarmh\u00e4lsa, utan har ocks\u00e5 systemiska effekter genom tarm-hj\u00e4rna-axeln, tarm-immun-axeln och tarmmetabolismens axel. De kan bidra till b\u00e4ttre tolerans mot mat, mer stabil energi och ett mer balanserat immunsvar.<br data-start=\"1961\" data-end=\"1964\">Eftersom k\u00e4nsliga tarmar ibland reagerar v\u00e5ldsamt p\u00e5 stora m\u00e4ngder fermenterbar fiber, \u00e4r detta komplex avsett att byggas upp l\u00e5ngsamt. Det kan kombineras med probiotika, glutamin, laktoferrin och andra tarmst\u00f6djande. F\u00f6r personer med SIBO eller sv\u00e5ra gas-\/sm\u00e4rtklagom\u00e5l justeras dos och typ av fiber helst av en terapeut.    <\/p>\n<\/div>\n","protected":false},"excerpt":{"rendered":"<p style=\"font-weight: 400;\">Prebiotika Fiber fr\u00e5n NGD Care inneh\u00e5ller en blandning av l\u00f6sliga fibrer som fungerar som f\u00f6da f\u00f6r nyttiga tarmbakterier. St\u00f6djer ett h\u00e4lsosamt mikrobiom, tarmbarri\u00e4r och tarmr\u00f6relser. <\/p>\n","protected":false},"featured_media":11818,"comment_status":"open","ping_status":"closed","template":"","meta":{"wds_primary_product_brand":0,"wds_primary_product_cat":0,"wds_primary_merken":0},"product_brand":[],"product_cat":[5326],"product_tag":[2937,2936,5763,1920,5762,1921,5417,2647,1933,1939,5337,2935,5765,2938,1931,5764],"merken":[2756],"class_list":{"0":"post-10304","1":"product","2":"type-product","3":"status-publish","4":"has-post-thumbnail","6":"product_cat-kosttillskott","7":"product_tag-avforing","8":"product_tag-fiber-sv","9":"product_tag-fos","10":"product_tag-hund-sv","11":"product_tag-inulin","12":"product_tag-katt-sv","13":"product_tag-manskliga-tillskott","14":"product_tag-matsmaltning","15":"product_tag-mikrobiom-sv","16":"product_tag-ngd-care-tillskott","17":"product_tag-ngd-vard-manniskors-halsa","18":"product_tag-prebiotika-sv","19":"product_tag-tarmbarriaren","20":"product_tag-tarmflora-sv","21":"product_tag-tarmhalsa","22":"product_tag-tarmtomning","23":"merken-ngdcare","24":"infinite-scroll-item","25":"sales-flash-overlay","26":"woocommerce-text-align-center","27":"woocommerce-image-align-center","28":"do-quantity-buttons","30":"first","31":"instock","32":"taxable","33":"shipping-taxable","34":"purchasable","35":"product-type-simple"},"_links":{"self":[{"href":"https:\/\/www.ngdcare.nl\/sv\/wp-json\/wp\/v2\/product\/10304","targetHints":{"allow":["GET"]}}],"collection":[{"href":"https:\/\/www.ngdcare.nl\/sv\/wp-json\/wp\/v2\/product"}],"about":[{"href":"https:\/\/www.ngdcare.nl\/sv\/wp-json\/wp\/v2\/types\/product"}],"replies":[{"embeddable":true,"href":"https:\/\/www.ngdcare.nl\/sv\/wp-json\/wp\/v2\/comments?post=10304"}],"wp:featuredmedia":[{"embeddable":true,"href":"https:\/\/www.ngdcare.nl\/sv\/wp-json\/wp\/v2\/media\/11818"}],"wp:attachment":[{"href":"https:\/\/www.ngdcare.nl\/sv\/wp-json\/wp\/v2\/media?parent=10304"}],"wp:term":[{"taxonomy":"product_brand","embeddable":true,"href":"https:\/\/www.ngdcare.nl\/sv\/wp-json\/wp\/v2\/product_brand?post=10304"},{"taxonomy":"product_cat","embeddable":true,"href":"https:\/\/www.ngdcare.nl\/sv\/wp-json\/wp\/v2\/product_cat?post=10304"},{"taxonomy":"product_tag","embeddable":true,"href":"https:\/\/www.ngdcare.nl\/sv\/wp-json\/wp\/v2\/product_tag?post=10304"},{"taxonomy":"merken","embeddable":true,"href":"https:\/\/www.ngdcare.nl\/sv\/wp-json\/wp\/v2\/merken?post=10304"}],"curies":[{"name":"wp","href":"https:\/\/api.w.org\/{rel}","templated":true}]}}