{"id":10318,"date":"2025-11-16T11:49:18","date_gmt":"2025-11-16T10:49:18","guid":{"rendered":"https:\/\/www.ngdcare.nl\/?post_type=product&#038;p=10318"},"modified":"2025-11-24T13:07:17","modified_gmt":"2025-11-24T12:07:17","slug":"liposomalt-curcumin-liposomalt-curcuminextrakt-kopie","status":"publish","type":"product","link":"https:\/\/www.ngdcare.nl\/sv\/product\/human-health\/kosttillskott\/liposomalt-curcumin-liposomalt-curcuminextrakt-kopie\/","title":{"rendered":"Liposomalt curcuminextrakt"},"content":{"rendered":"<p style=\"font-weight: 400;\">Curcumin \u00e4r ett av de b\u00e4st unders\u00f6kta fyton\u00e4rings\u00e4mnena och har en bred effekt p\u00e5 oxidativ stress, inflammatoriska v\u00e4gar och reparationsprocesser. Dock absorberas n\u00e4stan inte standardcurcumin och kr\u00e4ver h\u00f6ga doser som kan belasta mag-tarmkanalen. <strong>NGD Care Human Healths<\/strong> <strong>liposomala curcumin<\/strong> inneh\u00e5ller det mest dokumenterade Curcumin C3 och \u00e4r f\u00f6rpackat i fosfolipider, vilket g\u00f6r det mycket b\u00e4ttre absorberat och mindre ben\u00e4get att brytas ner.  <\/p>\n<p style=\"font-weight: 400;\">Denna avancerade form st\u00f6djer ledkomfort, leverfunktion, immunbalans och skydd mot fria radikaler. Det fungerar p\u00e5 flera niv\u00e5er, inklusive NF-\u03baB, inflammasomer och antioxidantv\u00e4gar som Nrf2. Detta g\u00f6r det till en utm\u00e4rkt passform f\u00f6r stress, sm\u00e4rtk\u00e4nslighet, matsm\u00e4ltningsbesv\u00e4r och \u00e5terh\u00e4mtning efter intensiv fysisk eller mental stress.  <\/p>\n<p style=\"font-weight: 400;\">Liposomalt curcumin \u00e4r skonsamt mot magen och l\u00e4mpligt f\u00f6r daglig anv\u00e4ndning. P\u00e5 grund av den f\u00f6rb\u00e4ttrade biotillg\u00e4ngligheten kr\u00e4vs l\u00e4gre doser, vilket \u00f6kar toleransen och g\u00f6r produkten idealisk f\u00f6r b\u00e5de f\u00f6rebyggande och terapeutiska till\u00e4mpningar. <\/p>\n","protected":false},"excerpt":{"rendered":"<p>Liposomalt curcumin ger en potent och mycket absorberbar form av curcuminoider f\u00f6r att st\u00f6dja inflammationsbalans och cellskydd.<\/p>\n<p>&nbsp;<\/p>\n<p>&nbsp;<\/p>\n<p>&nbsp;<\/p>\n<p>&nbsp;<\/p>\n","protected":false},"featured_media":10971,"comment_status":"open","ping_status":"closed","template":"","meta":{"wds_primary_product_brand":0,"wds_primary_product_cat":20,"wds_primary_merken":0},"product_brand":[],"product_cat":[5326],"product_tag":[2231,2320,5496,5339,3179,2368,2146,2568,5337,2381],"merken":[2756],"class_list":{"0":"post-10318","1":"product","2":"type-product","3":"status-publish","4":"has-post-thumbnail","6":"product_cat-kosttillskott","7":"product_tag-antioxidant-sv","8":"product_tag-curcumin-sv","9":"product_tag-gurkmeja-2","10":"product_tag-immunitet","11":"product_tag-inflammation-sv","12":"product_tag-leder","13":"product_tag-liposomal-sv","14":"product_tag-ngd-vard","15":"product_tag-ngd-vard-manniskors-halsa","16":"product_tag-reparera","17":"merken-ngdcare","18":"infinite-scroll-item","19":"sales-flash-overlay","20":"woocommerce-text-align-center","21":"woocommerce-image-align-center","22":"do-quantity-buttons","24":"first","25":"instock","26":"taxable","27":"shipping-taxable","28":"purchasable","29":"product-type-simple"},"_links":{"self":[{"href":"https:\/\/www.ngdcare.nl\/sv\/wp-json\/wp\/v2\/product\/10318","targetHints":{"allow":["GET"]}}],"collection":[{"href":"https:\/\/www.ngdcare.nl\/sv\/wp-json\/wp\/v2\/product"}],"about":[{"href":"https:\/\/www.ngdcare.nl\/sv\/wp-json\/wp\/v2\/types\/product"}],"replies":[{"embeddable":true,"href":"https:\/\/www.ngdcare.nl\/sv\/wp-json\/wp\/v2\/comments?post=10318"}],"wp:featuredmedia":[{"embeddable":true,"href":"https:\/\/www.ngdcare.nl\/sv\/wp-json\/wp\/v2\/media\/10971"}],"wp:attachment":[{"href":"https:\/\/www.ngdcare.nl\/sv\/wp-json\/wp\/v2\/media?parent=10318"}],"wp:term":[{"taxonomy":"product_brand","embeddable":true,"href":"https:\/\/www.ngdcare.nl\/sv\/wp-json\/wp\/v2\/product_brand?post=10318"},{"taxonomy":"product_cat","embeddable":true,"href":"https:\/\/www.ngdcare.nl\/sv\/wp-json\/wp\/v2\/product_cat?post=10318"},{"taxonomy":"product_tag","embeddable":true,"href":"https:\/\/www.ngdcare.nl\/sv\/wp-json\/wp\/v2\/product_tag?post=10318"},{"taxonomy":"merken","embeddable":true,"href":"https:\/\/www.ngdcare.nl\/sv\/wp-json\/wp\/v2\/merken?post=10318"}],"curies":[{"name":"wp","href":"https:\/\/api.w.org\/{rel}","templated":true}]}}