{"id":10358,"date":"2025-11-16T13:38:29","date_gmt":"2025-11-16T12:38:29","guid":{"rendered":"https:\/\/www.ngdcare.nl\/?post_type=product&#038;p=10358"},"modified":"2025-11-24T12:50:58","modified_gmt":"2025-11-24T11:50:58","slug":"liposomalt-vitamin-b-komplex-liposomalt-active-vit-b-komplex-kopie","status":"publish","type":"product","link":"https:\/\/www.ngdcare.nl\/sv\/product\/human-health\/kosttillskott\/liposomalt-vitamin-b-komplex-liposomalt-active-vit-b-komplex-kopie\/","title":{"rendered":"Liposomalt aktivt B-vitamin komplex"},"content":{"rendered":"<p style=\"font-weight: 400;\">B-vitaminer spelar en central roll i omvandlingen av mat till energi, uppbyggnaden och skyddet av nervsystemet, metyleringsprocesser samt regleringen av hum\u00f6r och stressrespons. I detta <strong>liposomala B-komplex<\/strong> erbjuds B-vitaminerna i biologiskt aktiva former (s\u00e5som metylkobalamin, metylfolat och P-5-P), vilket g\u00f6r dem direkt anv\u00e4ndbara i cellmetabolismen, \u00e4ven hos personer med genetiska varianter i folat- eller B12-metabolismen (t.ex. MTHFR-polymorfismer). Den liposomala behandlingen \u00f6kar ocks\u00e5 absorptionen och g\u00f6r komplexet skonsamt mot mage och tarmar.  <\/p>\n<p style=\"font-weight: 400;\">Detta B-komplex st\u00f6djer b\u00e5de fysiskt och mentalt: det bidrar till <strong>minskning av tr\u00f6tthet, normal funktion av nervsystemet och psyket, homocysteinmetabolism, bildning av r\u00f6da blodkroppar och avgiftningsprocesser<\/strong>. Den \u00e4r d\u00e4rf\u00f6r l\u00e4mplig f\u00f6r stress, hektiska perioder, \u00e5terh\u00e4mtning efter sjukdom, intensivt kognitivt arbete eller som grund i en integrativ behandlingsplan. <\/p>\n<p style=\"font-weight: 400;\">Tack vare kombinationen av aktiva B-former och liposomal teknik \u00e4r denna formel mycket l\u00e4mplig f\u00f6r personer som \u00e4r k\u00e4nsliga f\u00f6r standardsyntetiska former eller f\u00f6r vilka tidigare B-tillskott inte gett tillr\u00e4cklig effekt. Produkten kan anv\u00e4ndas s\u00e4kert dagligen och kombineras v\u00e4l med magnesium, omegas, NAD+-komplex och adaptogener. <\/p>\n","protected":false},"excerpt":{"rendered":"<p style=\"font-weight: 400;\">NGD Cares liposomala vitamin B-komplex inneh\u00e5ller aktiva B-vitaminer i en v\u00e4labsorberbar liposomal matris. St\u00f6djer energimetabolism, nervsystem, mental funktion och stressresistens. <\/p>\n","protected":false},"featured_media":10937,"comment_status":"open","ping_status":"closed","template":"","meta":{"wds_primary_product_brand":0,"wds_primary_product_cat":23,"wds_primary_merken":0},"product_brand":[],"product_cat":[5326],"product_tag":[5457,4561,2327,2146,5417,5459,5458,3364,2568,5337,2154],"merken":[2756],"class_list":{"0":"post-10358","1":"product","2":"type-product","3":"status-publish","4":"has-post-thumbnail","6":"product_cat-kosttillskott","7":"product_tag-aktiva-b-vitaminer","8":"product_tag-b-komplex-sv","9":"product_tag-energi-sv","10":"product_tag-liposomal-sv","11":"product_tag-manskliga-tillskott","12":"product_tag-metyl-b12","13":"product_tag-metylfolat","14":"product_tag-nervsystem","15":"product_tag-ngd-vard","16":"product_tag-ngd-vard-manniskors-halsa","17":"product_tag-stress-sv","18":"merken-ngdcare","19":"infinite-scroll-item","20":"sales-flash-overlay","21":"woocommerce-text-align-center","22":"woocommerce-image-align-center","23":"do-quantity-buttons","25":"first","26":"instock","27":"taxable","28":"shipping-taxable","29":"purchasable","30":"product-type-simple"},"_links":{"self":[{"href":"https:\/\/www.ngdcare.nl\/sv\/wp-json\/wp\/v2\/product\/10358","targetHints":{"allow":["GET"]}}],"collection":[{"href":"https:\/\/www.ngdcare.nl\/sv\/wp-json\/wp\/v2\/product"}],"about":[{"href":"https:\/\/www.ngdcare.nl\/sv\/wp-json\/wp\/v2\/types\/product"}],"replies":[{"embeddable":true,"href":"https:\/\/www.ngdcare.nl\/sv\/wp-json\/wp\/v2\/comments?post=10358"}],"wp:featuredmedia":[{"embeddable":true,"href":"https:\/\/www.ngdcare.nl\/sv\/wp-json\/wp\/v2\/media\/10937"}],"wp:attachment":[{"href":"https:\/\/www.ngdcare.nl\/sv\/wp-json\/wp\/v2\/media?parent=10358"}],"wp:term":[{"taxonomy":"product_brand","embeddable":true,"href":"https:\/\/www.ngdcare.nl\/sv\/wp-json\/wp\/v2\/product_brand?post=10358"},{"taxonomy":"product_cat","embeddable":true,"href":"https:\/\/www.ngdcare.nl\/sv\/wp-json\/wp\/v2\/product_cat?post=10358"},{"taxonomy":"product_tag","embeddable":true,"href":"https:\/\/www.ngdcare.nl\/sv\/wp-json\/wp\/v2\/product_tag?post=10358"},{"taxonomy":"merken","embeddable":true,"href":"https:\/\/www.ngdcare.nl\/sv\/wp-json\/wp\/v2\/merken?post=10358"}],"curies":[{"name":"wp","href":"https:\/\/api.w.org\/{rel}","templated":true}]}}