{"id":10378,"date":"2025-11-16T13:59:01","date_gmt":"2025-11-16T12:59:01","guid":{"rendered":"https:\/\/www.ngdcare.nl\/?post_type=product&#038;p=10378"},"modified":"2025-12-01T20:43:59","modified_gmt":"2025-12-01T19:43:59","slug":"liposomal-nad-resveratrol-och-ergotionein-stod-for-lang-livslangd-kopie","status":"publish","type":"product","link":"https:\/\/www.ngdcare.nl\/sv\/product\/human-health\/kosttillskott\/liposomal-nad-resveratrol-och-ergotionein-stod-for-lang-livslangd-kopie\/","title":{"rendered":"St\u00f6d f\u00f6r liposomal livsl\u00e4ngd"},"content":{"rendered":"<p style=\"font-weight: 400;\"><strong>NAD\u207a<\/strong> (nikotinamidadenin-dinukleotid) \u00e4r en avg\u00f6rande kofaktor i energiproduktion, DNA-reparation och cellmetabolism. Med \u00e5ldern minskar NAD\u207a-niv\u00e5erna gradvis, vilket \u00e4r kopplat till nedsatt mitokondriefunktion, l\u00e5ngsammare \u00e5terh\u00e4mtning och \u00e5ldrandeprocesser. <strong>Resveratrol<\/strong> \u00e4r en polyfenol som kan p\u00e5verka SIRT1-aktiviteten och d\u00e4rmed st\u00f6dja v\u00e4gar f\u00f6r stressrespons, \u00e4mnesoms\u00e4ttning och \u00e5ldrande. <strong>Ergothionein<\/strong> \u00e4r en unik svavelhaltig antioxidant som specifikt absorberas i celler och v\u00e4vnader via OCTN1-transport\u00f6ren och har en skyddande roll mot oxidativ och nitrosativ stress. <\/p>\n<p style=\"font-weight: 400;\">I denna liposomala formel kombineras de tre \u00e4mnena f\u00f6r att st\u00f6dja synergistisk <strong>energihantering, cellskydd och reparationsprocesser<\/strong>. NAD-prekursorn bidrar till att fylla p\u00e5 NAD\u207a-lagren, resveratrol st\u00f6djer sirtuineaktivitet och k\u00e4rlh\u00e4lsa, och ergothionein ger l\u00e5ngsiktigt skydd mot redox i v\u00e4vnader med h\u00f6g metabolisk aktivitet (s\u00e5som hj\u00e4rna, hj\u00e4rta och lever). Detta g\u00f6r formeln l\u00e4mplig f\u00f6r tr\u00f6tthet, \u00e5terh\u00e4mtning efter sjukdom, \u00f6kad oxidativ stress, kardiometabol risk och som en del av en integrerad \u201ch\u00e4lsosam \u00e5ldrande&#8221;-strategi.  <\/p>\n<p style=\"font-weight: 400;\">Den liposomala matrisen s\u00e4kerst\u00e4ller att dessa k\u00e4nsliga \u00e4mnen absorberas v\u00e4l och f\u00f6rblir skyddade i mag-tarmkanalen. Formeln har utvecklats f\u00f6r vuxna anv\u00e4ndare och terapeuter som vill fokusera p\u00e5 mitokondrier, cell\u00e5ldrande och systemh\u00e4lsa, utan extrema eller experimentella doser. <\/p>\n","protected":false},"excerpt":{"rendered":"<p style=\"font-weight: 400;\">Liposomal Longevity Support kombinerar en NAD-prekursor med resveratrol och ergothionein i en mycket absorberbar liposomal formel. St\u00f6djer energihantering, cellskydd och processer som ing\u00e5r i h\u00e4lsosamt \u00e5ldrande. <\/p>\n<p style=\"font-weight: 400;\">\n","protected":false},"featured_media":11027,"comment_status":"open","ping_status":"closed","template":"","meta":{"wds_primary_product_brand":0,"wds_primary_product_cat":187,"wds_primary_merken":0},"product_brand":[],"product_cat":[5326],"product_tag":[3514,5637,2146,2160,5636,4457,2568,5337,4458,5638,2329],"merken":[2756],"class_list":{"0":"post-10378","1":"product","2":"type-product","3":"status-publish","4":"has-post-thumbnail","6":"product_cat-kosttillskott","7":"product_tag-aldrande","8":"product_tag-ergothioneine","9":"product_tag-liposomal-sv","10":"product_tag-livslangd","11":"product_tag-mitokondrier","12":"product_tag-nad-sv","13":"product_tag-ngd-vard","14":"product_tag-ngd-vard-manniskors-halsa","15":"product_tag-resveratrol-sv","16":"product_tag-sirtuins","17":"product_tag-skydd-av-celler","18":"merken-ngdcare","19":"infinite-scroll-item","20":"sales-flash-overlay","21":"woocommerce-text-align-center","22":"woocommerce-image-align-center","23":"do-quantity-buttons","25":"first","26":"instock","27":"taxable","28":"shipping-taxable","29":"purchasable","30":"product-type-simple"},"_links":{"self":[{"href":"https:\/\/www.ngdcare.nl\/sv\/wp-json\/wp\/v2\/product\/10378","targetHints":{"allow":["GET"]}}],"collection":[{"href":"https:\/\/www.ngdcare.nl\/sv\/wp-json\/wp\/v2\/product"}],"about":[{"href":"https:\/\/www.ngdcare.nl\/sv\/wp-json\/wp\/v2\/types\/product"}],"replies":[{"embeddable":true,"href":"https:\/\/www.ngdcare.nl\/sv\/wp-json\/wp\/v2\/comments?post=10378"}],"wp:featuredmedia":[{"embeddable":true,"href":"https:\/\/www.ngdcare.nl\/sv\/wp-json\/wp\/v2\/media\/11027"}],"wp:attachment":[{"href":"https:\/\/www.ngdcare.nl\/sv\/wp-json\/wp\/v2\/media?parent=10378"}],"wp:term":[{"taxonomy":"product_brand","embeddable":true,"href":"https:\/\/www.ngdcare.nl\/sv\/wp-json\/wp\/v2\/product_brand?post=10378"},{"taxonomy":"product_cat","embeddable":true,"href":"https:\/\/www.ngdcare.nl\/sv\/wp-json\/wp\/v2\/product_cat?post=10378"},{"taxonomy":"product_tag","embeddable":true,"href":"https:\/\/www.ngdcare.nl\/sv\/wp-json\/wp\/v2\/product_tag?post=10378"},{"taxonomy":"merken","embeddable":true,"href":"https:\/\/www.ngdcare.nl\/sv\/wp-json\/wp\/v2\/merken?post=10378"}],"curies":[{"name":"wp","href":"https:\/\/api.w.org\/{rel}","templated":true}]}}