{"id":10410,"date":"2025-11-16T14:15:46","date_gmt":"2025-11-16T13:15:46","guid":{"rendered":"https:\/\/www.ngdcare.nl\/?post_type=product&#038;p=10410"},"modified":"2025-11-24T13:23:58","modified_gmt":"2025-11-24T12:23:58","slug":"liposomal-svampblandning-1-liposomalt-myco-immunkomplex-kopie","status":"publish","type":"product","link":"https:\/\/www.ngdcare.nl\/sv\/product\/human-health\/kosttillskott\/liposomal-svampblandning-1-liposomalt-myco-immunkomplex-kopie\/","title":{"rendered":"Liposomalt myco-immunkomplex"},"content":{"rendered":"<p><strong><span style=\"font-weight: 400;\">NGD Care \u2013 <strong>Liposomal <\/strong><\/span>myco immunkomplex <\/strong>\u00e4r en kraftfull blandning av fyra medicinska svampar: <strong style=\"font-weight: 400;\">Agaricus blazei Murill, Maitake (Grifola frondosa), Shiitake (Lentinula edodes)<\/strong> och <strong style=\"font-weight: 400;\">Coriolus versicolor (Turkey Tail).<\/strong> Dessa svampar har en l\u00e5ng tradition inom fytoterapi och en v\u00e4xande vetenskaplig grund. Deras huvudsakliga aktiva komponenter \u00e4r polysackarider och \u03b2-glukaner som modulerar det medf\u00f6dda och adaptiva immunsystemet via receptorer som Dectin-1, TLR och komplementv\u00e4gar. Genom att formulera dem liposomalt skyddas och absorberas extrakten b\u00e4ttre, vilket \u00e4r s\u00e4rskilt viktigt f\u00f6r personer med ett k\u00e4nsligt matsm\u00e4ltningssystem.   <\/p>\n<p>Myco Immune Complex st\u00f6djer ett balanserat immunsvar: det kan modulera b\u00e5de underaktiva och \u00f6veraktiva immunsvar och anv\u00e4nds d\u00e4rf\u00f6r ofta f\u00f6r <strong>minskad resistens, \u00e5terh\u00e4mtning efter sjukdom, \u00f6kad mottaglighet f\u00f6r infektion <\/strong>och som en st\u00f6djande komponent i<strong> onkologiska eller kroniska sjukdomsf\u00f6rlopp<\/strong> (alltid i samr\u00e5d med ut\u00f6varen). Dessutom bidrar svamparna till vitalitet, antioxidantskydd och st\u00f6d f\u00f6r lever- och tarmfunktion. <\/p>\n<p>Genom att kombinera flera svampar kombineras olika verkningsmekanismer, vilket resulterar i ett brett men samtidigt relativt milt och fysiologiskt st\u00f6d f\u00f6r immunsystemet. Den liposomala matrisen g\u00f6r denna formel l\u00e4mplig f\u00f6r l\u00e5ngtidsanv\u00e4ndning och f\u00f6r k\u00e4nsliga patienter som t\u00e5ls s\u00e4mre av h\u00f6ga doser r\u00e5a svampprodukter. <\/p>\n<p data-start=\"14463\" data-end=\"14479\">\n","protected":false},"excerpt":{"rendered":"<p class=\"p3\">Liposomal Myco Immune Complex kombinerar fyra medicinska svampar f\u00f6r att st\u00f6dja immunf\u00f6rsvaret, \u00e5terh\u00e4mtningen och vitaliteten. Den liposomala formen \u00f6kar absorptionen och biotillg\u00e4ngligheten. <\/p>\n","protected":false},"featured_media":11004,"comment_status":"open","ping_status":"closed","template":"","meta":{"wds_primary_product_brand":0,"wds_primary_product_cat":21,"wds_primary_merken":0},"product_brand":[],"product_cat":[5326],"product_tag":[2225,5565,2227,1928,2146,2226,5564,2568,5337,2224,5562],"merken":[],"class_list":{"0":"post-10410","1":"product","2":"type-product","3":"status-publish","4":"has-post-thumbnail","6":"product_cat-kosttillskott","7":"product_tag-agaricus-agaricus","8":"product_tag-beta-glukaner","9":"product_tag-coriolus-sv","10":"product_tag-immunforsvar","11":"product_tag-liposomal-sv","12":"product_tag-maitake-maitake","13":"product_tag-myco-immune","14":"product_tag-ngd-vard","15":"product_tag-ngd-vard-manniskors-halsa","16":"product_tag-shiitake-sv","17":"product_tag-svampblandning","18":"infinite-scroll-item","19":"sales-flash-overlay","20":"woocommerce-text-align-center","21":"woocommerce-image-align-center","22":"do-quantity-buttons","24":"first","25":"instock","26":"featured","27":"taxable","28":"shipping-taxable","29":"purchasable","30":"product-type-simple"},"_links":{"self":[{"href":"https:\/\/www.ngdcare.nl\/sv\/wp-json\/wp\/v2\/product\/10410","targetHints":{"allow":["GET"]}}],"collection":[{"href":"https:\/\/www.ngdcare.nl\/sv\/wp-json\/wp\/v2\/product"}],"about":[{"href":"https:\/\/www.ngdcare.nl\/sv\/wp-json\/wp\/v2\/types\/product"}],"replies":[{"embeddable":true,"href":"https:\/\/www.ngdcare.nl\/sv\/wp-json\/wp\/v2\/comments?post=10410"}],"wp:featuredmedia":[{"embeddable":true,"href":"https:\/\/www.ngdcare.nl\/sv\/wp-json\/wp\/v2\/media\/11004"}],"wp:attachment":[{"href":"https:\/\/www.ngdcare.nl\/sv\/wp-json\/wp\/v2\/media?parent=10410"}],"wp:term":[{"taxonomy":"product_brand","embeddable":true,"href":"https:\/\/www.ngdcare.nl\/sv\/wp-json\/wp\/v2\/product_brand?post=10410"},{"taxonomy":"product_cat","embeddable":true,"href":"https:\/\/www.ngdcare.nl\/sv\/wp-json\/wp\/v2\/product_cat?post=10410"},{"taxonomy":"product_tag","embeddable":true,"href":"https:\/\/www.ngdcare.nl\/sv\/wp-json\/wp\/v2\/product_tag?post=10410"},{"taxonomy":"merken","embeddable":true,"href":"https:\/\/www.ngdcare.nl\/sv\/wp-json\/wp\/v2\/merken?post=10410"}],"curies":[{"name":"wp","href":"https:\/\/api.w.org\/{rel}","templated":true}]}}