{"id":10471,"date":"2025-11-16T15:11:48","date_gmt":"2025-11-16T14:11:48","guid":{"rendered":"https:\/\/www.ngdcare.nl\/?post_type=product&#038;p=10471"},"modified":"2025-11-24T12:42:48","modified_gmt":"2025-11-24T11:42:48","slug":"liposomale-vitamin-c-liposomalt-vitamin-c-kopie","status":"publish","type":"product","link":"https:\/\/www.ngdcare.nl\/sv\/product\/human-health\/kosttillskott\/liposomale-vitamin-c-liposomalt-vitamin-c-kopie\/","title":{"rendered":"Liposomalt vitamin C"},"content":{"rendered":"<p style=\"font-weight: 400;\"><strong>Vitamin C<\/strong> \u00e4r en viktig antioxidant som spelar en viktig roll i <strong>immunsystemet<\/strong>, <strong>kollagenproduktionen<\/strong>, <strong>energimetabolismen<\/strong> och <strong>skyddet mot oxidativ stress<\/strong>. De flesta former av vitamin C bryts snabbt ner i mag-tarmkanalen, vilket begr\u00e4nsar upptaget och kan orsaka bukbesv\u00e4r vid h\u00f6gre doser. NGD Care anv\u00e4nder d\u00e4rf\u00f6r en liposomal form, d\u00e4r vitamin C \u00e4r inkapslat i fosfolipider. Som ett resultat absorberas det mer direkt genom lymfan och tolereras b\u00e4ttre av k\u00e4nsliga tarmar.   <\/p>\n<p style=\"font-weight: 400;\">Liposomalt vitamin C st\u00f6djer immunsystemet b\u00e5de i akuta situationer och i f\u00f6rebyggande syften. P\u00e5 grund av sitt h\u00f6ga upptag n\u00e5r det de celler som \u00e4r beroende av tillr\u00e4ckligt med askorbat snabbare, s\u00e5som immunceller, leverceller, fibroblaster och hj\u00e4rnv\u00e4vnad. Vitamin C \u00e4r ocks\u00e5 n\u00f6dv\u00e4ndigt f\u00f6r syntesen av kollagen, vilket bidrar till hudreparation, styrka i k\u00e4rlv\u00e4ggen och frisk bindv\u00e4v.  <\/p>\n<p style=\"font-weight: 400;\">Eftersom vitamin C \u00e4r involverat i hundratals biokemiska processer \u00e4r efterfr\u00e5gan p\u00e5 askorbat extra h\u00f6g under stress, infektioner, kronisk stress eller \u00e5terh\u00e4mtningsperioder. Den liposomala formen g\u00f6r det m\u00f6jligt att uppn\u00e5 h\u00f6g biotillg\u00e4nglighet med l\u00e5ga till m\u00e5ttliga doser, utan risken f\u00f6r mag-tarmbesv\u00e4r som uppst\u00e5r vid vanligt vitamin C. Detta tillskott kan anv\u00e4ndas dagligen och passar perfekt in i integrativa protokoll.  <\/p>\n","protected":false},"excerpt":{"rendered":"<p style=\"font-weight: 400;\">Liposomalt C-vitamin fr\u00e5n NGD Care ger mycket h\u00f6g absorption, st\u00f6djer immunf\u00f6rsvaret, hj\u00e4lper till att minska oxidativ stress och st\u00f6djer kollagenproduktionen. Skonsamt mot magen och tarmarna. <\/p>\n","protected":false},"featured_media":10915,"comment_status":"open","ping_status":"closed","template":"","meta":{"wds_primary_product_brand":0,"wds_primary_product_cat":187,"wds_primary_merken":0},"product_brand":[],"product_cat":[5326],"product_tag":[2231,5420,5339,4075,2146,5417,2568,5337,5419],"merken":[],"class_list":{"0":"post-10471","1":"product","2":"type-product","3":"status-publish","4":"has-post-thumbnail","6":"product_cat-kosttillskott","7":"product_tag-antioxidant-sv","8":"product_tag-askorbinsyra","9":"product_tag-immunitet","10":"product_tag-kollagen-sv","11":"product_tag-liposomal-sv","12":"product_tag-manskliga-tillskott","13":"product_tag-ngd-vard","14":"product_tag-ngd-vard-manniskors-halsa","15":"product_tag-oxidativ-stress","16":"infinite-scroll-item","17":"sales-flash-overlay","18":"woocommerce-text-align-center","19":"woocommerce-image-align-center","20":"do-quantity-buttons","22":"first","23":"instock","24":"taxable","25":"shipping-taxable","26":"purchasable","27":"product-type-simple"},"_links":{"self":[{"href":"https:\/\/www.ngdcare.nl\/sv\/wp-json\/wp\/v2\/product\/10471","targetHints":{"allow":["GET"]}}],"collection":[{"href":"https:\/\/www.ngdcare.nl\/sv\/wp-json\/wp\/v2\/product"}],"about":[{"href":"https:\/\/www.ngdcare.nl\/sv\/wp-json\/wp\/v2\/types\/product"}],"replies":[{"embeddable":true,"href":"https:\/\/www.ngdcare.nl\/sv\/wp-json\/wp\/v2\/comments?post=10471"}],"wp:featuredmedia":[{"embeddable":true,"href":"https:\/\/www.ngdcare.nl\/sv\/wp-json\/wp\/v2\/media\/10915"}],"wp:attachment":[{"href":"https:\/\/www.ngdcare.nl\/sv\/wp-json\/wp\/v2\/media?parent=10471"}],"wp:term":[{"taxonomy":"product_brand","embeddable":true,"href":"https:\/\/www.ngdcare.nl\/sv\/wp-json\/wp\/v2\/product_brand?post=10471"},{"taxonomy":"product_cat","embeddable":true,"href":"https:\/\/www.ngdcare.nl\/sv\/wp-json\/wp\/v2\/product_cat?post=10471"},{"taxonomy":"product_tag","embeddable":true,"href":"https:\/\/www.ngdcare.nl\/sv\/wp-json\/wp\/v2\/product_tag?post=10471"},{"taxonomy":"merken","embeddable":true,"href":"https:\/\/www.ngdcare.nl\/sv\/wp-json\/wp\/v2\/merken?post=10471"}],"curies":[{"name":"wp","href":"https:\/\/api.w.org\/{rel}","templated":true}]}}