{"id":10574,"date":"2025-11-16T22:54:27","date_gmt":"2025-11-16T21:54:27","guid":{"rendered":"https:\/\/www.ngdcare.nl\/?post_type=product&#038;p=10574"},"modified":"2025-11-24T12:56:58","modified_gmt":"2025-11-24T11:56:58","slug":"vattenkefir-fermenterad-probiotika-kopie","status":"publish","type":"product","link":"https:\/\/www.ngdcare.nl\/sv\/product\/human-health\/kosttillskott\/vattenkefir-fermenterad-probiotika-kopie\/","title":{"rendered":"Fermenterade probiotika"},"content":{"rendered":"<p style=\"font-weight: 400;\"><strong>NGD-v\u00e5rd \u2013 Vattenkefir <\/strong> \u00e4r en frystorkad fermenterad vattenkefir. Denna formel inneh\u00e5ller <strong>mer \u00e4n 50 olika stammar av naturliga bakterier och j\u00e4st,<\/strong> inklusive olika arter av <em>Lactobacillus<\/em>, <em>Saccharomyces<\/em>, <em>Candida<\/em>, <em>Kluyveromyces<\/em> och <em>Acetobacter<\/em>. Detta g\u00f6r det till ett bredverkande probiotiskt komplex avsett att st\u00f6dja m\u00e5ngfalden och motst\u00e5ndskraften i tarmens mikrobiom.  <\/p>\n<p style=\"font-weight: 400;\">Produkten kan hj\u00e4lpa till med \u00e5terh\u00e4mtning efter antibiotika, st\u00f6dja tarmr\u00f6relser och minska funktionella tarmbesv\u00e4r. Produktionen av SCFA, laktat och andra metaboliter p\u00e5verkar pH och milj\u00f6 i tarmen gynnsamt. Dessutom spelar tarmmikrobiomet en roll i tarm-hj\u00e4rn-axeln och tarm-immun-axeln, vilket inneb\u00e4r att kefir ocks\u00e5 indirekt kan p\u00e5verka hum\u00f6r, stressresistens och allm\u00e4n resistens.  <\/p>\n<p style=\"font-weight: 400;\">Eftersom varje tarm reagerar olika \u00e4r det viktigt att b\u00f6rja l\u00e5ngsamt med k\u00e4nsliga tarmar och bygga upp dosen steg f\u00f6r steg. Fermenterade probiotika \u2013 Kefir kan kombineras v\u00e4l med prebiotika, enzymer och andra tarmst\u00f6dmedel i ett skr\u00e4ddarsytt protokoll. <\/p>\n","protected":false},"excerpt":{"rendered":"<p>Fermenterade probiotika inneh\u00e5ller levande bakterier och j\u00e4st fr\u00e5n kefirkulturer f\u00f6r att st\u00f6dja tarmens mikrobiom, matsm\u00e4ltning och immunbalans.<\/p>\n","protected":false},"featured_media":10949,"comment_status":"open","ping_status":"closed","template":"","meta":{"wds_primary_product_brand":0,"wds_primary_product_cat":16,"wds_primary_merken":0},"product_brand":[],"product_cat":[5326],"product_tag":[1926,5484,1930,1928,1936,1938,5417,1933,1939,2568,5337,1934,1931,1932],"merken":[2756],"class_list":{"0":"post-10574","1":"product","2":"type-product","3":"status-publish","4":"has-post-thumbnail","6":"product_cat-kosttillskott","7":"product_tag-bilaga","8":"product_tag-fermenterade-probiotika","9":"product_tag-holistisk-sv","10":"product_tag-immunforsvar","11":"product_tag-jasning","12":"product_tag-kefir-sv","13":"product_tag-manskliga-tillskott","14":"product_tag-mikrobiom-sv","15":"product_tag-ngd-care-tillskott","16":"product_tag-ngd-vard","17":"product_tag-ngd-vard-manniskors-halsa","18":"product_tag-probiotika-sv","19":"product_tag-tarmhalsa","20":"product_tag-vatten-kefir","21":"merken-ngdcare","22":"infinite-scroll-item","23":"sales-flash-overlay","24":"woocommerce-text-align-center","25":"woocommerce-image-align-center","26":"do-quantity-buttons","28":"first","29":"instock","30":"taxable","31":"shipping-taxable","32":"purchasable","33":"product-type-simple"},"_links":{"self":[{"href":"https:\/\/www.ngdcare.nl\/sv\/wp-json\/wp\/v2\/product\/10574","targetHints":{"allow":["GET"]}}],"collection":[{"href":"https:\/\/www.ngdcare.nl\/sv\/wp-json\/wp\/v2\/product"}],"about":[{"href":"https:\/\/www.ngdcare.nl\/sv\/wp-json\/wp\/v2\/types\/product"}],"replies":[{"embeddable":true,"href":"https:\/\/www.ngdcare.nl\/sv\/wp-json\/wp\/v2\/comments?post=10574"}],"wp:featuredmedia":[{"embeddable":true,"href":"https:\/\/www.ngdcare.nl\/sv\/wp-json\/wp\/v2\/media\/10949"}],"wp:attachment":[{"href":"https:\/\/www.ngdcare.nl\/sv\/wp-json\/wp\/v2\/media?parent=10574"}],"wp:term":[{"taxonomy":"product_brand","embeddable":true,"href":"https:\/\/www.ngdcare.nl\/sv\/wp-json\/wp\/v2\/product_brand?post=10574"},{"taxonomy":"product_cat","embeddable":true,"href":"https:\/\/www.ngdcare.nl\/sv\/wp-json\/wp\/v2\/product_cat?post=10574"},{"taxonomy":"product_tag","embeddable":true,"href":"https:\/\/www.ngdcare.nl\/sv\/wp-json\/wp\/v2\/product_tag?post=10574"},{"taxonomy":"merken","embeddable":true,"href":"https:\/\/www.ngdcare.nl\/sv\/wp-json\/wp\/v2\/merken?post=10574"}],"curies":[{"name":"wp","href":"https:\/\/api.w.org\/{rel}","templated":true}]}}