{"id":10594,"date":"2025-11-17T10:33:51","date_gmt":"2025-11-17T09:33:51","guid":{"rendered":"https:\/\/www.ngdcare.nl\/?post_type=product&#038;p=10594"},"modified":"2025-11-24T14:38:45","modified_gmt":"2025-11-24T13:38:45","slug":"liposomalt-msm-quercetin-liposomalt-histaminbalans-kopie","status":"publish","type":"product","link":"https:\/\/www.ngdcare.nl\/sv\/product\/human-health\/kosttillskott\/liposomalt-msm-quercetin-liposomalt-histaminbalans-kopie\/","title":{"rendered":"Liposomalt histaminbalans"},"content":{"rendered":"<p style=\"font-weight: 400;\"><strong>MSM<\/strong> (metylsulfonylmetan) \u00e4r en naturlig k\u00e4lla till organiskt svavel, ett essentiellt \u00e4mne f\u00f6r bindv\u00e4v, kollagenbildning, ledh\u00e4lsa och avgiftningsprocesser. Det anv\u00e4nds ofta f\u00f6r stelhet, belastning p\u00e5 muskler och leder samt systemisk k\u00e4nslighet. <strong>Quercetin<\/strong> \u00e4r en potent bioflavonoid med antihistaminliknande verkan via mastcellsstabilisering, antioxidation och h\u00e4mning av inflammatoriska v\u00e4gar som NF-\u03baB och COX\/LOX. <\/p>\n<p style=\"font-weight: 400;\"><strong> NGD Care Histamine Balance<\/strong> utg\u00f6r en synergistisk kombination av MSM och quercetin d\u00e4r den erbjuder ett brett och st\u00f6djande st\u00f6d f\u00f6r personer med <strong>allergiska besv\u00e4r<\/strong>, histamink\u00e4nslighet, lung- och n\u00e4sbesv\u00e4r, hudk\u00e4nslighet, ledbelastning eller \u00e5terh\u00e4mtning efter fysisk stress. MSM st\u00f6djer svavelbalans och enzymaktivitet, medan quercetin d\u00e4mpar histaminfris\u00e4ttningen, s\u00e4nker oxidativ stress och modulerar inflammatoriska processer. <\/p>\n<p style=\"font-weight: 400;\">Denna kombination \u00e4r mild, s\u00e4ker och l\u00e4mplig f\u00f6r l\u00e5ngvarig anv\u00e4ndning. Det passar in i integrativa protokoll som syftar till histaminreglering, hud- och andningsproblem, ledkomfort, idrotts\u00e5terh\u00e4mtning och avgiftningsprocesser. <\/p>\n","protected":false},"excerpt":{"rendered":"<p class=\"p3\"><strong>NGD Care Histaminbalans<\/strong> <strong> st\u00f6djer ledkomfort, inflammationsbalans och histaminreglering. Idealiskt f\u00f6r k\u00e4nslighet, allergier, belastning och \u00e5terh\u00e4mtning.<\/strong> <\/p>\n","protected":false},"featured_media":11038,"comment_status":"open","ping_status":"closed","template":"","meta":{"wds_primary_product_brand":0,"wds_primary_product_cat":187,"wds_primary_merken":0},"product_brand":[],"product_cat":[5326],"product_tag":[3173,4371,4372,1930,1923,1928,3179,2368,2146,5417,3169,4373,2799,1939,2568,5337,3170],"merken":[2756],"class_list":{"0":"post-10594","1":"product","2":"type-product","3":"status-publish","4":"has-post-thumbnail","6":"product_cat-kosttillskott","7":"product_tag-allergi-sv","8":"product_tag-antihistaminer","9":"product_tag-histamin-sv","10":"product_tag-holistisk-sv","11":"product_tag-hundkapplopning","12":"product_tag-immunforsvar","13":"product_tag-inflammation-sv","14":"product_tag-leder","15":"product_tag-liposomal-sv","16":"product_tag-manskliga-tillskott","17":"product_tag-msm-sv","18":"product_tag-naturliga-antihistaminer","19":"product_tag-naturligt-antiinflammatoriskt","20":"product_tag-ngd-care-tillskott","21":"product_tag-ngd-vard","22":"product_tag-ngd-vard-manniskors-halsa","23":"product_tag-quercetin-sv","24":"merken-ngdcare","25":"infinite-scroll-item","26":"sales-flash-overlay","27":"woocommerce-text-align-center","28":"woocommerce-image-align-center","29":"do-quantity-buttons","31":"first","32":"instock","33":"taxable","34":"shipping-taxable","35":"purchasable","36":"product-type-simple"},"_links":{"self":[{"href":"https:\/\/www.ngdcare.nl\/sv\/wp-json\/wp\/v2\/product\/10594","targetHints":{"allow":["GET"]}}],"collection":[{"href":"https:\/\/www.ngdcare.nl\/sv\/wp-json\/wp\/v2\/product"}],"about":[{"href":"https:\/\/www.ngdcare.nl\/sv\/wp-json\/wp\/v2\/types\/product"}],"replies":[{"embeddable":true,"href":"https:\/\/www.ngdcare.nl\/sv\/wp-json\/wp\/v2\/comments?post=10594"}],"wp:featuredmedia":[{"embeddable":true,"href":"https:\/\/www.ngdcare.nl\/sv\/wp-json\/wp\/v2\/media\/11038"}],"wp:attachment":[{"href":"https:\/\/www.ngdcare.nl\/sv\/wp-json\/wp\/v2\/media?parent=10594"}],"wp:term":[{"taxonomy":"product_brand","embeddable":true,"href":"https:\/\/www.ngdcare.nl\/sv\/wp-json\/wp\/v2\/product_brand?post=10594"},{"taxonomy":"product_cat","embeddable":true,"href":"https:\/\/www.ngdcare.nl\/sv\/wp-json\/wp\/v2\/product_cat?post=10594"},{"taxonomy":"product_tag","embeddable":true,"href":"https:\/\/www.ngdcare.nl\/sv\/wp-json\/wp\/v2\/product_tag?post=10594"},{"taxonomy":"merken","embeddable":true,"href":"https:\/\/www.ngdcare.nl\/sv\/wp-json\/wp\/v2\/merken?post=10594"}],"curies":[{"name":"wp","href":"https:\/\/api.w.org\/{rel}","templated":true}]}}