{"id":10636,"date":"2025-11-17T11:38:08","date_gmt":"2025-11-17T10:38:08","guid":{"rendered":"https:\/\/www.ngdcare.nl\/?post_type=product&#038;p=10636"},"modified":"2025-11-24T15:25:00","modified_gmt":"2025-11-24T14:25:00","slug":"liposomal-cbd-olja-liposomal-cbd-olja-kopie","status":"publish","type":"product","link":"https:\/\/www.ngdcare.nl\/sv\/product\/human-health\/kosttillskott\/liposomal-cbd-olja-liposomal-cbd-olja-kopie\/","title":{"rendered":"Liposomal CBD-olja"},"content":{"rendered":"<p style=\"font-weight: 400;\"><strong>CBD<\/strong> (cannabidiol) \u00e4r en icke-psykoaktiv cannabinoid som st\u00f6djer det endocannabinoida systemet (ECS), systemet som \u00e4r involverat i stress, sm\u00e4rtupplevelse, hum\u00f6r, inflammatorisk balans och s\u00f6mnreglering. <strong>NGD Care CBD-olja<\/strong> inneh\u00e5ller ett <strong>fullspektrumextrakt<\/strong> med naturliga terpener och cannabinoider, utan berusning. Dessutom har den en unik l\u00e4ppansiktsbehandling som s\u00e4kerst\u00e4ller att upptagbarheten \u00e4r unikt h\u00f6g och stabil i v\u00e4vnaden. CBD fungerar genom modulering av CB1\/CB2-v\u00e4gar, TRPV1, serotonin (5-HT1A) och GABA-balans, bland andra.  <\/p>\n<p style=\"font-weight: 400;\">Oljan \u00e4r l\u00e4mplig mot stress, sp\u00e4nningar, s\u00f6mnproblem, sm\u00e4rtbesv\u00e4r vid inflammation och \u00f6verstimulering. N\u00e4r CBD anv\u00e4nds konsekvent kan det hj\u00e4lpa till att \u00e5terst\u00e4lla balansen i ECS, med effekter p\u00e5 vila, muskelsp\u00e4nningar, hum\u00f6r och sm\u00e4rtupplevelse. <\/p>\n<p style=\"font-weight: 400;\">Produkten erbjuds i milda, l\u00e4ttdoserade styrkor och \u00e4r l\u00e4mplig f\u00f6r daglig anv\u00e4ndning. Den inneh\u00e5ller &lt;0,05 % THC och uppfyller EU-standarder. <\/p>\n","protected":false},"excerpt":{"rendered":"<div>\n<p class=\"p3\">Fullspektrum liposomal CBD-olja st\u00f6djer avslappning, nervsystem, sm\u00e4rtreglering och stressbalans via det endocannabinoida systemet.<\/p>\n<\/div>\n","protected":false},"featured_media":11829,"comment_status":"open","ping_status":"closed","template":"","meta":{"wds_primary_product_brand":0,"wds_primary_product_cat":187,"wds_primary_merken":0},"product_brand":[],"product_cat":[5326],"product_tag":[4402,2322,4404,2230,2156,5723,4073,3057,5726,4406,4401,2146,4407,4403,4405,5337,5722,5724,2154],"merken":[2756],"class_list":{"0":"post-10636","1":"product","2":"type-product","3":"status-publish","4":"has-post-thumbnail","6":"product_cat-kosttillskott","7":"product_tag-4-cbd-olja","8":"product_tag-analgetika","9":"product_tag-angestreducerande","10":"product_tag-antiinflammatorisk","11":"product_tag-cancer-sv","12":"product_tag-cannabinoider","13":"product_tag-cbd-sv","14":"product_tag-cbd-olja","15":"product_tag-ecs","16":"product_tag-forbattrar-somnen","17":"product_tag-fullspektrum-cbd-olja","18":"product_tag-liposomal-sv","19":"product_tag-lugnande","20":"product_tag-minska-stress","21":"product_tag-minskar-angest","22":"product_tag-ngd-vard-manniskors-halsa","23":"product_tag-smarta","24":"product_tag-sova","25":"product_tag-stress-sv","26":"merken-ngdcare","27":"infinite-scroll-item","28":"sales-flash-overlay","29":"woocommerce-text-align-center","30":"woocommerce-image-align-center","31":"do-quantity-buttons","33":"first","34":"instock","35":"taxable","36":"shipping-taxable","37":"purchasable","38":"product-type-variable"},"_links":{"self":[{"href":"https:\/\/www.ngdcare.nl\/sv\/wp-json\/wp\/v2\/product\/10636","targetHints":{"allow":["GET"]}}],"collection":[{"href":"https:\/\/www.ngdcare.nl\/sv\/wp-json\/wp\/v2\/product"}],"about":[{"href":"https:\/\/www.ngdcare.nl\/sv\/wp-json\/wp\/v2\/types\/product"}],"replies":[{"embeddable":true,"href":"https:\/\/www.ngdcare.nl\/sv\/wp-json\/wp\/v2\/comments?post=10636"}],"wp:featuredmedia":[{"embeddable":true,"href":"https:\/\/www.ngdcare.nl\/sv\/wp-json\/wp\/v2\/media\/11829"}],"wp:attachment":[{"href":"https:\/\/www.ngdcare.nl\/sv\/wp-json\/wp\/v2\/media?parent=10636"}],"wp:term":[{"taxonomy":"product_brand","embeddable":true,"href":"https:\/\/www.ngdcare.nl\/sv\/wp-json\/wp\/v2\/product_brand?post=10636"},{"taxonomy":"product_cat","embeddable":true,"href":"https:\/\/www.ngdcare.nl\/sv\/wp-json\/wp\/v2\/product_cat?post=10636"},{"taxonomy":"product_tag","embeddable":true,"href":"https:\/\/www.ngdcare.nl\/sv\/wp-json\/wp\/v2\/product_tag?post=10636"},{"taxonomy":"merken","embeddable":true,"href":"https:\/\/www.ngdcare.nl\/sv\/wp-json\/wp\/v2\/merken?post=10636"}],"curies":[{"name":"wp","href":"https:\/\/api.w.org\/{rel}","templated":true}]}}