{"id":10679,"date":"2025-11-17T13:44:08","date_gmt":"2025-11-17T12:44:08","guid":{"rendered":"https:\/\/www.ngdcare.nl\/?post_type=product&#038;p=10679"},"modified":"2025-11-24T12:37:55","modified_gmt":"2025-11-24T11:37:55","slug":"liposomal-ashwagandha-och-rhodiola-liposomalt-adaptogenkomplex-kopie","status":"publish","type":"product","link":"https:\/\/www.ngdcare.nl\/sv\/product\/human-health\/kosttillskott\/liposomal-ashwagandha-och-rhodiola-liposomalt-adaptogenkomplex-kopie\/","title":{"rendered":"Liposomalt adaptogenkomplex"},"content":{"rendered":"<p style=\"font-weight: 400;\"><strong>Liposomalt adaptogenkomplex<\/strong> fr\u00e5n <strong>NGD Care<\/strong> kombinerar <strong>Ashwagandha (Withania somnifera)<\/strong> och <strong>Rhodiola (Rhodiola rosea). <\/strong>Ashwagandha och Rhodiola \u00e4r tv\u00e5 av de mest unders\u00f6kta adaptogenerna. De reglerar HPA-axeln (hypotalamus-hypofys-binjure), st\u00f6djer stressresistens, minskar mental tr\u00f6tthet och hj\u00e4lper kroppen att hantera l\u00e5ngvarig belastning. <\/p>\n<p style=\"font-weight: 400;\">Ashwagandha har en lugnande effekt, st\u00f6djer s\u00f6mnkvaliteten och har milda sk\u00f6ldk\u00f6rtelmodulerande egenskaper. Rhodiola har en aktiverande effekt, \u00f6kar mental klarhet och st\u00f6djer mitokondriell energiproduktion. <\/p>\n<p style=\"font-weight: 400;\">Denna kombination \u00e4r idealisk f\u00f6r <strong>stress, \u00f6verbelastning, utbr\u00e4ndhet, k\u00e4nslighet f\u00f6r stimuli, hum\u00f6rsv\u00e4ngningar, tr\u00f6tthet <\/strong>och<strong> hormonell obalans<\/strong>. Adaptogener fungerar brett: de normaliserar ist\u00e4llet f\u00f6r att stimulera eller undertrycka.<br data-start=\"12461\" data-end=\"12464\">Formeln \u00e4r mycket l\u00e4mplig f\u00f6r \u00e5terh\u00e4mtning efter stress och utbr\u00e4ndhet, f\u00f6r HPA-obalans (f\u00f6r h\u00f6gt\/f\u00f6r l\u00e5gt kortisol), f\u00f6r tentastress, perioder av mental \u00f6verbelastning och \u00e5terh\u00e4mtning efter sjukdom. <\/p>\n","protected":false},"excerpt":{"rendered":"<p class=\"p3\">Adaptogen blandning med liposomal Ashwagandha och Rhodiola f\u00f6r att st\u00f6dja stressresistens, energi, hum\u00f6r och hormonbalans.<\/p>\n","protected":false},"featured_media":10894,"comment_status":"open","ping_status":"closed","template":"","meta":{"wds_primary_product_brand":0,"wds_primary_product_cat":187,"wds_primary_merken":0},"product_brand":[],"product_cat":[5326],"product_tag":[2153,4033,2383,1922,2382,2327,2380,1930,2375,5387,5386,1928,2146,2379,2373,2374,1939,5337,2377,2381,2372,2154,2366,2378,2158],"merken":[2756],"class_list":{"0":"post-10679","1":"product","2":"type-product","3":"status-publish","4":"has-post-thumbnail","6":"product_cat-kosttillskott","7":"product_tag-adaptogen-sv","8":"product_tag-adaptogener","9":"product_tag-binjurar","10":"product_tag-djur","11":"product_tag-emotionell-balans","12":"product_tag-energi-sv","13":"product_tag-fokus-och-koncentration","14":"product_tag-holistisk-sv","15":"product_tag-hormonell-balans","16":"product_tag-hpa-axeln","17":"product_tag-humor","18":"product_tag-immunforsvar","19":"product_tag-liposomal-sv","20":"product_tag-matsmaltning-av-somn","21":"product_tag-minskning-av-stress","22":"product_tag-naturligt-tillskott","23":"product_tag-ngd-care-tillskott","24":"product_tag-ngd-vard-manniskors-halsa","25":"product_tag-rekreation","26":"product_tag-reparera","27":"product_tag-rosenrot","28":"product_tag-stress-sv","29":"product_tag-uppforande","30":"product_tag-vila","31":"product_tag-vitalitet","32":"merken-ngdcare","33":"infinite-scroll-item","34":"sales-flash-overlay","35":"woocommerce-text-align-center","36":"woocommerce-image-align-center","37":"do-quantity-buttons","39":"first","40":"instock","41":"taxable","42":"shipping-taxable","43":"purchasable","44":"product-type-simple"},"_links":{"self":[{"href":"https:\/\/www.ngdcare.nl\/sv\/wp-json\/wp\/v2\/product\/10679","targetHints":{"allow":["GET"]}}],"collection":[{"href":"https:\/\/www.ngdcare.nl\/sv\/wp-json\/wp\/v2\/product"}],"about":[{"href":"https:\/\/www.ngdcare.nl\/sv\/wp-json\/wp\/v2\/types\/product"}],"replies":[{"embeddable":true,"href":"https:\/\/www.ngdcare.nl\/sv\/wp-json\/wp\/v2\/comments?post=10679"}],"wp:featuredmedia":[{"embeddable":true,"href":"https:\/\/www.ngdcare.nl\/sv\/wp-json\/wp\/v2\/media\/10894"}],"wp:attachment":[{"href":"https:\/\/www.ngdcare.nl\/sv\/wp-json\/wp\/v2\/media?parent=10679"}],"wp:term":[{"taxonomy":"product_brand","embeddable":true,"href":"https:\/\/www.ngdcare.nl\/sv\/wp-json\/wp\/v2\/product_brand?post=10679"},{"taxonomy":"product_cat","embeddable":true,"href":"https:\/\/www.ngdcare.nl\/sv\/wp-json\/wp\/v2\/product_cat?post=10679"},{"taxonomy":"product_tag","embeddable":true,"href":"https:\/\/www.ngdcare.nl\/sv\/wp-json\/wp\/v2\/product_tag?post=10679"},{"taxonomy":"merken","embeddable":true,"href":"https:\/\/www.ngdcare.nl\/sv\/wp-json\/wp\/v2\/merken?post=10679"}],"curies":[{"name":"wp","href":"https:\/\/api.w.org\/{rel}","templated":true}]}}