{"id":10699,"date":"2025-11-17T13:58:31","date_gmt":"2025-11-17T12:58:31","guid":{"rendered":"https:\/\/www.ngdcare.nl\/?post_type=product&#038;p=10699"},"modified":"2025-11-24T13:01:49","modified_gmt":"2025-11-24T12:01:49","slug":"liposomalt-aggskalsmembran-liposomalt-rorlighetsstod-kopie","status":"publish","type":"product","link":"https:\/\/www.ngdcare.nl\/sv\/product\/human-health\/kosttillskott\/liposomalt-aggskalsmembran-liposomalt-rorlighetsstod-kopie\/","title":{"rendered":"Liposomalt mobilitetsst\u00f6d"},"content":{"rendered":"<p style=\"font-weight: 400;\"><strong>Liposomal Mobility Support<\/strong> fr\u00e5n <strong>NGD Care<\/strong> \u00e4r ett kraftfullt <strong>tillskott f\u00f6r ledh\u00e4lsa. <\/strong>\u00c4ggskalsmembranet inneh\u00e5ller naturligt kollagen typ I, V och X, elastin, keratan och kondroitinsulfat, glukosaminliknande \u00e4mnen och hyaluronsyra. Denna matris st\u00f6djer strukturen och motst\u00e5ndskraften hos brosk, senor och bindv\u00e4v. <\/p>\n<p style=\"font-weight: 400;\">Den anv\u00e4nds f\u00f6r ledstelhet, sportstress, \u00e5ldersrelaterat slitage och \u00e5terh\u00e4mtning efter en skada. Forskning visar att \u00e4ggskalsmembranet kan modulera inflammatoriska v\u00e4gar som NF-\u03baB, TNF-\u03b1 och COX-2, vilket f\u00f6rb\u00e4ttrar ledkomfort och r\u00f6rlighet. <\/p>\n<p style=\"font-weight: 400;\">Den liposomala preparationen \u00f6kar <strong><span style=\"font-weight: 400;\">biotillg\u00e4ngligheten av <\/span>glukosamin och kondroitin<span style=\"font-weight: 400;\"> med upp till 50 %,<\/span><\/strong> j\u00e4mf\u00f6rt med vanliga tillskott med ett upptag p\u00e5 endast 8\u201310 %.<\/p>\n","protected":false},"excerpt":{"rendered":"<p data-start=\"14943\" data-end=\"15083\">Liposomal r\u00f6rlighetsst\u00f6d inneh\u00e5ller \u00e4ggskalsmembran och st\u00f6djer leder, brosk och bindv\u00e4v med naturliga komponenter av kollagen, elastin och glukosamin.<\/p>\n","protected":false},"featured_media":10961,"comment_status":"open","ping_status":"closed","template":"","meta":{"wds_primary_product_brand":0,"wds_primary_product_cat":20,"wds_primary_merken":0},"product_brand":[],"product_cat":[5326],"product_tag":[],"merken":[],"class_list":{"0":"post-10699","1":"product","2":"type-product","3":"status-publish","4":"has-post-thumbnail","6":"product_cat-kosttillskott","7":"infinite-scroll-item","8":"sales-flash-overlay","9":"woocommerce-text-align-center","10":"woocommerce-image-align-center","11":"do-quantity-buttons","13":"first","14":"instock","15":"taxable","16":"shipping-taxable","17":"purchasable","18":"product-type-simple"},"_links":{"self":[{"href":"https:\/\/www.ngdcare.nl\/sv\/wp-json\/wp\/v2\/product\/10699","targetHints":{"allow":["GET"]}}],"collection":[{"href":"https:\/\/www.ngdcare.nl\/sv\/wp-json\/wp\/v2\/product"}],"about":[{"href":"https:\/\/www.ngdcare.nl\/sv\/wp-json\/wp\/v2\/types\/product"}],"replies":[{"embeddable":true,"href":"https:\/\/www.ngdcare.nl\/sv\/wp-json\/wp\/v2\/comments?post=10699"}],"wp:featuredmedia":[{"embeddable":true,"href":"https:\/\/www.ngdcare.nl\/sv\/wp-json\/wp\/v2\/media\/10961"}],"wp:attachment":[{"href":"https:\/\/www.ngdcare.nl\/sv\/wp-json\/wp\/v2\/media?parent=10699"}],"wp:term":[{"taxonomy":"product_brand","embeddable":true,"href":"https:\/\/www.ngdcare.nl\/sv\/wp-json\/wp\/v2\/product_brand?post=10699"},{"taxonomy":"product_cat","embeddable":true,"href":"https:\/\/www.ngdcare.nl\/sv\/wp-json\/wp\/v2\/product_cat?post=10699"},{"taxonomy":"product_tag","embeddable":true,"href":"https:\/\/www.ngdcare.nl\/sv\/wp-json\/wp\/v2\/product_tag?post=10699"},{"taxonomy":"merken","embeddable":true,"href":"https:\/\/www.ngdcare.nl\/sv\/wp-json\/wp\/v2\/merken?post=10699"}],"curies":[{"name":"wp","href":"https:\/\/api.w.org\/{rel}","templated":true}]}}