{"id":10720,"date":"2025-11-17T14:14:35","date_gmt":"2025-11-17T13:14:35","guid":{"rendered":"https:\/\/www.ngdcare.nl\/?post_type=product&#038;p=10720"},"modified":"2025-11-24T13:18:15","modified_gmt":"2025-11-24T12:18:15","slug":"calanus-olja-o-mega-blandning-kopie","status":"publish","type":"product","link":"https:\/\/www.ngdcare.nl\/sv\/product\/human-health\/kosttillskott\/calanus-olja-o-mega-blandning-kopie\/","title":{"rendered":"O Mega-blandning"},"content":{"rendered":"<p><strong>NGD Care \u2013 O-Mega Blend <\/strong>\u00e4r Calanusolja som utvinns fr\u00e5n den lilla nordatlantiska copepoden <strong><em>Calanus finmarchicus<\/em><\/strong> och inneh\u00e5ller unika omegafetter i form av vaxester, som frig\u00f6rs l\u00e5ngsamt och d\u00e4rf\u00f6r ger stabil absorption. Det inneh\u00e5ller EPA- och DHA-prekursorer, SDA (stearidonsyra), antioxidanter (s\u00e5som astaxantin) och pol\u00e4ra lipider som har en gynnsam effekt p\u00e5 mitokondrier, lipidmetabolism och inflammatoriska processer. V\u00e5r O-Mega Blend inneh\u00e5ller inte lax-, krill- eller mussselolja p\u00e5 grund av <strong>den l\u00e4gre renheten<\/strong> och <strong>den h\u00f6gre ekologiska p\u00e5verkan<\/strong> fr\u00e5n dessa k\u00e4llor. Med calanusolja v\u00e4ljer du ett <strong>rent, effektivt och ansvarsfullt omega-3-tillskott.<\/strong>   <\/p>\n<p>Calanusolja tolereras ofta b\u00e4ttre \u00e4n traditionell fiskolja och har ingen fisksmak. Den l\u00e5ngsamma fris\u00e4ttningen ger en mild effekt p\u00e5 blodsockerniv\u00e5erna och ett j\u00e4mnt energifl\u00f6de. <\/p>\n<p>Produkten st\u00f6djer hj\u00e4rt-k\u00e4rlh\u00e4lsa, hj\u00e4rnfunktion, \u00e4mnesoms\u00e4ttning, inflammatorisk balans och \u00e5terh\u00e4mtning. Det passar v\u00e4l in i integrativa protokoll f\u00f6r tr\u00f6tthet, metabol obalans, utbr\u00e4ndhet, idrotts\u00e5terh\u00e4mtning och inflammationsk\u00e4nslighet. <\/p>\n<p style=\"font-weight: 400;\">\n","protected":false},"excerpt":{"rendered":"<div>\n<p class=\"p3\">Calanusolja \u00e4r en unik omegak\u00e4lla till zooplankton med vaxester, EPA\/DHA-prekursorer och astaxantin f\u00f6r energi, \u00e4mnesoms\u00e4ttning och inflammatorisk balans.<\/p>\n<\/div>\n<p>&nbsp;<\/p>\n","protected":false},"featured_media":10994,"comment_status":"open","ping_status":"closed","template":"","meta":{"wds_primary_product_brand":0,"wds_primary_product_cat":187,"wds_primary_merken":0},"product_brand":[],"product_cat":[5326],"product_tag":[4210,5536,2230,2231,4213,3167,2327,4212,4207,4211,4209,1930,1928,3179,2368,2160,2568,5337,5532,3168,4208,5534,2158],"merken":[2756],"class_list":{"0":"post-10720","1":"product","2":"type-product","3":"status-publish","4":"has-post-thumbnail","6":"product_cat-kosttillskott","7":"product_tag-alternativ-till-fiskolja","8":"product_tag-amnesomsattning","9":"product_tag-antiinflammatorisk","10":"product_tag-antioxidant-sv","11":"product_tag-astaxanthin-astaxanthin","12":"product_tag-calanus-olja","13":"product_tag-energi-sv","14":"product_tag-epa-och-dha","15":"product_tag-frisk-hud","16":"product_tag-halsosam-alderdom","17":"product_tag-hjartats-halsa","18":"product_tag-holistisk-sv","19":"product_tag-immunforsvar","20":"product_tag-inflammation-sv","21":"product_tag-leder","22":"product_tag-livslangd","23":"product_tag-ngd-vard","24":"product_tag-ngd-vard-manniskors-halsa","25":"product_tag-omega","26":"product_tag-omega-3-sv","27":"product_tag-palsens-halsa","28":"product_tag-vaxester","29":"product_tag-vitalitet","30":"merken-ngdcare","31":"infinite-scroll-item","32":"sales-flash-overlay","33":"woocommerce-text-align-center","34":"woocommerce-image-align-center","35":"do-quantity-buttons","37":"first","38":"instock","39":"taxable","40":"shipping-taxable","41":"purchasable","42":"product-type-simple"},"_links":{"self":[{"href":"https:\/\/www.ngdcare.nl\/sv\/wp-json\/wp\/v2\/product\/10720","targetHints":{"allow":["GET"]}}],"collection":[{"href":"https:\/\/www.ngdcare.nl\/sv\/wp-json\/wp\/v2\/product"}],"about":[{"href":"https:\/\/www.ngdcare.nl\/sv\/wp-json\/wp\/v2\/types\/product"}],"replies":[{"embeddable":true,"href":"https:\/\/www.ngdcare.nl\/sv\/wp-json\/wp\/v2\/comments?post=10720"}],"wp:featuredmedia":[{"embeddable":true,"href":"https:\/\/www.ngdcare.nl\/sv\/wp-json\/wp\/v2\/media\/10994"}],"wp:attachment":[{"href":"https:\/\/www.ngdcare.nl\/sv\/wp-json\/wp\/v2\/media?parent=10720"}],"wp:term":[{"taxonomy":"product_brand","embeddable":true,"href":"https:\/\/www.ngdcare.nl\/sv\/wp-json\/wp\/v2\/product_brand?post=10720"},{"taxonomy":"product_cat","embeddable":true,"href":"https:\/\/www.ngdcare.nl\/sv\/wp-json\/wp\/v2\/product_cat?post=10720"},{"taxonomy":"product_tag","embeddable":true,"href":"https:\/\/www.ngdcare.nl\/sv\/wp-json\/wp\/v2\/product_tag?post=10720"},{"taxonomy":"merken","embeddable":true,"href":"https:\/\/www.ngdcare.nl\/sv\/wp-json\/wp\/v2\/merken?post=10720"}],"curies":[{"name":"wp","href":"https:\/\/api.w.org\/{rel}","templated":true}]}}