{"id":11735,"date":"2025-11-15T22:17:51","date_gmt":"2025-11-15T21:17:51","guid":{"rendered":"https:\/\/www.ngdcare.nl\/product\/okategoriserad\/liposomal-glutation-2\/"},"modified":"2025-12-01T20:45:32","modified_gmt":"2025-12-01T19:45:32","slug":"liposomal-glutation-2","status":"publish","type":"product","link":"https:\/\/www.ngdcare.nl\/sv\/product\/human-health\/kosttillskott\/liposomal-glutation-2\/","title":{"rendered":"Liposomal glutation"},"content":{"rendered":"<p data-start=\"1353\" data-end=\"1697\"><strong>Glutation<\/strong> \u00e4r den mest f\u00f6rekommande intracellul\u00e4ra antioxidanten och \u00e4r avg\u00f6rande f\u00f6r neutralisering av fria radikaler, skydd av celler och st\u00f6d f\u00f6r det naturliga avgiftningssystemet (fas II-avgiftning). Niv\u00e5n av glutation minskar under p\u00e5verkan av stress, toxiner, medicinering, \u00e5ldrande och intensiv fysisk belastning. <\/p>\n<p data-start=\"1699\" data-end=\"1901\"><strong>NGD Care Liposomal Glutathion<\/strong> \u00e4r formulerat i en h\u00f6gkvalitativ liposomal matris, vilket h\u00e5ller det aktivt skyddat i mag-tarmkanalen och absorberas med mycket h\u00f6gre effektivitet.<\/p>\n<p data-start=\"1903\" data-end=\"1951\">V\u00e5r humana liposomala glutation st\u00f6djer:<\/p>\n<ul>\n<li data-start=\"1954\" data-end=\"2000\">Den naturliga borttagningen av o\u00f6nskade \u00e4mnen<\/li>\n<li data-start=\"2003\" data-end=\"2054\">Skyddet av celler mot oxidativ stress<\/li>\n<li data-start=\"2057\" data-end=\"2087\">Balansen i immunsystemet<\/li>\n<li data-start=\"2090\" data-end=\"2140\">\u00c5terh\u00e4mtning efter sjukdom, tung belastning eller toxicitet<\/li>\n<li data-start=\"2143\" data-end=\"2179\">Leverfunktion (stadium II-konjugation)<\/li>\n<\/ul>\n<p data-start=\"2181\" data-end=\"2319\">Denna formula \u00e4r l\u00e4mplig f\u00f6r daglig anv\u00e4ndning och passar in i integrativa behandlingsplaner, inklusive livsstils- och n\u00e4ringsinterventioner.<\/p>\n","protected":false},"excerpt":{"rendered":"<p data-start=\"719\" data-end=\"1021\">Liposomalt Glutathion fr\u00e5n NGD Care inneh\u00e5ller reducerat glutation (GSH) i ett rent liposomalt komplex f\u00f6r optimal absorption. Glutation \u00e4r en av de viktigaste endogena antioxidanterna och spelar en central roll i avgiftning, immunbalans och cellskydd. Denna formula har utvecklats f\u00f6r maximal biotillg\u00e4nglighet och daglig anv\u00e4ndning.  <\/p>\n","protected":false},"featured_media":11737,"comment_status":"open","ping_status":"closed","template":"","meta":{"wds_primary_product_brand":0,"wds_primary_product_cat":0,"wds_primary_merken":0},"product_brand":[],"product_cat":[5326],"product_tag":[5863,2330,6076,6086,1928,6189,2146,5417,2568,5419],"merken":[2756],"class_list":{"0":"post-11735","1":"product","2":"type-product","3":"status-publish","4":"has-post-thumbnail","6":"product_cat-kosttillskott","7":"product_tag-antioxidanter","8":"product_tag-avgifta","9":"product_tag-glutation","10":"product_tag-gsh","11":"product_tag-immunforsvar","12":"product_tag-leverhalsa","13":"product_tag-liposomal-sv","14":"product_tag-manskliga-tillskott","15":"product_tag-ngd-vard","16":"product_tag-oxidativ-stress","17":"merken-ngdcare","18":"infinite-scroll-item","19":"sales-flash-overlay","20":"woocommerce-text-align-center","21":"woocommerce-image-align-center","22":"do-quantity-buttons","24":"first","25":"instock","26":"taxable","27":"shipping-taxable","28":"purchasable","29":"product-type-simple"},"_links":{"self":[{"href":"https:\/\/www.ngdcare.nl\/sv\/wp-json\/wp\/v2\/product\/11735","targetHints":{"allow":["GET"]}}],"collection":[{"href":"https:\/\/www.ngdcare.nl\/sv\/wp-json\/wp\/v2\/product"}],"about":[{"href":"https:\/\/www.ngdcare.nl\/sv\/wp-json\/wp\/v2\/types\/product"}],"replies":[{"embeddable":true,"href":"https:\/\/www.ngdcare.nl\/sv\/wp-json\/wp\/v2\/comments?post=11735"}],"wp:featuredmedia":[{"embeddable":true,"href":"https:\/\/www.ngdcare.nl\/sv\/wp-json\/wp\/v2\/media\/11737"}],"wp:attachment":[{"href":"https:\/\/www.ngdcare.nl\/sv\/wp-json\/wp\/v2\/media?parent=11735"}],"wp:term":[{"taxonomy":"product_brand","embeddable":true,"href":"https:\/\/www.ngdcare.nl\/sv\/wp-json\/wp\/v2\/product_brand?post=11735"},{"taxonomy":"product_cat","embeddable":true,"href":"https:\/\/www.ngdcare.nl\/sv\/wp-json\/wp\/v2\/product_cat?post=11735"},{"taxonomy":"product_tag","embeddable":true,"href":"https:\/\/www.ngdcare.nl\/sv\/wp-json\/wp\/v2\/product_tag?post=11735"},{"taxonomy":"merken","embeddable":true,"href":"https:\/\/www.ngdcare.nl\/sv\/wp-json\/wp\/v2\/merken?post=11735"}],"curies":[{"name":"wp","href":"https:\/\/api.w.org\/{rel}","templated":true}]}}