{"id":11756,"date":"2025-11-17T10:52:41","date_gmt":"2025-11-17T09:52:41","guid":{"rendered":"https:\/\/www.ngdcare.nl\/product\/okategoriserad\/liposomalt-avslappningsstod\/"},"modified":"2025-11-17T10:52:41","modified_gmt":"2025-11-17T09:52:41","slug":"liposomalt-avslappningsstod","status":"publish","type":"product","link":"https:\/\/www.ngdcare.nl\/sv\/product\/human-health\/kosttillskott\/liposomalt-avslappningsstod\/","title":{"rendered":"Liposomalt avslappningsst\u00f6d"},"content":{"rendered":"<p data-start=\"901\" data-end=\"1066\"><strong>Relax Support<\/strong> har utvecklats f\u00f6r personer som lider av stress, k\u00e4nslighet f\u00f6r stimuli, sp\u00e4nningar, mental \u00f6verbelastning eller sv\u00e5righeter att slappna av och somna. Formulan inneh\u00e5ller fyra synergistiska ingredienser: <strong>magnesiumbisglycinat, L-theanin, L-tryptofan <\/strong>och<strong> vitamin B6<\/strong>. <\/p>\n<p data-start=\"901\" data-end=\"1066\">Magnesiumbisglycinat \u00e4r en mycket absorberbar form som ger n\u00e4ring \u00e5t nervsystemet, s\u00e4nker muskeltonus och st\u00f6djer mer \u00e4n 300 enzymprocesser, inklusive stressreglering.<\/p>\n<p data-start=\"901\" data-end=\"1066\">L-theanin fr\u00e4mjar alfav\u00e5gor i hj\u00e4rnan, vilket ger avslappning utan d\u00e5sighet och en lugnare tankestr\u00f6m.<\/p>\n<p data-start=\"901\" data-end=\"1066\">L-tryptofan \u00e4r den naturliga f\u00f6reg\u00e5ngaren till serotonin och melatonin och st\u00f6djer hum\u00f6r, vila och s\u00f6mnkvalitet.<\/p>\n<p data-start=\"901\" data-end=\"1066\">Vitamin B6 hj\u00e4lper till att omvandla tryptofan till serotonin och bidrar till en balanserad balans av signalsubstanser.<\/p>\n<p data-start=\"901\" data-end=\"1066\">Denna formel fungerar b\u00e5de under dagen (vila, koncentration, mindre stressreaktivitet) och p\u00e5 kv\u00e4llen (b\u00e4ttre s\u00f6mn och s\u00f6mn). Relax Support \u00e4r mild, s\u00e4ker f\u00f6r daglig anv\u00e4ndning och kan kombineras v\u00e4l med adaptogener, NAC, magnesium och tarmst\u00f6djare i integrerade v\u00e4gar som syftar till reglering av stressaxeln, HPA\/HPT-balans och tarm-hj\u00e4rna-axeln. <\/p>\n","protected":false},"excerpt":{"rendered":"<p>Relax Support kombinerar magnesiumbisglycinat, L-theanin, L-tryptofan och vitamin B6 f\u00f6r att st\u00f6dja avslappning, stressbalans, stimulansbearbetning och s\u00f6mnkvalitet.<\/p>\n","protected":false},"featured_media":11745,"comment_status":"open","ping_status":"closed","template":"","meta":{"wds_primary_product_brand":0,"wds_primary_product_cat":0,"wds_primary_merken":0},"product_brand":[],"product_cat":[5326],"product_tag":[5989,4565,6005,6001,2146,5994,3364,2568,5999,5992,6004,2154,5995,5997,2366,2378],"merken":[2756],"class_list":{"0":"post-11756","1":"product","2":"type-product","3":"status-publish","4":"has-post-thumbnail","6":"product_cat-kosttillskott","7":"product_tag-avslappningshund","8":"product_tag-b6-sv","9":"product_tag-kofaktor-neurotransmittorer","10":"product_tag-kofaktorserotonin","11":"product_tag-liposomal-sv","12":"product_tag-magnesiumbisglycinat","13":"product_tag-nervsystem","14":"product_tag-ngd-vard","15":"product_tag-p-5-p","16":"product_tag-somnstod","17":"product_tag-sova-2","18":"product_tag-stress-sv","19":"product_tag-theanin","20":"product_tag-tryptofan","21":"product_tag-uppforande","22":"product_tag-vila","23":"merken-ngdcare","24":"infinite-scroll-item","25":"sales-flash-overlay","26":"woocommerce-text-align-center","27":"woocommerce-image-align-center","28":"do-quantity-buttons","30":"first","31":"instock","32":"taxable","33":"shipping-taxable","34":"purchasable","35":"product-type-simple"},"_links":{"self":[{"href":"https:\/\/www.ngdcare.nl\/sv\/wp-json\/wp\/v2\/product\/11756","targetHints":{"allow":["GET"]}}],"collection":[{"href":"https:\/\/www.ngdcare.nl\/sv\/wp-json\/wp\/v2\/product"}],"about":[{"href":"https:\/\/www.ngdcare.nl\/sv\/wp-json\/wp\/v2\/types\/product"}],"replies":[{"embeddable":true,"href":"https:\/\/www.ngdcare.nl\/sv\/wp-json\/wp\/v2\/comments?post=11756"}],"wp:featuredmedia":[{"embeddable":true,"href":"https:\/\/www.ngdcare.nl\/sv\/wp-json\/wp\/v2\/media\/11745"}],"wp:attachment":[{"href":"https:\/\/www.ngdcare.nl\/sv\/wp-json\/wp\/v2\/media?parent=11756"}],"wp:term":[{"taxonomy":"product_brand","embeddable":true,"href":"https:\/\/www.ngdcare.nl\/sv\/wp-json\/wp\/v2\/product_brand?post=11756"},{"taxonomy":"product_cat","embeddable":true,"href":"https:\/\/www.ngdcare.nl\/sv\/wp-json\/wp\/v2\/product_cat?post=11756"},{"taxonomy":"product_tag","embeddable":true,"href":"https:\/\/www.ngdcare.nl\/sv\/wp-json\/wp\/v2\/product_tag?post=11756"},{"taxonomy":"merken","embeddable":true,"href":"https:\/\/www.ngdcare.nl\/sv\/wp-json\/wp\/v2\/merken?post=11756"}],"curies":[{"name":"wp","href":"https:\/\/api.w.org\/{rel}","templated":true}]}}