{"id":11777,"date":"2025-11-15T21:27:01","date_gmt":"2025-11-15T20:27:01","guid":{"rendered":"https:\/\/www.ngdcare.nl\/product\/okategoriserad\/liposomalt-koenzym-q10-2\/"},"modified":"2025-12-01T20:46:55","modified_gmt":"2025-12-01T19:46:55","slug":"liposomalt-koenzym-q10-2","status":"publish","type":"product","link":"https:\/\/www.ngdcare.nl\/sv\/product\/human-health\/kosttillskott\/liposomalt-koenzym-q10-2\/","title":{"rendered":"Liposomalt koenzym Q10"},"content":{"rendered":"<p class=\"p1\"><strong>Koenzym Q10<\/strong> \u00e4r ett kraftfullt \u00e4mne som spelar en nyckelroll i mitokondrierna: energifabrikerna i v\u00e5ra celler. Denna liposomala Q10 inneh\u00e5ller 160 mg ubiquinon per kapsel och \u00e4r inkapslad i h\u00f6gkvalitativa fosfolipider f\u00f6r avsev\u00e4rt f\u00f6rb\u00e4ttrad biotillg\u00e4nglighet. <\/p>\n<p class=\"p1\">N\u00e4r m\u00e4nniskor blir \u00e4ldre eller upplever mer stress sjunker niv\u00e5erna av koenzym Q10 och mitokondriernas effektivitet minskar. Detta kan leda till tr\u00f6tthet, \u00e5terh\u00e4mtningsproblem och \u00f6kad k\u00e4nslighet f\u00f6r oxidativ stress. Denna formula \u00e4r l\u00e4mplig f\u00f6r alla som vill ha extra st\u00f6d f\u00f6r energi, reparation och cellskydd, och anv\u00e4nds ofta vid tr\u00f6tthet, sportbelastning, stresssituationer eller vid naturligt \u00e5ldrande. Den liposomala formen g\u00f6r absorptionen 3\u20135 g\u00e5nger effektivare \u00e4n standard Q10, s\u00e5 l\u00e4gre doser ger \u00e4nd\u00e5 en stark effekt. Den fungerar synergistiskt med B-vitaminer, NAD+, magnesium och omegas, vilket g\u00f6r att den passar in i en bredare integrativ metod.    <\/p>\n","protected":false},"excerpt":{"rendered":"<p class=\"p1\"><strong>Liposomalt koenzym Q10<\/strong> st\u00f6djer energimetabolism, vitalitet och naturlig regenerativ kapacitet. Den liposomala tekniken g\u00f6r att ubikinon kan absorberas optimalt och omedelbart tillg\u00e4ngligt f\u00f6r cellerna. Idealiskt f\u00f6r tr\u00f6tthet, intensiva belastningar, \u00e5ldrande och extra mitokondriest\u00f6d.  <\/p>\n<p>.<\/p>\n","protected":false},"featured_media":11779,"comment_status":"open","ping_status":"closed","template":"","meta":{"wds_primary_product_brand":0,"wds_primary_product_cat":0,"wds_primary_merken":0},"product_brand":[],"product_cat":[5326],"product_tag":[2231,6199,6168,2327,2146,5417,5636,2568,5337,6200,6174],"merken":[2756],"class_list":{"0":"post-11777","1":"product","2":"type-product","3":"status-publish","4":"has-post-thumbnail","6":"product_cat-kosttillskott","7":"product_tag-antioxidant-sv","8":"product_tag-cellenergi","9":"product_tag-coq10","10":"product_tag-energi-sv","11":"product_tag-liposomal-sv","12":"product_tag-manskliga-tillskott","13":"product_tag-mitokondrier","14":"product_tag-ngd-vard","15":"product_tag-ngd-vard-manniskors-halsa","16":"product_tag-trotthet","17":"product_tag-ubiquinon","18":"merken-ngdcare","19":"infinite-scroll-item","20":"sales-flash-overlay","21":"woocommerce-text-align-center","22":"woocommerce-image-align-center","23":"do-quantity-buttons","25":"first","26":"instock","27":"taxable","28":"shipping-taxable","29":"purchasable","30":"product-type-simple"},"_links":{"self":[{"href":"https:\/\/www.ngdcare.nl\/sv\/wp-json\/wp\/v2\/product\/11777","targetHints":{"allow":["GET"]}}],"collection":[{"href":"https:\/\/www.ngdcare.nl\/sv\/wp-json\/wp\/v2\/product"}],"about":[{"href":"https:\/\/www.ngdcare.nl\/sv\/wp-json\/wp\/v2\/types\/product"}],"replies":[{"embeddable":true,"href":"https:\/\/www.ngdcare.nl\/sv\/wp-json\/wp\/v2\/comments?post=11777"}],"wp:featuredmedia":[{"embeddable":true,"href":"https:\/\/www.ngdcare.nl\/sv\/wp-json\/wp\/v2\/media\/11779"}],"wp:attachment":[{"href":"https:\/\/www.ngdcare.nl\/sv\/wp-json\/wp\/v2\/media?parent=11777"}],"wp:term":[{"taxonomy":"product_brand","embeddable":true,"href":"https:\/\/www.ngdcare.nl\/sv\/wp-json\/wp\/v2\/product_brand?post=11777"},{"taxonomy":"product_cat","embeddable":true,"href":"https:\/\/www.ngdcare.nl\/sv\/wp-json\/wp\/v2\/product_cat?post=11777"},{"taxonomy":"product_tag","embeddable":true,"href":"https:\/\/www.ngdcare.nl\/sv\/wp-json\/wp\/v2\/product_tag?post=11777"},{"taxonomy":"merken","embeddable":true,"href":"https:\/\/www.ngdcare.nl\/sv\/wp-json\/wp\/v2\/merken?post=11777"}],"curies":[{"name":"wp","href":"https:\/\/api.w.org\/{rel}","templated":true}]}}