{"id":12431,"date":"2026-01-22T21:43:11","date_gmt":"2026-01-22T20:43:11","guid":{"rendered":"https:\/\/www.ngdcare.nl\/product\/okategoriserad\/microbe-guard-diffusor\/"},"modified":"2026-01-26T21:51:16","modified_gmt":"2026-01-26T20:51:16","slug":"microbe-guard-diffusor","status":"publish","type":"product","link":"https:\/\/www.ngdcare.nl\/sv\/product\/human-health\/eteriska-oljor\/microbe-guard-diffusor\/","title":{"rendered":"Microbe Guard \u2013 Diffusor"},"content":{"rendered":"<p class=\"p3\"><strong>Microbe Guard \u2013 Diffuser<\/strong> har <span class=\"s2\"><b>utvecklats som en m\u00e5ngsidig oljeblandning<\/b><\/span> f\u00f6r st\u00f6d genom huden och luftv\u00e4garna, utan att belasta levern och matsm\u00e4ltningssystemet.<\/p>\n<p><b>Verkningsmekanism och sammans\u00e4ttning<\/b><\/p>\n<p>Flyktiga \u00e4mnen absorberas via lungorna genom inandning, medan topikal applicering ger st\u00f6d p\u00e5 hud- och lymfniv\u00e5. Kombinationen av fenolrika och mildare olor p\u00e5verkar indirekt biofilmer, membran och den mikrobiella milj\u00f6n. <\/p>\n<ul>\n<li class=\"p1\"><span class=\"s1\"><b>Oregano<\/b><\/span> st\u00f6djer mikrobiell balans genom membranst\u00f6rning.<\/li>\n<li class=\"p1\"><span class=\"s1\"><b>Timian. Thymol <\/b><\/span>  bidrar till destabilisering av biofilmer.<\/li>\n<li class=\"p1\"><span class=\"s1\"><b>Kanelbark<\/b><\/span> p\u00e5verkar enzym- och energisystem hos mikroorganismer.<\/li>\n<li class=\"p1\"><span class=\"s1\"><b>Kryddnejlikor<\/b><\/span> st\u00f6djer j\u00e4st, svampar och biofilmstrukturer.<\/li>\n<li class=\"p1\"><span class=\"s1\"><b>Manuka<\/b><\/span> har en lugnande och balansst\u00f6djande effekt.<\/li>\n<li class=\"p1\"><span class=\"s1\"><b>Ravintsara<\/b><\/span> st\u00f6djer fr\u00e4mst virusbelastning och luftv\u00e4gar.<\/li>\n<\/ul>\n<p><b>Indikationer<\/b><\/p>\n<ul>\n<li class=\"p1\">Mikrobiellt och virustrycksst\u00f6d<\/li>\n<li class=\"p1\">Addition inom integrativa banor<\/li>\n<li class=\"p1\">Milj\u00f6st\u00f6d via diffusor<\/li>\n<\/ul>\n","protected":false},"excerpt":{"rendered":"<p class=\"p1\"><strong>Microbe Guard Diffuser<\/strong> har utvecklats som <span class=\"s1\">en m\u00e5ngsidig eterisk oljeblandning<\/span> f\u00f6r hud- och andningsst\u00f6d, utan att belasta levern och matsm\u00e4ltningssystemet. Detta g\u00f6r den ocks\u00e5 l\u00e4mplig f\u00f6r katter och k\u00e4nsliga djur. <\/p>\n","protected":false},"featured_media":12432,"comment_status":"open","ping_status":"closed","template":"","meta":{"wds_primary_product_brand":0,"wds_primary_product_cat":0,"wds_primary_merken":0},"product_brand":[],"product_cat":[6366,2531],"product_tag":[6448,3205,6446,6368,6376,6370,2568,6447],"merken":[],"class_list":{"0":"post-12431","1":"product","2":"type-product","3":"status-publish","4":"has-post-thumbnail","6":"product_cat-eteriska-oljor","7":"product_cat-aromaterapi","8":"product_tag-antimikrobiell-olja","9":"product_tag-biofilm-sv","10":"product_tag-diffuserolja","11":"product_tag-eterisk-olja","12":"product_tag-integrativ-terapi","13":"product_tag-mikrobstod","14":"product_tag-ngd-vard","15":"product_tag-topisk-eterisk-olja","16":"infinite-scroll-item","17":"sales-flash-overlay","18":"woocommerce-text-align-center","19":"woocommerce-image-align-center","20":"do-quantity-buttons","22":"first","23":"instock","24":"taxable","25":"shipping-taxable","26":"purchasable","27":"product-type-simple"},"_links":{"self":[{"href":"https:\/\/www.ngdcare.nl\/sv\/wp-json\/wp\/v2\/product\/12431","targetHints":{"allow":["GET"]}}],"collection":[{"href":"https:\/\/www.ngdcare.nl\/sv\/wp-json\/wp\/v2\/product"}],"about":[{"href":"https:\/\/www.ngdcare.nl\/sv\/wp-json\/wp\/v2\/types\/product"}],"replies":[{"embeddable":true,"href":"https:\/\/www.ngdcare.nl\/sv\/wp-json\/wp\/v2\/comments?post=12431"}],"wp:featuredmedia":[{"embeddable":true,"href":"https:\/\/www.ngdcare.nl\/sv\/wp-json\/wp\/v2\/media\/12432"}],"wp:attachment":[{"href":"https:\/\/www.ngdcare.nl\/sv\/wp-json\/wp\/v2\/media?parent=12431"}],"wp:term":[{"taxonomy":"product_brand","embeddable":true,"href":"https:\/\/www.ngdcare.nl\/sv\/wp-json\/wp\/v2\/product_brand?post=12431"},{"taxonomy":"product_cat","embeddable":true,"href":"https:\/\/www.ngdcare.nl\/sv\/wp-json\/wp\/v2\/product_cat?post=12431"},{"taxonomy":"product_tag","embeddable":true,"href":"https:\/\/www.ngdcare.nl\/sv\/wp-json\/wp\/v2\/product_tag?post=12431"},{"taxonomy":"merken","embeddable":true,"href":"https:\/\/www.ngdcare.nl\/sv\/wp-json\/wp\/v2\/merken?post=12431"}],"curies":[{"name":"wp","href":"https:\/\/api.w.org\/{rel}","templated":true}]}}