{"id":12705,"date":"2026-01-23T09:26:46","date_gmt":"2026-01-23T08:26:46","guid":{"rendered":"https:\/\/www.ngdcare.nl\/product\/okategoriserad\/intensiv-lopp-och-fastingskydd\/"},"modified":"2026-04-14T12:32:50","modified_gmt":"2026-04-14T10:32:50","slug":"intensiv-lopp-och-fastingskydd","status":"publish","type":"product","link":"https:\/\/www.ngdcare.nl\/sv\/product\/veterinary-health\/aromaterapi\/intensiv-lopp-och-fastingskydd\/","title":{"rendered":"Lopp- och f\u00e4stingskydd \u2013 Intensiv"},"content":{"rendered":"<p class=\"p1\"><span class=\"s1\"><b>Intense Flea and Tick Guard<\/b><\/span> fr\u00e5n NGD Care \u00e4r en kraftfull, helt naturlig insektsmedel f\u00f6r hundar och milj\u00f6n. Denna spray kombinerar <span class=\"s1\"><b>eteriska oljor<\/b><\/span> som kryddnejlika, palmarosa, citroneukalyptus och cedertr\u00e4 med <span class=\"s1\"><b>neemolja<\/b><\/span> och <span class=\"s1\"><b>quassiaextrakt<\/b><\/span>, tv\u00e5 av de b\u00e4st unders\u00f6kta botaniska botemedlen mot loppor, f\u00e4stingar och milj\u00f6parasiter. <\/p>\n<p class=\"p1\">Formeln har utvecklats f\u00f6r hundar som beh\u00f6ver extra skydd under lopp- och f\u00e4stings\u00e4songen, promenader i skogen eller naturreservat, eller i n\u00e4rvaro av myggor, stallflugor och sandflugor. Tack vare sina kraftfulla doftprofiler och botaniska komponenter bidrar Intense Bug Guard till l\u00e5ngvariga naturliga f\u00f6rsvar, utan syntetiska insektsmedel. <\/p>\n<p class=\"p1\">Intense Bug Guard \u00e4r s\u00e4ker f\u00f6r hundar och \u00e4ven l\u00e4mplig f\u00f6r anv\u00e4ndning i milj\u00f6n, till exempel p\u00e5 kuddar, korgar, bil och golv. \u00c4ven i ett hem med katter \u00e4r denna spray ansiktsspray, men den \u00e4r <strong>egentligen kontraindicerad att anv\u00e4nda direkt p\u00e5 katter<\/strong> . <a href=\"https:\/\/www.ngdcare.nl\/sv\/product\/aromaterapi\/lopp-och-fastingskydd-mild\/\">Gentle Flea and Tick Guard<\/a> har utvecklats f\u00f6r detta \u00e4ndam\u00e5l.  <\/p>\n<p>Ingredienserna \u00e4r <span class=\"s1\"><b>naturligt biologiskt nedbrytbara<\/b><\/span> och bryts <span class=\"s1\"><b>snabbt ner<\/b><\/span> av solljus, syre och mikroorganismer i milj\u00f6n. Det h\u00e4r h\u00e5ller dem kvar  <span class=\"s1\"><b>stannar inte l\u00e4nge i jord, vatten eller organismer och denna spray har inte lika katastrofal effekt som vanliga insektsmedel.  <\/b>Sprayen kan vara skadlig f\u00f6r insekter i milj\u00f6n och i vattnet. Det betyder att under de f\u00f6rsta tv\u00e5 timmarna efter sprutning b\u00f6r du inte g\u00e5 i vattnet och inte spraya ditt djur utomhus i omedelbar n\u00e4rhet av insekter. <\/span><\/p>\n","protected":false},"excerpt":{"rendered":"<p class=\"p1\"><strong>Intense Flea and Tick Guard<\/strong> \u00e4r en kraftfull, naturlig insektsspray f\u00f6r hundar. Med en unik kombination av botaniska oljor och extrakt som kryddnejlika, palmarosa, citron-eukalyptus, neem och quassia, erbjuder denna spray ett brett spektrum av skydd mot loppor, f\u00e4stingar, myggor och andra bitande insekter. L\u00e4mplig f\u00f6r hundar och omgivningar, inte f\u00f6r katter.  <\/p>\n","protected":false},"featured_media":12710,"comment_status":"open","ping_status":"closed","template":"","meta":{"wds_primary_product_brand":0,"wds_primary_product_cat":0,"wds_primary_merken":0},"product_brand":[],"product_cat":[2531],"product_tag":[6781,6980,6775,6974,6975,6973,6972,6977,3202,6978,6976],"merken":[],"class_list":{"0":"post-12705","1":"product","2":"type-product","3":"status-publish","4":"has-post-thumbnail","6":"product_cat-aromaterapi","7":"product_tag-bug-guard","8":"product_tag-eteriska-oljor-2","9":"product_tag-insektsmedel","10":"product_tag-insektssprayhund","11":"product_tag-lopphund","12":"product_tag-naturlig-fastingspray","13":"product_tag-naturlig-loppspray","14":"product_tag-neemolja","15":"product_tag-parasiter","16":"product_tag-quassia-extrakt","17":"product_tag-teckenhund","18":"infinite-scroll-item","19":"sales-flash-overlay","20":"woocommerce-text-align-center","21":"woocommerce-image-align-center","22":"do-quantity-buttons","24":"first","25":"instock","26":"taxable","27":"shipping-taxable","28":"purchasable","29":"product-type-variable"},"_links":{"self":[{"href":"https:\/\/www.ngdcare.nl\/sv\/wp-json\/wp\/v2\/product\/12705","targetHints":{"allow":["GET"]}}],"collection":[{"href":"https:\/\/www.ngdcare.nl\/sv\/wp-json\/wp\/v2\/product"}],"about":[{"href":"https:\/\/www.ngdcare.nl\/sv\/wp-json\/wp\/v2\/types\/product"}],"replies":[{"embeddable":true,"href":"https:\/\/www.ngdcare.nl\/sv\/wp-json\/wp\/v2\/comments?post=12705"}],"wp:featuredmedia":[{"embeddable":true,"href":"https:\/\/www.ngdcare.nl\/sv\/wp-json\/wp\/v2\/media\/12710"}],"wp:attachment":[{"href":"https:\/\/www.ngdcare.nl\/sv\/wp-json\/wp\/v2\/media?parent=12705"}],"wp:term":[{"taxonomy":"product_brand","embeddable":true,"href":"https:\/\/www.ngdcare.nl\/sv\/wp-json\/wp\/v2\/product_brand?post=12705"},{"taxonomy":"product_cat","embeddable":true,"href":"https:\/\/www.ngdcare.nl\/sv\/wp-json\/wp\/v2\/product_cat?post=12705"},{"taxonomy":"product_tag","embeddable":true,"href":"https:\/\/www.ngdcare.nl\/sv\/wp-json\/wp\/v2\/product_tag?post=12705"},{"taxonomy":"merken","embeddable":true,"href":"https:\/\/www.ngdcare.nl\/sv\/wp-json\/wp\/v2\/merken?post=12705"}],"curies":[{"name":"wp","href":"https:\/\/api.w.org\/{rel}","templated":true}]}}