{"id":15010,"date":"2026-02-10T14:18:57","date_gmt":"2026-02-10T13:18:57","guid":{"rendered":"https:\/\/www.ngdcare.nl\/product\/okategoriserad\/intracellulart-mikrobprotokoll\/"},"modified":"2026-05-02T15:49:22","modified_gmt":"2026-05-02T13:49:22","slug":"intracellulart-mikrobprotokoll","status":"publish","type":"product","link":"https:\/\/www.ngdcare.nl\/sv\/product\/veterinary-health\/protokoll\/intracellulart-mikrobprotokoll\/","title":{"rendered":"Intracellul\u00e4rt mikrobprotokoll"},"content":{"rendered":"<p data-start=\"379\" data-end=\"631\"><strong data-start=\"637\" data-end=\"672\">Intracellul\u00e4ra mikrobprotokollet<\/strong> har utvecklats f\u00f6r hundar och katter som inte \u00e5terh\u00e4mtar sig tillr\u00e4ckligt efter infektioner eller forts\u00e4tter att lida av kroniska, varierande eller of\u00f6rklarliga besv\u00e4r. Vissa mikroorganismer kan g\u00f6mma sig i kroppens celler, vilket g\u00f6r det sv\u00e5rt f\u00f6r immunsystemet att n\u00e5 dem. Detta kan leda till l\u00e5ngvariga eller \u00e5terkommande symtom, \u00e4ven efter att en infektion tydligen har behandlats. Protokollet fokuserar inte bara p\u00e5 mikroben, utan s\u00e4rskilt p\u00e5 kroppen som har varit under press under l\u00e5ng tid.   <\/p>\n<p data-start=\"985\" data-end=\"1264\">Intracellul\u00e4ra mikrober \u00e4r mikroorganismer som (tillf\u00e4lligt eller l\u00e5ngvarigt) finns i kroppens celler. Exempel inkluderar Borrelia, Ehrlichia, Anaplasma, Bartonella, Leishmania, Babesia, Toxoplasma och postinfekti\u00f6s restbelastning efter virusinfektioner. <\/p>\n<p data-start=\"1266\" data-end=\"1391\">Denna b\u00f6rda kan leda till kronisk immunaktivering, l\u00e5ggradig inflammation och st\u00f6rning av energihanteringen.<\/p>\n<h4 data-start=\"1398\" data-end=\"1431\">Varf\u00f6r en fasad metod?<\/h4>\n<p data-start=\"1432\" data-end=\"1617\">Vid l\u00e5ngvarig intracellul\u00e4r belastning \u00e4r kroppen ofta kontinuerligt \u201cp\u00e5&#8221;. Utan att f\u00f6rst skapa fred och stabilitet kan ytterligare st\u00f6d leda till dysreglering eller \u00e5terfall. <\/p>\n<p data-start=\"1619\" data-end=\"1789\">Det \u00e4r d\u00e4rf\u00f6r NGD Care Intracellular Microbe Protocol arbetar med en <strong data-start=\"1689\" data-end=\"1733\">noggrant konstruerad, fasvis metod <\/strong>som st\u00f6djer kroppen steg f\u00f6r steg i \u00e5terh\u00e4mtningen. Totalt varar detta protokoll i 20 veckor. <\/p>\n<h4 data-start=\"1796\" data-end=\"1845\">Strukturen hos det intracellul\u00e4ra mikrobprotokollet<\/h4>\n<p><strong>Fas 1 \u2013 Immun- och inflammationsstabilisering<\/strong> (4 veckor)<\/p>\n<ul>\n<li>I denna fas lugnas kroppen ner och f\u00f6rbereds f\u00f6r n\u00e4sta steg.<\/li>\n<li>St\u00f6d med:\n<ul>\n<li><strong data-start=\"2017\" data-end=\"2033\">Laktoferrin<\/strong> \u2013 St\u00f6djer immunbalansen och makrofagfunktionen samt hj\u00e4lper till att reglera \u00f6verdrivna inflammatoriska reaktioner.<\/li>\n<li><strong data-start=\"2085\" data-end=\"2129\">Myco Immune Complex (Mushroom Mix 1)<\/strong> \u2013 Fungerar immunmodulerande och hj\u00e4lper till att balansera immunf\u00f6rsvaret utan att \u00f6verstimulera.<\/li>\n<li><strong data-start=\"2153\" data-end=\"2172\">PEA-komplex (PEA &amp; Boswellia)<\/strong> \u2013 St\u00f6der nervsystemet och har en antiinflammatorisk effekt p\u00e5 kronisk immun- och stressbelastning.<\/li>\n<\/ul>\n<\/li>\n<\/ul>\n<p><span style=\"font-size: inherit;\"><strong>Fas 2 \u2013 Kontrollerat mikrobiellt belastningsst\u00f6d<\/strong> (8 veckor)<\/span><\/p>\n<ul>\n<li data-start=\"2323\" data-end=\"2441\">N\u00e4r kroppen \u00e4r stabil st\u00f6ds den p\u00e5 ett kontrollerat s\u00e4tt f\u00f6r att minska intracellul\u00e4r stress.<\/li>\n<li>St\u00f6d med:\n<ul>\n<li data-start=\"2468\" data-end=\"2545\"><strong data-start=\"2468\" data-end=\"2487\">Para Reset (NAC &amp; Berberin)<\/strong> \u2013 St\u00f6djer produktionen av glutation och hj\u00e4lper till att st\u00f6ra skyddande strukturer runt mikrober.<\/li>\n<li data-start=\"2468\" data-end=\"2545\"><strong style=\"font-size: inherit;\" data-start=\"2548\" data-end=\"2584\">Eteriska oljor Mikrobeskydd<\/strong>\n<ul>\n<li data-start=\"2468\" data-end=\"2545\">St\u00f6d kroppens mikrobiella balans genom tv\u00e5 olika verkningsmekanismer:\n<ul>\n<li data-start=\"2591\" data-end=\"2627\">Oralt: <span class=\"s1\">systematiskt st\u00f6d f\u00f6r mikrobiell obalans.<\/span><\/li>\n<li data-start=\"2591\" data-end=\"2627\">Diffusor: f\u00f6r hud- och andningsst\u00f6d, utan att belasta levern och matsm\u00e4ltningssystemet.<\/li>\n<\/ul>\n<\/li>\n<\/ul>\n<\/li>\n<li><strong data-start=\"2768\" data-end=\"2821\">Laktoferrin <\/strong>\u2013 Forts\u00e4tter att st\u00f6dja immunregleringen och hj\u00e4lper till att kontrollera inflammatoriska reaktioner.<\/li>\n<li><strong data-start=\"2768\" data-end=\"2821\">Myco-immunst\u00f6d \u2013 <\/strong>Forts\u00e4tter att bidra till ett balanserat immunsvar under denna fas.<\/li>\n<li><strong data-start=\"2768\" data-end=\"2821\">PEA-komplex <\/strong>\u2013 Forts\u00e4tter att st\u00f6dja h\u00e4mning av inflammation och stressreglering f\u00f6r att f\u00f6rebygga \u00e5terfall.<\/li>\n<li>Valfritt: <a href=\"https:\/\/www.natuurlijkgezondedieren.nl\/ozontherapie\/\"><strong>Ozonterapi<\/strong><\/a> eller (i samr\u00e5d med veterin\u00e4ren) konventionell medicinering, alltid inb\u00e4ddad i protokollet.<\/li>\n<\/ul>\n<\/li>\n<\/ul>\n<p><strong>Fas 3 \u2013 \u00c5terh\u00e4mtning och motst\u00e5ndskraft<\/strong> (8 veckor)<\/p>\n<ul>\n<li data-start=\"3012\" data-end=\"3092\">Den sista fasen fokuserar p\u00e5 att \u00e5terst\u00e4lla energi, motst\u00e5ndskraft och vitalitet.<\/li>\n<li data-start=\"3012\" data-end=\"3092\">St\u00f6d med:\n<ul>\n<li data-start=\"3119\" data-end=\"3159\"><strong data-start=\"3119\" data-end=\"3157\">L\u00e5nglivningsst\u00f6d <\/strong>(NAD\u207a \/ Resveratrol \/ Ergothionein) \u2013 St\u00f6der mitokondriell funktion och cellul\u00e4r energiproduktion under l\u00e5ngvarig belastning.<\/li>\n<li data-start=\"3162\" data-end=\"3178\"><strong data-start=\"3162\" data-end=\"3176\">Glutation <\/strong>\u2013 Viktig kroppens egen antioxidant som hj\u00e4lper till att minska oxidativ stress och st\u00e4da upp rester.<\/li>\n<li data-start=\"3181\" data-end=\"3197\"><strong data-start=\"3181\" data-end=\"3197\">Koenzym Q10 <\/strong>\u2013 St\u00f6djer energiproduktionen i muskler och organ och bidrar till \u00e5terh\u00e4mtning av vitalitet och motst\u00e5ndskraft.<\/li>\n<\/ul>\n<\/li>\n<\/ul>\n<h4>Vem \u00e4r detta protokoll l\u00e4mpligt f\u00f6r?<\/h4>\n<ul>\n<li>Djur med kroniska eller varierande besv\u00e4r<\/li>\n<li>Djur som inte \u00e5terh\u00e4mtar sig tillr\u00e4ckligt efter infektioner<\/li>\n<li>Importhundar med of\u00f6rklarliga symtom<\/li>\n<li>Djur med diagnos av intracellul\u00e4ra bakterier eller protozoer<\/li>\n<li>Djur med diagnos av kronisk virusinfektion<\/li>\n<\/ul>\n<p><strong>Paketet inneh\u00e5ller kosttillskott som r\u00e4cker f\u00f6r 20 veckor f\u00f6r hundar p\u00e5 10\u201330 kg. Totalt f\u00e5r du 3x laktoferrin, 3x myco-immunst\u00f6d, 3x PEA-komplex, 2x para-reset, 1x mikrobeskydd internt, 1x mikrobeskyddardiffusor, 2x livsl\u00e4ngdsst\u00f6d, 2x glutation, 2x koenzym Q10.   <\/strong><\/p>\n","protected":false},"excerpt":{"rendered":"<p data-start=\"540\" data-end=\"879\"><strong data-start=\"544\" data-end=\"588\">NGD Care Intracellular Microbe Protocol<\/strong> \u00e4r ett integrativt \u00e5terh\u00e4mtningsprotokoll f\u00f6r hundar och katter med kroniska intracellul\u00e4ra mikrobiella infektioner. Protokollet st\u00f6djer immunsystemet, minskar l\u00e5ggradig inflammation och hj\u00e4lper kroppen att \u00e5terh\u00e4mta sig p\u00e5 cell- och mitokondrieniv\u00e5. <\/p>\n","protected":false},"featured_media":19122,"comment_status":"open","ping_status":"closed","template":"","meta":{"wds_primary_product_brand":0,"wds_primary_product_cat":0,"wds_primary_merken":0},"product_brand":[],"product_cat":[2947],"product_tag":[7317,7322,7320,7318,7315,7316,7321,7314,7325,7319,7323,7324,3202],"merken":[],"class_list":{"0":"post-15010","1":"product","2":"type-product","3":"status-publish","4":"has-post-thumbnail","6":"product_cat-protokoll","7":"product_tag-anaplasma","8":"product_tag-aterstallningsprotokoll","9":"product_tag-babesia","10":"product_tag-bartonella","11":"product_tag-borrelia","12":"product_tag-ehrlichia","13":"product_tag-immunprotokoll","14":"product_tag-intracellulara-infektioner","15":"product_tag-kroniska-klagomal-hund","16":"product_tag-leishmania","17":"product_tag-mitokondriell-aterhamtning","18":"product_tag-ozonterapi","19":"product_tag-parasiter","20":"infinite-scroll-item","21":"sales-flash-overlay","22":"woocommerce-text-align-center","23":"woocommerce-image-align-center","24":"do-quantity-buttons","26":"first","27":"instock","28":"sale","29":"taxable","30":"shipping-taxable","31":"purchasable","32":"product-type-simple"},"_links":{"self":[{"href":"https:\/\/www.ngdcare.nl\/sv\/wp-json\/wp\/v2\/product\/15010","targetHints":{"allow":["GET"]}}],"collection":[{"href":"https:\/\/www.ngdcare.nl\/sv\/wp-json\/wp\/v2\/product"}],"about":[{"href":"https:\/\/www.ngdcare.nl\/sv\/wp-json\/wp\/v2\/types\/product"}],"replies":[{"embeddable":true,"href":"https:\/\/www.ngdcare.nl\/sv\/wp-json\/wp\/v2\/comments?post=15010"}],"wp:featuredmedia":[{"embeddable":true,"href":"https:\/\/www.ngdcare.nl\/sv\/wp-json\/wp\/v2\/media\/19122"}],"wp:attachment":[{"href":"https:\/\/www.ngdcare.nl\/sv\/wp-json\/wp\/v2\/media?parent=15010"}],"wp:term":[{"taxonomy":"product_brand","embeddable":true,"href":"https:\/\/www.ngdcare.nl\/sv\/wp-json\/wp\/v2\/product_brand?post=15010"},{"taxonomy":"product_cat","embeddable":true,"href":"https:\/\/www.ngdcare.nl\/sv\/wp-json\/wp\/v2\/product_cat?post=15010"},{"taxonomy":"product_tag","embeddable":true,"href":"https:\/\/www.ngdcare.nl\/sv\/wp-json\/wp\/v2\/product_tag?post=15010"},{"taxonomy":"merken","embeddable":true,"href":"https:\/\/www.ngdcare.nl\/sv\/wp-json\/wp\/v2\/merken?post=15010"}],"curies":[{"name":"wp","href":"https:\/\/api.w.org\/{rel}","templated":true}]}}