{"id":17381,"date":"2026-03-29T14:07:28","date_gmt":"2026-03-29T12:07:28","guid":{"rendered":"https:\/\/www.ngdcare.nl\/product\/okategoriserad\/inre-inriktning-av-eterisk-olja-chakra-1-4-och-7\/"},"modified":"2026-03-29T14:07:28","modified_gmt":"2026-03-29T12:07:28","slug":"inre-inriktning-av-eterisk-olja-chakra-1-4-och-7","status":"publish","type":"product","link":"https:\/\/www.ngdcare.nl\/sv\/product\/human-health\/eteriska-oljor\/inre-inriktning-av-eterisk-olja-chakra-1-4-och-7\/","title":{"rendered":"Inre inriktning av eterisk olja \u2013 Chakra 1, 4 och 7"},"content":{"rendered":"<p style=\"font-weight: 400;\"><strong>Inre Justering<\/strong> \u00e4r en kombination av eteriska oljor f\u00f6r chakran 1, 4 och 7\u2014de tre energicentra som tillsammans ger f\u00f6rkroppsligande, k\u00e4rleksfull f\u00f6rbindelse och andlig inriktning. Denna olja hj\u00e4lper dig att komma hem till dig sj\u00e4lv, \u00f6ppnar ditt hj\u00e4rta och ger sinnesro. <\/p>\n<p style=\"font-weight: 400;\" data-start=\"1030\" data-end=\"1079\">Speciellt framtagen med eteriska oljor som:<\/p>\n<ul>\n<li data-start=\"1082\" data-end=\"1113\">Skydda vid \u00f6verstimulering<\/li>\n<li data-start=\"1116\" data-end=\"1147\">hj\u00e4lpa dig att sl\u00e4ppa taget och slappna av<\/li>\n<li data-start=\"1150\" data-end=\"1199\">Att \u00e5terst\u00e4lla kopplingen mellan kropp och sj\u00e4l<\/li>\n<\/ul>\n<p style=\"font-weight: 400;\" data-start=\"1201\" data-end=\"1295\">Denna olja \u00e4r s\u00e4rskilt l\u00e4mplig f\u00f6r <strong data-start=\"1240\" data-end=\"1274\">mycket k\u00e4nsliga personer och djur<\/strong>, till exempel:<\/p>\n<ul>\n<li data-start=\"1298\" data-end=\"1327\">rastl\u00f6shet, stress, dissociation<\/li>\n<li data-start=\"1330\" data-end=\"1347\">Sorg eller f\u00f6rlust<\/li>\n<li data-start=\"1350\" data-end=\"1373\">Andlig f\u00f6rvirring<\/li>\n<li data-start=\"1376\" data-end=\"1402\">Emotionell \u00f6verbelastning<\/li>\n<li data-start=\"1405\" data-end=\"1440\">Behov av jordning eller inspiration<\/li>\n<\/ul>\n<p data-start=\"1442\" data-end=\"1587\"><strong>Komposition. Inner Alignment inneh\u00e5ller 100 % rena, naturliga eteriska oljor fr\u00e5n: <\/strong><\/p>\n<ul>\n<li><strong>Vetiver<\/strong> \u2013 djup f\u00f6rankring, stabilitet, mot rastl\u00f6shet och stress<\/li>\n<li><strong data-start=\"1720\" data-end=\"1733\">Cedarwood<\/strong> \u2013 st\u00e4rker s\u00e4kerheten och tryggheten<\/li>\n<li><strong data-start=\"1777\" data-end=\"1792\">Ylang Ylang<\/strong> \u2013 \u00f6ppnar hj\u00e4rtat och slappnar av k\u00e4nslorna<\/li>\n<li><strong data-start=\"1834\" data-end=\"1846\">Lavendel<\/strong> \u2013 lugnande, lugnar nervsystemet och hj\u00e4rtfrekvensen, bron mellan hj\u00e4rta och huvud<\/li>\n<li><strong data-start=\"1905\" data-end=\"1919\">Sandeltr\u00e4<\/strong> \u2013 fr\u00e4mjar inre tystnad, djup f\u00f6rankring och andlig kontakt<\/li>\n<li><strong data-start=\"1978\" data-end=\"2004\">R\u00f6kelse<\/strong> \u2013 \u00f6ppnar kronchakrat och st\u00e4rker sj\u00e4lsmedvetenheten<\/li>\n<li data-start=\"1222\" data-end=\"1287\"><strong data-start=\"1222\" data-end=\"1257\">Bergamott<\/strong> \u2013 l\u00e4tthet, gl\u00e4dje<\/li>\n<li class=\"p1\"><strong>Myrra<\/strong> \u2013 Hj\u00e4lper till att sl\u00e4ppa gammal sm\u00e4rta, djup feminin kraft<\/li>\n<\/ul>\n<p><span class=\"s2\">Denna kombination st\u00f6djer <\/span><b>kroppsorienterad avslappning<\/b><span class=\"s2\"> (chakra 1), <\/span><b>emotionell reglering<\/b><span class=\"s2\"> (chakra 4) samt <\/span><b>mental frig\u00f6relse och tillit (<\/b><span class=\"s2\"> chakra 7).<\/span><\/p>\n<p>Oljan kan tills\u00e4ttas i en diffusor f\u00f6r att \u00e5terst\u00e4lla balansen mellan m\u00e4nniskor och djur efter en intensiv och k\u00e4nslosam dag. Oljan kombineras mycket fint med blomessensen Inner Alignment. <\/p>\n","protected":false},"excerpt":{"rendered":"<div>\n<p>En lugnande oljeblandning som f\u00f6rbinder kropp, hj\u00e4rta och sj\u00e4l. Med cedertr\u00e4, vetiver, lavendel, ylang ylang, sandeltr\u00e4 och r\u00f6kelse. St\u00f6djer chakran 1, 4 och 7 f\u00f6r djup kroppsligande, hj\u00e4rta-\u00f6ppning och andlig kontakt.  <\/p>\n<\/div>\n","protected":false},"featured_media":0,"comment_status":"open","ping_status":"closed","template":"","meta":{"wds_primary_product_brand":0,"wds_primary_product_cat":0,"wds_primary_merken":0},"product_brand":[],"product_cat":[6366,2531],"product_tag":[3606,7647,7645,7649,3604,3607,3609,2568],"merken":[],"class_list":{"0":"post-17381","1":"product","2":"type-product","3":"status-publish","5":"product_cat-eteriska-oljor","6":"product_cat-aromaterapi","7":"product_tag-andlig-forbindelse","8":"product_tag-chakraolja","9":"product_tag-eterisk-oljerull","10":"product_tag-hjartchakra","11":"product_tag-inre-inriktning","12":"product_tag-jordning","13":"product_tag-krona-chakra","14":"product_tag-ngd-vard","15":"infinite-scroll-item","16":"sales-flash-overlay","17":"woocommerce-text-align-center","18":"woocommerce-image-align-center","19":"do-quantity-buttons","21":"first","22":"instock","23":"featured","24":"taxable","25":"shipping-taxable","26":"purchasable","27":"product-type-simple"},"_links":{"self":[{"href":"https:\/\/www.ngdcare.nl\/sv\/wp-json\/wp\/v2\/product\/17381","targetHints":{"allow":["GET"]}}],"collection":[{"href":"https:\/\/www.ngdcare.nl\/sv\/wp-json\/wp\/v2\/product"}],"about":[{"href":"https:\/\/www.ngdcare.nl\/sv\/wp-json\/wp\/v2\/types\/product"}],"replies":[{"embeddable":true,"href":"https:\/\/www.ngdcare.nl\/sv\/wp-json\/wp\/v2\/comments?post=17381"}],"wp:attachment":[{"href":"https:\/\/www.ngdcare.nl\/sv\/wp-json\/wp\/v2\/media?parent=17381"}],"wp:term":[{"taxonomy":"product_brand","embeddable":true,"href":"https:\/\/www.ngdcare.nl\/sv\/wp-json\/wp\/v2\/product_brand?post=17381"},{"taxonomy":"product_cat","embeddable":true,"href":"https:\/\/www.ngdcare.nl\/sv\/wp-json\/wp\/v2\/product_cat?post=17381"},{"taxonomy":"product_tag","embeddable":true,"href":"https:\/\/www.ngdcare.nl\/sv\/wp-json\/wp\/v2\/product_tag?post=17381"},{"taxonomy":"merken","embeddable":true,"href":"https:\/\/www.ngdcare.nl\/sv\/wp-json\/wp\/v2\/merken?post=17381"}],"curies":[{"name":"wp","href":"https:\/\/api.w.org\/{rel}","templated":true}]}}