{"id":6809,"date":"2025-04-05T11:34:11","date_gmt":"2025-04-05T09:34:11","guid":{"rendered":"https:\/\/www.ngdcare.nl\/product\/okategoriserad\/broschyrer\/"},"modified":"2025-04-05T11:34:11","modified_gmt":"2025-04-05T09:34:11","slug":"broschyrer","status":"publish","type":"product","link":"https:\/\/www.ngdcare.nl\/sv\/product\/veterinary-health\/ortomolekylara-kosttillskott\/broschyrer\/","title":{"rendered":"Broschyrer"},"content":{"rendered":"<p>Om du vill best\u00e4lla broschyrer som \u00e5terf\u00f6rs\u00e4ljare eller affiliate kan du ange detta h\u00e4r. Dessa kan du sedan ge under en konsultation f\u00f6r k\u00e4nnedom. <\/p>\n<p>Alla foldrar och flyers kan ocks\u00e5 laddas ner digitalt n\u00e4r du loggar in.<\/p>\n<p>Ange i kommentarerna n\u00e4r du best\u00e4ller hur m\u00e5nga och vilka broschyrer du vill ha.<\/p>\n<p>Vi har gjort allm\u00e4nna broschyrer om NGD Care och en broschyr f\u00f6r alla protokoll som vi kan skicka till dig.<\/p>\n","protected":false},"excerpt":{"rendered":"<p>H\u00e4r kan du best\u00e4lla alla bipacksedlar och flyers med protokollen fr\u00e5n NGD Care.<\/p>\n","protected":false},"featured_media":18062,"comment_status":"open","ping_status":"closed","template":"","meta":{"wds_primary_product_brand":0,"wds_primary_product_cat":0,"wds_primary_merken":0},"product_brand":[],"product_cat":[1919,2947],"product_tag":[],"merken":[],"class_list":{"0":"post-6809","1":"product","2":"type-product","3":"status-publish","4":"has-post-thumbnail","6":"product_cat-ortomolekylara-kosttillskott","7":"product_cat-protokoll","8":"infinite-scroll-item","9":"sales-flash-overlay","10":"woocommerce-text-align-center","11":"woocommerce-image-align-center","12":"do-quantity-buttons","14":"first","15":"instock","16":"taxable","17":"shipping-taxable","18":"purchasable","19":"product-type-simple"},"_links":{"self":[{"href":"https:\/\/www.ngdcare.nl\/sv\/wp-json\/wp\/v2\/product\/6809","targetHints":{"allow":["GET"]}}],"collection":[{"href":"https:\/\/www.ngdcare.nl\/sv\/wp-json\/wp\/v2\/product"}],"about":[{"href":"https:\/\/www.ngdcare.nl\/sv\/wp-json\/wp\/v2\/types\/product"}],"replies":[{"embeddable":true,"href":"https:\/\/www.ngdcare.nl\/sv\/wp-json\/wp\/v2\/comments?post=6809"}],"wp:featuredmedia":[{"embeddable":true,"href":"https:\/\/www.ngdcare.nl\/sv\/wp-json\/wp\/v2\/media\/18062"}],"wp:attachment":[{"href":"https:\/\/www.ngdcare.nl\/sv\/wp-json\/wp\/v2\/media?parent=6809"}],"wp:term":[{"taxonomy":"product_brand","embeddable":true,"href":"https:\/\/www.ngdcare.nl\/sv\/wp-json\/wp\/v2\/product_brand?post=6809"},{"taxonomy":"product_cat","embeddable":true,"href":"https:\/\/www.ngdcare.nl\/sv\/wp-json\/wp\/v2\/product_cat?post=6809"},{"taxonomy":"product_tag","embeddable":true,"href":"https:\/\/www.ngdcare.nl\/sv\/wp-json\/wp\/v2\/product_tag?post=6809"},{"taxonomy":"merken","embeddable":true,"href":"https:\/\/www.ngdcare.nl\/sv\/wp-json\/wp\/v2\/merken?post=6809"}],"curies":[{"name":"wp","href":"https:\/\/api.w.org\/{rel}","templated":true}]}}