{"id":6880,"date":"2025-09-27T22:57:17","date_gmt":"2025-09-27T20:57:17","guid":{"rendered":"https:\/\/www.ngdcare.nl\/product\/okategoriserad\/forsta-hjalpen-blossom-emergency-essence\/"},"modified":"2026-04-12T21:28:14","modified_gmt":"2026-04-12T19:28:14","slug":"forsta-hjalpen-blossom-emergency-essence","status":"publish","type":"product","link":"https:\/\/www.ngdcare.nl\/sv\/product\/veterinary-health\/blomma-botemedel\/forsta-hjalpen-blossom-emergency-essence\/","title":{"rendered":"N\u00f6dv\u00e4sen \u2013 N\u00f6dst\u00f6d"},"content":{"rendered":"<p style=\"font-weight: 400;\" data-start=\"682\" data-end=\"1018\">Denna kraftfulla men milda <strong>akuta blomsterbehandling \u2013 akut hj\u00e4lp<\/strong> \u00e4r ett energiskt f\u00f6rsta hj\u00e4lpen-medel f\u00f6r b\u00e5de m\u00e4nniskor och djur. Behandlingen hj\u00e4lper mot akut stress, trauma, fysiska eller k\u00e4nslom\u00e4ssiga chocker, pl\u00f6tslig sorg, panik, olyckor eller intensiva upplevelser. Den fungerar genom energisystemet och erbjuder frid, tr\u00f6st, skydd och f\u00f6rnyad balans.  <\/p>\n<p style=\"font-weight: 400;\" data-start=\"1020\" data-end=\"1166\">Kombinationen \u00e4r inspirerad av klassiska r\u00e4ddningsmedel, men f\u00f6rfinad med moderna blommor som ocks\u00e5 st\u00f6der djupare andlig integration.<\/p>\n<p data-start=\"1456\" data-end=\"1501\"><strong data-start=\"1463\" data-end=\"1499\">Sammans\u00e4ttning<\/strong><\/p>\n<ul>\n<li data-start=\"1505\" data-end=\"1576\"><strong data-start=\"1505\" data-end=\"1526\">Betlehemsstj\u00e4rnan<\/strong> \u2013 Traumauppl\u00f6sning, \u00e5terst\u00e4ller energetisk chock<\/li>\n<li data-start=\"1579\" data-end=\"1653\"><strong data-start=\"1579\" data-end=\"1593\">AnimalCare<\/strong> \u2013 F\u00f6rsta hj\u00e4lpen vid chock, sm\u00e4rta och panik (\u00e4ven f\u00f6r m\u00e4nniskor)<\/li>\n<li data-start=\"1656\" data-end=\"1727\"><strong data-start=\"1656\" data-end=\"1667\">Poppy<\/strong> \u2013 Ge upp f\u00f6r stress eller domningar, lugnar djup rastl\u00f6shet<\/li>\n<li data-start=\"1730\" data-end=\"1789\"><strong data-start=\"1730\" data-end=\"1745\">Mask Flower<\/strong> \u2013 S\u00e4kerhet i r\u00e4dsla, sl\u00e4pp kontrollen<\/li>\n<li data-start=\"1792\" data-end=\"1870\"><strong data-start=\"1792\" data-end=\"1805\">K\u00f6rsb\u00e4rsplommon<\/strong> \u2013 Reglerar intensiva k\u00e4nslor, f\u00f6rhindrar k\u00e4nslom\u00e4ssig \u201cexplosion&#8221;<\/li>\n<li data-start=\"1873\" data-end=\"1937\"><strong data-start=\"1873\" data-end=\"1890\">K\u00e4rlek &amp; Hopp<\/strong> \u2013 Tr\u00f6st, mjukhet, kontakt i sorg<\/li>\n<li data-start=\"1940\" data-end=\"2010\"><strong data-start=\"1940\" data-end=\"1958\">Fringed Violet<\/strong> \u2013 \u00c5terh\u00e4mtning av aura efter brott (fysisk\/emotionell)<\/li>\n<li data-start=\"2013\" data-end=\"2079\"><strong data-start=\"2013\" data-end=\"2025\">Sugulite<\/strong>\u2013 Skydd mot HSP och energetisk \u00f6verbelastning<\/li>\n<li data-start=\"2082\" data-end=\"2141\"><strong data-start=\"2082\" data-end=\"2095\">F\u00f6rl\u00e5telse<\/strong> \u2013 Sl\u00e4pp sm\u00e4rta och sp\u00e4nningar, \u00f6ppna hj\u00e4rtat<\/li>\n<\/ul>\n","protected":false},"excerpt":{"rendered":"<p>Kombination av blommor f\u00f6r omedelbart st\u00f6d vid trauma, chock, sorg, panik eller fysisk chock. F\u00f6r m\u00e4nniskor och djur. <\/p>\n","protected":false},"featured_media":9665,"comment_status":"open","ping_status":"closed","template":"","meta":{"wds_primary_product_brand":0,"wds_primary_product_cat":0,"wds_primary_merken":0},"product_brand":[],"product_cat":[3219],"product_tag":[3228,3220,3222,3223,3225,3221,3071,3224,3226,3227,7846],"merken":[],"class_list":{"0":"post-6880","1":"product","2":"type-product","3":"status-publish","4":"has-post-thumbnail","6":"product_cat-blomma-botemedel","7":"product_tag-akut-chock","8":"product_tag-blomma-essens","9":"product_tag-energetiskt-skydd","10":"product_tag-forsta-hjalpen-blommar","11":"product_tag-naturligt-lugn","12":"product_tag-ngd-care-blommar-ut","13":"product_tag-panik-sv","14":"product_tag-raddning-botemedel","15":"product_tag-stod-vid-trauma","16":"product_tag-stress-hos-hundar-katter","17":"product_tag-stress-och-beteende","18":"infinite-scroll-item","19":"sales-flash-overlay","20":"woocommerce-text-align-center","21":"woocommerce-image-align-center","22":"do-quantity-buttons","24":"first","25":"instock","26":"taxable","27":"shipping-taxable","28":"purchasable","29":"product-type-simple"},"_links":{"self":[{"href":"https:\/\/www.ngdcare.nl\/sv\/wp-json\/wp\/v2\/product\/6880","targetHints":{"allow":["GET"]}}],"collection":[{"href":"https:\/\/www.ngdcare.nl\/sv\/wp-json\/wp\/v2\/product"}],"about":[{"href":"https:\/\/www.ngdcare.nl\/sv\/wp-json\/wp\/v2\/types\/product"}],"replies":[{"embeddable":true,"href":"https:\/\/www.ngdcare.nl\/sv\/wp-json\/wp\/v2\/comments?post=6880"}],"wp:featuredmedia":[{"embeddable":true,"href":"https:\/\/www.ngdcare.nl\/sv\/wp-json\/wp\/v2\/media\/9665"}],"wp:attachment":[{"href":"https:\/\/www.ngdcare.nl\/sv\/wp-json\/wp\/v2\/media?parent=6880"}],"wp:term":[{"taxonomy":"product_brand","embeddable":true,"href":"https:\/\/www.ngdcare.nl\/sv\/wp-json\/wp\/v2\/product_brand?post=6880"},{"taxonomy":"product_cat","embeddable":true,"href":"https:\/\/www.ngdcare.nl\/sv\/wp-json\/wp\/v2\/product_cat?post=6880"},{"taxonomy":"product_tag","embeddable":true,"href":"https:\/\/www.ngdcare.nl\/sv\/wp-json\/wp\/v2\/product_tag?post=6880"},{"taxonomy":"merken","embeddable":true,"href":"https:\/\/www.ngdcare.nl\/sv\/wp-json\/wp\/v2\/merken?post=6880"}],"curies":[{"name":"wp","href":"https:\/\/api.w.org\/{rel}","templated":true}]}}