{"id":6951,"date":"2024-10-01T23:53:00","date_gmt":"2024-10-01T21:53:00","guid":{"rendered":"https:\/\/www.ngdcare.nl\/product\/okategoriserad\/protokoll-for-alderdom\/"},"modified":"2026-01-30T00:13:47","modified_gmt":"2026-01-29T23:13:47","slug":"protokoll-for-alderdom","status":"publish","type":"product","link":"https:\/\/www.ngdcare.nl\/sv\/product\/veterinary-health\/protokoll\/protokoll-for-alderdom\/","title":{"rendered":"Protokoll f\u00f6r \u00e5lderdom"},"content":{"rendered":"<p data-start=\"484\" data-end=\"832\">NGD Care Aging Protocol har s\u00e4rskilt utvecklats f\u00f6r att st\u00f6dja \u00e5ldrandeprocesser hos hundar och katter <strong data-start=\"584\" data-end=\"601\">inifr\u00e5n och ut.<\/strong><br data-start=\"618\" data-end=\"621\">\u00c5ldrande \u00e5tf\u00f6ljs av f\u00f6r\u00e4ndringar p\u00e5 cell- och v\u00e4vnadsniv\u00e5<\/p>\n<ul>\n<li data-start=\"1150\" data-end=\"1194\">Minskning av mitokondriell energiproduktion<\/li>\n<li data-start=\"1197\" data-end=\"1241\">\u00d6kning av oxidativ stress och cellskador<\/li>\n<li data-start=\"1244\" data-end=\"1297\">Kronisk, l\u00e5ggradig inflammation (\u201cinflammaging&#8221;)<\/li>\n<li data-start=\"1300\" data-end=\"1341\">Minskad kollagen- och v\u00e4vnadsansamling<\/li>\n<li data-start=\"1344\" data-end=\"1391\">Minskning av mikrobiomdiversitet och matsm\u00e4ltning<\/li>\n<\/ul>\n<p data-start=\"834\" data-end=\"1046\">Vi ser \u00e5ldrande som ett samspel mellan biologiska system som st\u00e4ndigt p\u00e5verkar varandra. Detta protokoll fokuserar inte p\u00e5 symtomkontroll, utan p\u00e5 <strong data-start=\"899\" data-end=\"970\">att bromsa f\u00f6rs\u00e4mringen och st\u00f6dja \u00e5terh\u00e4mtningsf\u00f6rm\u00e5gan<\/strong>, s\u00e5 att djuren f\u00f6rblir vitala, bekv\u00e4ma och livsfulla s\u00e5 l\u00e4nge som m\u00f6jligt. <\/p>\n<p data-start=\"834\" data-end=\"1046\">NGD Care Old Age Protocol st\u00f6der dessa system samtidigt och samtidigt, s\u00e5 att kroppen kan forts\u00e4tta anpassa sig, \u00e5terh\u00e4mta sig och \u00e5ldras i balans s\u00e5 bra som m\u00f6jligt.<\/p>\n<h2 data-start=\"1434\" data-end=\"1469\">Inneh\u00e5llet i \u00e5lderstidsprotokollet<\/h2>\n<ul>\n<li data-start=\"1471\" data-end=\"1508\"><strong>Liposomalt livsl\u00e4ngdskomplex<\/strong>\n<ul>\n<li data-start=\"1509\" data-end=\"1645\">St\u00f6djer cellul\u00e4r energimetabolism, DNA-reparation och antioxidantskydd. Bidrar till h\u00e4lsosamt \u00e5ldrande p\u00e5 cellniv\u00e5. <\/li>\n<\/ul>\n<\/li>\n<li data-start=\"1647\" data-end=\"1679\"><strong>Liposomalt koenzym Q10<\/strong>\n<ul>\n<li data-start=\"1680\" data-end=\"1830\">Avg\u00f6rande f\u00f6r mitokondriell energiproduktion. St\u00f6djer hj\u00e4rta, muskler och uth\u00e5llighet samt hj\u00e4lper till att minska tr\u00f6tthet hos \u00e4ldre djur. <\/li>\n<\/ul>\n<\/li>\n<li data-start=\"1832\" data-end=\"1862\"><strong>Liposomal glutation<\/strong>\n<ul>\n<li data-start=\"1863\" data-end=\"1986\">En kraftfull kroppens egen antioxidant som skyddar cellerna fr\u00e5n oxidativa skador och st\u00f6djer avgiftningssystemet.<\/li>\n<\/ul>\n<\/li>\n<li data-start=\"1988\" data-end=\"2024\"><strong>Liposomalt histaminbalans<\/strong>\n<ul>\n<li data-start=\"2025\" data-end=\"2201\">MSM tillhandah\u00e5ller biotillg\u00e4ngligt svavel f\u00f6r kollagen- och bindv\u00e4vsuppbyggnad.<\/li>\n<li data-start=\"2025\" data-end=\"2201\">Quercetin skyddar cellerna fr\u00e5n fria radikaler och st\u00f6djer v\u00e4vnadens och organens \u00e5ldrande.<\/li>\n<\/ul>\n<\/li>\n<li><strong>Liposomalt curcuminextrakt  <\/strong>\n<ul>\n<li data-start=\"2025\" data-end=\"2201\">Kraftfull naturlig antiinflammatorisk och antioxidant. Curcumin st\u00f6djer regleringen av l\u00e5ggradig inflammation. <\/li>\n<\/ul>\n<\/li>\n<li data-start=\"2203\" data-end=\"2232\"><strong data-start=\"2210\" data-end=\"2230\">Mobilitetsst\u00f6d<\/strong>\n<ul>\n<li data-start=\"2233\" data-end=\"2413\">Syftar till att bibeh\u00e5lla smidig r\u00f6relse, ledkomfort och muskelfunktion. St\u00f6der muskuloskeletalsystemet vid \u00e5ldersrelaterad styvhet och minskad belastningskapacitet. <\/li>\n<\/ul>\n<\/li>\n<li data-start=\"2415\" data-end=\"2479\"><strong data-start=\"2422\" data-end=\"2477\">Liposomalt myco-immunkomplex<\/strong>\n<ul>\n<li data-start=\"2480\" data-end=\"2643\">Inneh\u00e5ller fyra medicinska svampar f\u00f6r att st\u00f6dja immunf\u00f6rsvaret, tum\u00f6rsuppression och tarmh\u00e4lsa. Beta-glukanerna fungerar ocks\u00e5 som prebiotika. <\/li>\n<\/ul>\n<\/li>\n<li data-start=\"2645\" data-end=\"2712\"><strong data-start=\"2652\" data-end=\"2710\">Liposomalt mycoadaptogenkomplex<\/strong>\n<ul>\n<li data-start=\"2713\" data-end=\"2837\">Adaptogena svampar f\u00f6r att st\u00f6dja stressreglering, motst\u00e5ndskraft, energi och beteende hos \u00e5ldrande djur.<\/li>\n<\/ul>\n<\/li>\n<li data-start=\"2878\" data-end=\"3014\"><strong>. Omega-blandning<\/strong>\n<ul>\n<li data-start=\"3037\" data-end=\"3214\">Mycket ren omega-3-k\u00e4lla med antiinflammatoriska egenskaper. St\u00f6djer leder, hj\u00e4rna och immunsystem. Inom kinesisk n\u00e4ring \u00e4r det f\u00f6rknippat med njuryin.  <\/li>\n<\/ul>\n<\/li>\n<li data-start=\"3216\" data-end=\"3235\"><strong>Prebiotisk fiber<\/strong>\n<ul>\n<li data-start=\"3236\" data-end=\"3373\">St\u00f6d mikrobiomet, hj\u00e4lp till att f\u00f6rebygga dysbios och bidra till b\u00e4ttre n\u00e4ringsupptag \u2013 avg\u00f6rande vid \u00e5lderdom.<\/li>\n<\/ul>\n<\/li>\n<\/ul>\n<h4 data-start=\"3306\" data-end=\"3342\">N\u00e4r \u00e4r detta protokoll l\u00e4mpligt?<\/h4>\n<ul>\n<li data-start=\"3343\" data-end=\"3570\">F\u00f6r \u00e4ldre hundar och katter<\/li>\n<li data-start=\"3343\" data-end=\"3570\">F\u00f6r att st\u00f6dja immunf\u00f6rsvaret och cellh\u00e4lsan<\/li>\n<li data-start=\"3343\" data-end=\"3570\">F\u00f6rebyggande fr\u00e5n medel\u00e5ldern<\/li>\n<\/ul>\n","protected":false},"excerpt":{"rendered":"<p class=\"p1\">St\u00f6d f\u00f6r \u00e5ldrande med NAD, \u00e4ggskalsmembran, svamp och omega 3. F\u00f6r flexibla leder, ett starkt immunf\u00f6rsvar och ett l\u00e5ngt, friskt liv. <\/p>\n","protected":false},"featured_media":13278,"comment_status":"open","ping_status":"closed","template":"","meta":{"wds_primary_product_brand":0,"wds_primary_product_cat":15,"wds_primary_merken":0},"product_brand":[],"product_cat":[2947],"product_tag":[3514,2327,3513,1920,1921,2160,3511,3060,3512,2158],"merken":[],"class_list":{"0":"post-6951","1":"product","2":"type-product","3":"status-publish","4":"has-post-thumbnail","6":"product_cat-protokoll","7":"product_tag-aldrande","8":"product_tag-energi-sv","9":"product_tag-foryngring","10":"product_tag-hund-sv","11":"product_tag-katt-sv","12":"product_tag-livslangd","13":"product_tag-protokoll-for-aldrande","14":"product_tag-protokoll-for-ngd-care","15":"product_tag-senior-sv","16":"product_tag-vitalitet","17":"infinite-scroll-item","18":"sales-flash-overlay","19":"woocommerce-text-align-center","20":"woocommerce-image-align-center","21":"do-quantity-buttons","23":"first","24":"instock","25":"sale","26":"taxable","27":"shipping-taxable","28":"purchasable","29":"product-type-simple"},"_links":{"self":[{"href":"https:\/\/www.ngdcare.nl\/sv\/wp-json\/wp\/v2\/product\/6951","targetHints":{"allow":["GET"]}}],"collection":[{"href":"https:\/\/www.ngdcare.nl\/sv\/wp-json\/wp\/v2\/product"}],"about":[{"href":"https:\/\/www.ngdcare.nl\/sv\/wp-json\/wp\/v2\/types\/product"}],"replies":[{"embeddable":true,"href":"https:\/\/www.ngdcare.nl\/sv\/wp-json\/wp\/v2\/comments?post=6951"}],"wp:featuredmedia":[{"embeddable":true,"href":"https:\/\/www.ngdcare.nl\/sv\/wp-json\/wp\/v2\/media\/13278"}],"wp:attachment":[{"href":"https:\/\/www.ngdcare.nl\/sv\/wp-json\/wp\/v2\/media?parent=6951"}],"wp:term":[{"taxonomy":"product_brand","embeddable":true,"href":"https:\/\/www.ngdcare.nl\/sv\/wp-json\/wp\/v2\/product_brand?post=6951"},{"taxonomy":"product_cat","embeddable":true,"href":"https:\/\/www.ngdcare.nl\/sv\/wp-json\/wp\/v2\/product_cat?post=6951"},{"taxonomy":"product_tag","embeddable":true,"href":"https:\/\/www.ngdcare.nl\/sv\/wp-json\/wp\/v2\/product_tag?post=6951"},{"taxonomy":"merken","embeddable":true,"href":"https:\/\/www.ngdcare.nl\/sv\/wp-json\/wp\/v2\/merken?post=6951"}],"curies":[{"name":"wp","href":"https:\/\/api.w.org\/{rel}","templated":true}]}}