{"id":7083,"date":"2025-09-15T21:10:30","date_gmt":"2025-09-15T19:10:30","guid":{"rendered":"https:\/\/www.ngdcare.nl\/product\/okategoriserad\/ozonglycerin-nasdroppar-nasspray\/"},"modified":"2026-04-15T16:27:59","modified_gmt":"2026-04-15T14:27:59","slug":"ozonglycerin-nasdroppar-nasspray","status":"publish","type":"product","link":"https:\/\/www.ngdcare.nl\/sv\/product\/veterinary-health\/ozon-sv\/ozonglycerin-nasdroppar-nasspray\/","title":{"rendered":"Ozonglycerin N\u00e4sdroppar \u2013 N\u00e4sspray"},"content":{"rendered":"<p data-start=\"1627\" data-end=\"2267\">Ozone Glycerin <strong data-start=\"1700\" data-end=\"1720\">Nasal Drops \u2013 Nasal Spray<\/strong> \u00e4r en <strong data-start=\"1728\" data-end=\"1757\">vattenhaltig, mild n\u00e4sspray<\/strong> med <strong data-start=\"1762\" data-end=\"1792\">5% ozonerat glycerin<\/strong> i <strong data-start=\"1796\" data-end=\"1809\">0,9% NaCl<\/strong>. Den fina sprayen \u00e4r <strong data-start=\"1829\" data-end=\"1862\">behaglig f\u00f6r slemhinnorna<\/strong> och hj\u00e4lper till att h\u00e5lla <strong data-start=\"1876\" data-end=\"1902\">n\u00e4sans mikroklimat fr\u00e4scht<\/strong> . Tack vare glycerinets <strong data-start=\"1925\" data-end=\"1939\">fuktbevarande <\/strong>egenskaper f\u00f6rblir ytan behaglig vid ber\u00f6ring utan att fastna eller torka ut. Formulan \u00e4r <strong data-start=\"2057\" data-end=\"2071\">parfymfri<\/strong> och minimalistisk, l\u00e4mplig f\u00f6r <strong data-start=\"2105\" data-end=\"2126\">daglig anv\u00e4ndning<\/strong> p\u00e5 hund och katt.   <\/p>\n<p data-start=\"2269\" data-end=\"2319\"><strong data-start=\"2269\" data-end=\"2317\">Indikationer<\/strong> f\u00f6r anv\u00e4ndning av n\u00e4ssprayen \u00e4r en st\u00f6djande effekt p\u00e5 rinit, f\u00f6rkylningar och n\u00e4st\u00e4ppa. Dessutom kan det bidra till daglig v\u00e5rd av n\u00e4san och st\u00f6dja en torr dammig milj\u00f6. <\/p>\n","protected":false},"excerpt":{"rendered":"<p>Mild n\u00e4sspray med 5 % ozonerat glycerin i 0,9 % NaCl. H\u00e5ller det n\u00e4sa mikroklimatet fr\u00e4scht och k\u00e4nns bekv\u00e4mt f\u00f6r slemhinnorna.<\/p>\n","protected":false},"featured_media":18268,"comment_status":"open","ping_status":"closed","template":"","meta":{"wds_primary_product_brand":0,"wds_primary_product_cat":0,"wds_primary_merken":0},"product_brand":[],"product_cat":[3576],"product_tag":[1920,1921,3846,3848,3831],"merken":[],"class_list":{"0":"post-7083","1":"product","2":"type-product","3":"status-publish","4":"has-post-thumbnail","6":"product_cat-ozon-sv","7":"product_tag-hund-sv","8":"product_tag-katt-sv","9":"product_tag-nasspray","10":"product_tag-nasvard","11":"product_tag-ozonerat-glycerin","12":"infinite-scroll-item","13":"sales-flash-overlay","14":"woocommerce-text-align-center","15":"woocommerce-image-align-center","16":"do-quantity-buttons","18":"first","19":"outofstock","20":"taxable","21":"shipping-taxable","22":"purchasable","23":"product-type-simple"},"_links":{"self":[{"href":"https:\/\/www.ngdcare.nl\/sv\/wp-json\/wp\/v2\/product\/7083","targetHints":{"allow":["GET"]}}],"collection":[{"href":"https:\/\/www.ngdcare.nl\/sv\/wp-json\/wp\/v2\/product"}],"about":[{"href":"https:\/\/www.ngdcare.nl\/sv\/wp-json\/wp\/v2\/types\/product"}],"replies":[{"embeddable":true,"href":"https:\/\/www.ngdcare.nl\/sv\/wp-json\/wp\/v2\/comments?post=7083"}],"wp:featuredmedia":[{"embeddable":true,"href":"https:\/\/www.ngdcare.nl\/sv\/wp-json\/wp\/v2\/media\/18268"}],"wp:attachment":[{"href":"https:\/\/www.ngdcare.nl\/sv\/wp-json\/wp\/v2\/media?parent=7083"}],"wp:term":[{"taxonomy":"product_brand","embeddable":true,"href":"https:\/\/www.ngdcare.nl\/sv\/wp-json\/wp\/v2\/product_brand?post=7083"},{"taxonomy":"product_cat","embeddable":true,"href":"https:\/\/www.ngdcare.nl\/sv\/wp-json\/wp\/v2\/product_cat?post=7083"},{"taxonomy":"product_tag","embeddable":true,"href":"https:\/\/www.ngdcare.nl\/sv\/wp-json\/wp\/v2\/product_tag?post=7083"},{"taxonomy":"merken","embeddable":true,"href":"https:\/\/www.ngdcare.nl\/sv\/wp-json\/wp\/v2\/merken?post=7083"}],"curies":[{"name":"wp","href":"https:\/\/api.w.org\/{rel}","templated":true}]}}