{"id":7242,"date":"2024-10-01T22:44:06","date_gmt":"2024-10-01T20:44:06","guid":{"rendered":"https:\/\/www.ngdcare.nl\/product\/okategoriserad\/gemensamt-protokoll\/"},"modified":"2026-01-02T13:59:26","modified_gmt":"2026-01-02T12:59:26","slug":"gemensamt-protokoll","status":"publish","type":"product","link":"https:\/\/www.ngdcare.nl\/sv\/product\/veterinary-health\/protokoll\/gemensamt-protokoll\/","title":{"rendered":"Gemensamt protokoll"},"content":{"rendered":"<p style=\"font-weight: 400;\"><strong>NGD Care Joint Protocol<\/strong> har utvecklats f\u00f6r att ge b\u00e5de f\u00f6rebyggande st\u00f6d och terapeutisk lindring f\u00f6r ledproblem, s\u00e5som artros. Kronisk ledv\u00e4rk \u00e4r ett vanligt klagom\u00e5l hos \u00e4ldre djur och sportraser, och kr\u00e4ver en integrerad metod. <\/p>\n<p>Det <strong>terapeutiska protokollet<\/strong> best\u00e5r av:<br \/>\n\u2022 <strong>Calanusolja<\/strong>: rik p\u00e5 omega-3-fettsyror och astaxanthin f\u00f6r antiinflammatoriskt och broskskydd<br \/>\n\u2022 <strong>R\u00f6rlighetsst\u00f6d<\/strong>: \u00e4ggskalsmembran med kollagen, glukosamin och hyaluronsyra<br \/>\n\u2022 <strong>PEA-komplex<\/strong>: liposomal sm\u00e4rtlindring f\u00f6r kronisk inflammation<br \/>\n\u2022 <strong>CBD-olja<\/strong>: fungerar synergistiskt med PEA och minskar \u00e5ngest, sm\u00e4rta och stress<br \/>\n\u2022 <strong>Myco Immune Complex<\/strong>: medicinska svampar med antiinflammatoriska och immunmodulerande effekter<\/p>\n<p style=\"font-weight: 400;\">Om det inte finns n\u00e5gra klagom\u00e5l \u00e4nnu, men du letar efter bra st\u00f6d som <strong>f\u00f6rebyggande behandling<\/strong>. D\u00e5 r\u00e4cker det med en kombination av <strong>calanusolja<\/strong> och <strong>\u00e4ggskalsmembranet<\/strong>. <\/p>\n<p style=\"font-weight: 400;\"><span style=\"font-size: inherit;\">I h\u00e4ndelse av en kombination med andra besv\u00e4r (t.ex. hud-, tarm- eller beteendeproblem) eller om det finns sm\u00e4rtbesv\u00e4r i mer \u00e4n 6 m\u00e5nader, rekommenderas <strong>dessutom tarmprotokollet<\/strong> . C <\/span>Hronisk sm\u00e4rta har ocks\u00e5 en stor effekt p\u00e5 andra organ.<\/p>\n","protected":false},"excerpt":{"rendered":"<p style=\"font-weight: 400;\">NGD Care Joint Protocol har utvecklats f\u00f6r att st\u00f6dja flexibla leder, r\u00f6rlighet och komfort. Den fokuserar p\u00e5 att minska inflammatoriska reaktioner, st\u00f6dja brosk och f\u00f6rb\u00e4ttra r\u00f6relsefriheten. <\/p>\n","protected":false},"featured_media":12194,"comment_status":"open","ping_status":"closed","template":"","meta":{"wds_primary_product_brand":0,"wds_primary_product_cat":185,"wds_primary_merken":0},"product_brand":[],"product_cat":[2947],"product_tag":[4083,4080,2805,4078,2806,2807,3167,4073,4077,1920,1921,4075,2368,4072,2147,4076,3060,4074],"merken":[],"class_list":{"0":"post-7242","1":"product","2":"type-product","3":"status-publish","4":"has-post-thumbnail","6":"product_cat-protokoll","7":"product_tag-aggskal-membran","8":"product_tag-antiinflammatorisk-sv","9":"product_tag-arta","10":"product_tag-artrit","11":"product_tag-artros","12":"product_tag-boswellia-sv","13":"product_tag-calanus-olja","14":"product_tag-cbd-sv","15":"product_tag-gemensamt-protokoll","16":"product_tag-hund-sv","17":"product_tag-katt-sv","18":"product_tag-kollagen-sv","19":"product_tag-leder","20":"product_tag-ledvark","21":"product_tag-medicinska-svampar","22":"product_tag-myco-myco","23":"product_tag-protokoll-for-ngd-care","24":"product_tag-rorlighet","25":"infinite-scroll-item","26":"sales-flash-overlay","27":"woocommerce-text-align-center","28":"woocommerce-image-align-center","29":"do-quantity-buttons","31":"first","32":"instock","33":"sale","34":"taxable","35":"shipping-taxable","36":"purchasable","37":"product-type-variable"},"_links":{"self":[{"href":"https:\/\/www.ngdcare.nl\/sv\/wp-json\/wp\/v2\/product\/7242","targetHints":{"allow":["GET"]}}],"collection":[{"href":"https:\/\/www.ngdcare.nl\/sv\/wp-json\/wp\/v2\/product"}],"about":[{"href":"https:\/\/www.ngdcare.nl\/sv\/wp-json\/wp\/v2\/types\/product"}],"replies":[{"embeddable":true,"href":"https:\/\/www.ngdcare.nl\/sv\/wp-json\/wp\/v2\/comments?post=7242"}],"wp:featuredmedia":[{"embeddable":true,"href":"https:\/\/www.ngdcare.nl\/sv\/wp-json\/wp\/v2\/media\/12194"}],"wp:attachment":[{"href":"https:\/\/www.ngdcare.nl\/sv\/wp-json\/wp\/v2\/media?parent=7242"}],"wp:term":[{"taxonomy":"product_brand","embeddable":true,"href":"https:\/\/www.ngdcare.nl\/sv\/wp-json\/wp\/v2\/product_brand?post=7242"},{"taxonomy":"product_cat","embeddable":true,"href":"https:\/\/www.ngdcare.nl\/sv\/wp-json\/wp\/v2\/product_cat?post=7242"},{"taxonomy":"product_tag","embeddable":true,"href":"https:\/\/www.ngdcare.nl\/sv\/wp-json\/wp\/v2\/product_tag?post=7242"},{"taxonomy":"merken","embeddable":true,"href":"https:\/\/www.ngdcare.nl\/sv\/wp-json\/wp\/v2\/merken?post=7242"}],"curies":[{"name":"wp","href":"https:\/\/api.w.org\/{rel}","templated":true}]}}