{"id":7437,"date":"2024-01-24T21:53:54","date_gmt":"2024-01-24T21:53:54","guid":{"rendered":"https:\/\/www.ngdcare.nl\/product\/okategoriserad\/stod-for-aroma-stress\/"},"modified":"2026-01-26T20:49:46","modified_gmt":"2026-01-26T19:49:46","slug":"stod-for-aroma-stress","status":"publish","type":"product","link":"https:\/\/www.ngdcare.nl\/sv\/product\/veterinary-health\/aromaterapi\/stod-for-aroma-stress\/","title":{"rendered":"Stressst\u00f6d"},"content":{"rendered":"<p data-start=\"340\" data-end=\"664\"><strong>NGD-v\u00e5rd \u2013 Stress Support<\/strong> \u00e4r en noggrant formulerad aromaterapiblandning som st\u00f6djer nervsystemet vid <strong>kronisk stress<\/strong> och <span class=\"s1\"><b>k\u00e4nslom\u00e4ssig stabilitet<\/b><\/span> hos djur. Denna olja har utvecklats f\u00f6r situationer d\u00e4r ett djur har sv\u00e5rt att slappna av, beh\u00e5ller sp\u00e4nning eller reagerar k\u00e4nsligt p\u00e5 stimuli fr\u00e5n omgivningen. <\/p>\n<p data-start=\"666\" data-end=\"834\">Kombinationen av jordande, lugnande och reglerande eteriska oljor st\u00f6djer avslappning, s\u00e4kerhet och \u00e5terst\u00e4llande av balans, utan bed\u00f6vning eller h\u00e4mmande.<\/p>\n<h4 data-start=\"841\" data-end=\"871\"><strong>Sammans\u00e4ttning<\/strong><\/h4>\n<ul>\n<li data-start=\"874\" data-end=\"998\"><strong data-start=\"874\" data-end=\"897\">Lavendel<\/strong> \u2013 st\u00f6djer avslappning av nervsystemet och hj\u00e4lper mot stress, sp\u00e4nningar och inre oro.<\/li>\n<li data-start=\"1001\" data-end=\"1106\"><strong data-start=\"1001\" data-end=\"1026\">Cedarwood<\/strong> \u2013 jordande och stabiliserande bidrar till en k\u00e4nsla av trygghet och lugn.<\/li>\n<li data-start=\"1109\" data-end=\"1215\"><strong data-start=\"1109\" data-end=\"1120\">Vetiver<\/strong> \u2013 djupt jordande och reglerande, traditionellt anv\u00e4nd f\u00f6r \u00f6verstimulering och l\u00e5ngvarig stress.<\/li>\n<li data-start=\"1218\" data-end=\"1326\"><strong data-start=\"1218\" data-end=\"1229\">Copaiba<\/strong> \u2013 lugnande och st\u00f6djande f\u00f6r nervsystemet, hj\u00e4lper mot sp\u00e4nningar och k\u00e4nslom\u00e4ssig oro.<\/li>\n<li data-start=\"1329\" data-end=\"1451\"><strong data-start=\"1329\" data-end=\"1355\">R\u00f6kelse <\/strong> \u2013 st\u00f6djer balans, andning och avslappning och anv\u00e4nds ofta f\u00f6r k\u00e4nslom\u00e4ssig anstr\u00e4ngning.<\/li>\n<\/ul>\n<p data-start=\"1453\" data-end=\"1592\">Tillsammans bildar dessa oljor en harmonisk synergi som hj\u00e4lper till att lugna kroppen och nervsystemet samt lindra stressreaktioner.<\/p>\n<h4 data-start=\"1599\" data-end=\"1632\"><strong>Indikationer<\/strong><\/h4>\n<ul>\n<li data-start=\"1635\" data-end=\"1655\">Stress och sp\u00e4nning<\/li>\n<li data-start=\"1658\" data-end=\"1674\">\u00d6verstimulering<\/li>\n<li data-start=\"1677\" data-end=\"1705\">Rastl\u00f6st eller nerv\u00f6st beteende<\/li>\n<li data-start=\"1708\" data-end=\"1746\">F\u00f6r\u00e4ndringar i milj\u00f6 eller rutin<\/li>\n<li data-start=\"1749\" data-end=\"1779\">\u00c5terh\u00e4mtning efter l\u00e5ngvarig stress<\/li>\n<\/ul>\n<h4 data-start=\"53\" data-end=\"78\"><strong>Tillg\u00e4ngliga former<\/strong><\/h4>\n<ul>\n<li data-start=\"81\" data-end=\"136\">Roller \u2013 f\u00f6r direkt, extern anv\u00e4ndning. Riktad, l\u00e5g dos och idealisk f\u00f6r daglig anv\u00e4ndning eller p\u00e5 spr\u00e5ng.<br data-start=\"371\" data-end=\"374\">Applicera p\u00e5 \u00f6ron eller tassskydd. <\/li>\n<li data-start=\"139\" data-end=\"214\">Diffuserolja \u2013 l\u00e4mplig f\u00f6r diffusor och utsp\u00e4dd utomhusanv\u00e4ndning. F\u00f6r doftst\u00f6d via diffusorn (lugna milj\u00f6n) eller utsp\u00e4dd f\u00f6r massage\/topikal anv\u00e4ndning. <\/li>\n<\/ul>\n","protected":false},"excerpt":{"rendered":"<p class=\"p1\"><strong>NGD Care Stress Support<\/strong> \u00e4r en lugnande blandning av eteriska oljor f\u00f6r hundar och katter. Lugnar vid stress, \u00f6verstimulering eller sp\u00e4nning. Finns som spray-, rull- eller diffusorolja.  <\/p>\n","protected":false},"featured_media":12875,"comment_status":"open","ping_status":"closed","template":"","meta":{"wds_primary_product_brand":0,"wds_primary_product_cat":88,"wds_primary_merken":0},"product_brand":[],"product_cat":[2531],"product_tag":[],"merken":[],"class_list":{"0":"post-7437","1":"product","2":"type-product","3":"status-publish","4":"has-post-thumbnail","6":"product_cat-aromaterapi","7":"infinite-scroll-item","8":"sales-flash-overlay","9":"woocommerce-text-align-center","10":"woocommerce-image-align-center","11":"do-quantity-buttons","13":"first","14":"instock","15":"taxable","16":"shipping-taxable","17":"purchasable","18":"product-type-variable"},"_links":{"self":[{"href":"https:\/\/www.ngdcare.nl\/sv\/wp-json\/wp\/v2\/product\/7437","targetHints":{"allow":["GET"]}}],"collection":[{"href":"https:\/\/www.ngdcare.nl\/sv\/wp-json\/wp\/v2\/product"}],"about":[{"href":"https:\/\/www.ngdcare.nl\/sv\/wp-json\/wp\/v2\/types\/product"}],"replies":[{"embeddable":true,"href":"https:\/\/www.ngdcare.nl\/sv\/wp-json\/wp\/v2\/comments?post=7437"}],"wp:featuredmedia":[{"embeddable":true,"href":"https:\/\/www.ngdcare.nl\/sv\/wp-json\/wp\/v2\/media\/12875"}],"wp:attachment":[{"href":"https:\/\/www.ngdcare.nl\/sv\/wp-json\/wp\/v2\/media?parent=7437"}],"wp:term":[{"taxonomy":"product_brand","embeddable":true,"href":"https:\/\/www.ngdcare.nl\/sv\/wp-json\/wp\/v2\/product_brand?post=7437"},{"taxonomy":"product_cat","embeddable":true,"href":"https:\/\/www.ngdcare.nl\/sv\/wp-json\/wp\/v2\/product_cat?post=7437"},{"taxonomy":"product_tag","embeddable":true,"href":"https:\/\/www.ngdcare.nl\/sv\/wp-json\/wp\/v2\/product_tag?post=7437"},{"taxonomy":"merken","embeddable":true,"href":"https:\/\/www.ngdcare.nl\/sv\/wp-json\/wp\/v2\/merken?post=7437"}],"curies":[{"name":"wp","href":"https:\/\/api.w.org\/{rel}","templated":true}]}}