{"id":7478,"date":"2024-01-24T20:34:29","date_gmt":"2024-01-24T20:34:29","guid":{"rendered":"https:\/\/www.ngdcare.nl\/product\/okategoriserad\/stod-for-aroma-pain\/"},"modified":"2026-01-26T20:28:35","modified_gmt":"2026-01-26T19:28:35","slug":"stod-for-aroma-pain","status":"publish","type":"product","link":"https:\/\/www.ngdcare.nl\/sv\/product\/veterinary-health\/aromaterapi\/stod-for-aroma-pain\/","title":{"rendered":"Obehagsst\u00f6d"},"content":{"rendered":"<p data-start=\"350\" data-end=\"690\"><strong>NGD Care \u2013 Discomfort Support<\/strong> \u00e4r en noggrant formulerad aromaterapiblandning f\u00f6r att st\u00f6dja fysisk obehag, k\u00e4nslighet och muskelsp\u00e4nningar hos djur. Denna olja har utvecklats f\u00f6r situationer d\u00e4r kroppen kan beh\u00f6va extra st\u00f6d, s\u00e5som tillf\u00e4llig k\u00e4nslighet, \u00e5terh\u00e4mtnings\u00f6gonblick eller allm\u00e4n rastl\u00f6shet p\u00e5 grund av sm\u00e4rta. <\/p>\n<p data-start=\"692\" data-end=\"891\">Blandningen kombinerar lugnande, lugnande och v\u00e4rmande eteriska oljor som traditionellt anv\u00e4nds f\u00f6r att fr\u00e4mja avslappning och st\u00f6dja v\u00e4lbefinnande, utan att tvinga kroppen.<\/p>\n<h4 data-start=\"692\" data-end=\"891\"><strong>Sammans\u00e4ttning<\/strong><\/h4>\n<ul>\n<li data-start=\"931\" data-end=\"1086\"><strong data-start=\"931\" data-end=\"942\">Copaiba<\/strong> \u2013 \u00e4r k\u00e4nd f\u00f6r sina lugnande egenskaper och anv\u00e4nds traditionellt f\u00f6r att st\u00f6dja fysisk k\u00e4nslighet och sp\u00e4nning.<\/li>\n<li data-start=\"1089\" data-end=\"1203\"><strong data-start=\"1089\" data-end=\"1115\">R\u00f6kelse<\/strong> \u2013 st\u00f6djer avslappning och anv\u00e4nds ofta f\u00f6r \u00e5terh\u00e4mtning och balans i kroppen.<\/li>\n<li data-start=\"1206\" data-end=\"1322\"><strong data-start=\"1206\" data-end=\"1229\">Lavendel<\/strong> \u2013 bidrar till avslappning av kropp och nervsystem och st\u00f6djer vila vid sp\u00e4nning.<\/li>\n<li data-start=\"1325\" data-end=\"1437\"><strong data-start=\"1325\" data-end=\"1344\">Ingef\u00e4ra<\/strong> \u2013 v\u00e4rmande och stimulerande, traditionellt anv\u00e4nd f\u00f6r stelhet och obehag.<\/li>\n<li data-start=\"1440\" data-end=\"1530\"><strong data-start=\"1440\" data-end=\"1463\">M\u00e4yram<\/strong> \u2013 avslappnande och st\u00f6djande med muskel- och sp\u00e4nningsk\u00e4nslor.<\/li>\n<li data-start=\"1533\" data-end=\"1657\"><strong data-start=\"1533\" data-end=\"1555\">Gurkmeja <\/strong>\u2013 aromatisk och v\u00e4rmande, traditionellt applicerad f\u00f6r att st\u00f6dja komfort och fingerf\u00e4rdighet.<\/li>\n<li data-start=\"1660\" data-end=\"1763\"><strong data-start=\"1660\" data-end=\"1695\">Romersk kamomill<\/strong> \u2013 mild och lugnande, st\u00f6djer avslappning hos k\u00e4nsliga djur.<\/li>\n<\/ul>\n<h4 data-start=\"1896\" data-end=\"1929\"><strong>  Indikationer<\/strong><\/h4>\n<ul>\n<li data-start=\"1932\" data-end=\"1957\">K\u00e4nslighet eller obehag<\/li>\n<li data-start=\"1960\" data-end=\"1995\">Sp\u00e4nningar i muskler eller leder<\/li>\n<li data-start=\"1998\" data-end=\"2015\">\u00c5terh\u00e4mtnings\u00f6gonblick<\/li>\n<li data-start=\"2018\" data-end=\"2060\">\u00c4ldre djur med nedsatt r\u00f6rlighet<\/li>\n<li data-start=\"2063\" data-end=\"2109\">Stress eller rastl\u00f6shet p\u00e5 grund av fysisk obehag<\/li>\n<\/ul>\n","protected":false},"excerpt":{"rendered":"<p class=\"p1\">NGD Care Discomfort Support \u00e4r en kraftfull aromaterapiblandning f\u00f6r hundar och katter vid sm\u00e4rta, inflammation samt muskel- eller ledbesv\u00e4r. Finns som rullare. <\/p>\n","protected":false},"featured_media":12842,"comment_status":"open","ping_status":"closed","template":"","meta":{"wds_primary_product_brand":0,"wds_primary_product_cat":20,"wds_primary_merken":0},"product_brand":[],"product_cat":[2531],"product_tag":[],"merken":[],"class_list":{"0":"post-7478","1":"product","2":"type-product","3":"status-publish","4":"has-post-thumbnail","6":"product_cat-aromaterapi","7":"infinite-scroll-item","8":"sales-flash-overlay","9":"woocommerce-text-align-center","10":"woocommerce-image-align-center","11":"do-quantity-buttons","13":"first","14":"instock","15":"taxable","16":"shipping-taxable","17":"purchasable","18":"product-type-simple"},"_links":{"self":[{"href":"https:\/\/www.ngdcare.nl\/sv\/wp-json\/wp\/v2\/product\/7478","targetHints":{"allow":["GET"]}}],"collection":[{"href":"https:\/\/www.ngdcare.nl\/sv\/wp-json\/wp\/v2\/product"}],"about":[{"href":"https:\/\/www.ngdcare.nl\/sv\/wp-json\/wp\/v2\/types\/product"}],"replies":[{"embeddable":true,"href":"https:\/\/www.ngdcare.nl\/sv\/wp-json\/wp\/v2\/comments?post=7478"}],"wp:featuredmedia":[{"embeddable":true,"href":"https:\/\/www.ngdcare.nl\/sv\/wp-json\/wp\/v2\/media\/12842"}],"wp:attachment":[{"href":"https:\/\/www.ngdcare.nl\/sv\/wp-json\/wp\/v2\/media?parent=7478"}],"wp:term":[{"taxonomy":"product_brand","embeddable":true,"href":"https:\/\/www.ngdcare.nl\/sv\/wp-json\/wp\/v2\/product_brand?post=7478"},{"taxonomy":"product_cat","embeddable":true,"href":"https:\/\/www.ngdcare.nl\/sv\/wp-json\/wp\/v2\/product_cat?post=7478"},{"taxonomy":"product_tag","embeddable":true,"href":"https:\/\/www.ngdcare.nl\/sv\/wp-json\/wp\/v2\/product_tag?post=7478"},{"taxonomy":"merken","embeddable":true,"href":"https:\/\/www.ngdcare.nl\/sv\/wp-json\/wp\/v2\/merken?post=7478"}],"curies":[{"name":"wp","href":"https:\/\/api.w.org\/{rel}","templated":true}]}}