{"id":8790,"date":"2025-10-02T20:07:09","date_gmt":"2025-10-02T18:07:09","guid":{"rendered":"https:\/\/www.ngdcare.nl\/?post_type=product&#038;p=8790"},"modified":"2025-10-02T22:07:03","modified_gmt":"2025-10-02T20:07:03","slug":"inner-alignment-essence-chakra-1-4-och-7-kopie","status":"publish","type":"product","link":"https:\/\/www.ngdcare.nl\/sv\/product\/human-health\/blomma-botemedel-sv\/inner-alignment-essence-chakra-1-4-och-7-kopie\/","title":{"rendered":"Inner Alignment Essence \u2013 Chakra 1, 4 och 7"},"content":{"rendered":"<p data-start=\"437\" data-end=\"757\"><strong data-start=\"437\" data-end=\"456\">Inner Alignment<\/strong> \u00e4r en noggrant sammansatt blomessens baserad p\u00e5 axeln 1 <strong data-start=\"531\" data-end=\"572\">:a chakrat (f\u00f6rkroppsligande och s\u00e4kerhet),<\/strong> det <strong data-start=\"578\" data-end=\"614\">4:e chakrat (k\u00e4rlek och kontakt)<\/strong> och det <strong data-start=\"622\" data-end=\"660\">7:e chakrat (medvetenhet och intuition).<\/strong> Denna inre treenighet utg\u00f6r grunden f\u00f6r balans, sj\u00e4lvk\u00e4rlek och andlig harmoni. <\/p>\n<p data-start=\"759\" data-end=\"1014\">Botemedlet \u00e4r s\u00e4rskilt l\u00e4mpligt f\u00f6r <strong data-start=\"797\" data-end=\"833\">h\u00f6gk\u00e4nsliga personer och barn<\/strong> som har sv\u00e5rt att landa stadigt i kroppen eller l\u00e4tt blir \u00f6verstimulerade. Inner Alignment kan ocks\u00e5 erbjuda st\u00f6d vid k\u00e4nslor av ensamhet, sorg eller utanf\u00f6rskap. <\/p>\n<p data-start=\"1016\" data-end=\"1103\">Genom att kombinera 12 noggrant utvalda blommor hj\u00e4lper Inner Alignment till att:<\/p>\n<ul data-start=\"1104\" data-end=\"1276\">\n<li data-start=\"1104\" data-end=\"1166\">\n<p data-start=\"1106\" data-end=\"1166\"><strong data-start=\"1116\" data-end=\"1127\">Att grunda<\/strong> djupare och k\u00e4nna sig trygg i kroppen<\/p>\n<\/li>\n<li data-start=\"1167\" data-end=\"1221\">\n<p data-start=\"1169\" data-end=\"1221\"><strong data-start=\"1173\" data-end=\"1191\">\u00d6ppnar hj\u00e4rtat<\/strong> f\u00f6r k\u00e4rleksfull kontakt<\/p>\n<\/li>\n<li data-start=\"1222\" data-end=\"1276\">\n<p data-start=\"1224\" data-end=\"1276\"><strong data-start=\"1230\" data-end=\"1262\">Att f\u00e5 kontakt med ditt h\u00f6gre jag och din<\/strong> intuition<\/p>\n<\/li>\n<\/ul>\n<p data-start=\"1278\" data-end=\"1401\">Denna essens inbjuder dig att inte l\u00e4ngre \u00f6verleva, utan att leva livet fullt ut \u2013 fr\u00e5n inre frid, k\u00e4rlek och tillit.<\/p>\n<p data-start=\"1403\" data-end=\"1448\"><strong data-start=\"1403\" data-end=\"1446\">Anv\u00e4ndning hos vuxna och barn:<\/strong><\/p>\n<ul data-start=\"1449\" data-end=\"1676\">\n<li data-start=\"1449\" data-end=\"1490\">\n<p data-start=\"1451\" data-end=\"1490\">I sorg, ensamhet eller fr\u00e4mlingskap<\/p>\n<\/li>\n<li data-start=\"1491\" data-end=\"1567\">\n<p data-start=\"1493\" data-end=\"1567\">F\u00f6r h\u00f6gk\u00e4nsliga barn som har sv\u00e5rt med stimuli eller s\u00e4kerhet<\/p>\n<\/li>\n<li data-start=\"1568\" data-end=\"1611\">\n<p data-start=\"1570\" data-end=\"1611\">N\u00e4r du k\u00e4mpar med sj\u00e4lvk\u00e4rlek och kontakt<\/p>\n<\/li>\n<li data-start=\"1612\" data-end=\"1676\">\n<p data-start=\"1614\" data-end=\"1676\">Som ett st\u00f6d i perioder av andlig eller k\u00e4nslom\u00e4ssig obalans<\/p>\n<\/li>\n<\/ul>\n<p data-start=\"1678\" data-end=\"1711\"><strong data-start=\"1678\" data-end=\"1709\">Inneh\u00e5ller f\u00f6ljande blommor:<\/strong><\/p>\n<ul data-start=\"1712\" data-end=\"2454\">\n<li data-start=\"1712\" data-end=\"1785\">\n<p data-start=\"1714\" data-end=\"1785\"><strong data-start=\"1714\" data-end=\"1729\">Maskblomma<\/strong> \u2013 fris\u00e4ttning av skyddsmekanismer, djup jordning<\/p>\n<\/li>\n<li data-start=\"1786\" data-end=\"1836\">\n<p data-start=\"1788\" data-end=\"1836\"><strong data-start=\"1788\" data-end=\"1806\">Gurk\u00f6rt<\/strong> \u2013 mod, komfort och mildhet<\/p>\n<\/li>\n<li data-start=\"1837\" data-end=\"1900\">\n<p data-start=\"1839\" data-end=\"1900\"><strong data-start=\"1839\" data-end=\"1853\">N\u00e4ckros<\/strong> \u2013 f\u00f6rbinder den eteriska kroppen med den fysiska<\/p>\n<\/li>\n<li data-start=\"1901\" data-end=\"1962\">\n<p data-start=\"1903\" data-end=\"1962\"><strong data-start=\"1903\" data-end=\"1917\">Immortelle<\/strong> \u2013 karmisk l\u00e4kning, st\u00e4rker sj\u00e4lens jordning<\/p>\n<\/li>\n<li data-start=\"1963\" data-end=\"2019\">\n<p data-start=\"1965\" data-end=\"2019\"><strong data-start=\"1965\" data-end=\"1975\">Balans<\/strong> \u2013 harmoniserar k\u00e4nsla, t\u00e4nkande och agerande<\/p>\n<\/li>\n<li data-start=\"2020\" data-end=\"2075\">\n<p data-start=\"2022\" data-end=\"2075\"><strong data-start=\"2022\" data-end=\"2042\">G\u00f6kblomman<\/strong> \u2013 mod att \u00f6ppna upp<\/p>\n<\/li>\n<li data-start=\"2076\" data-end=\"2142\">\n<p data-start=\"2078\" data-end=\"2142\"><strong data-start=\"2078\" data-end=\"2104\">Kusternas drottning<\/strong> \u2013 \u00f6ppnar hj\u00e4rta och krona fr\u00e5n k\u00e4rlek<\/p>\n<\/li>\n<li data-start=\"2143\" data-end=\"2216\">\n<p data-start=\"2145\" data-end=\"2216\"><strong data-start=\"2145\" data-end=\"2166\">Betlehemsstj\u00e4rnan<\/strong> \u2013 l\u00e4kning av djupa trauman, \u00e5terst\u00e4llande av sj\u00e4lslinjen<\/p>\n<\/li>\n<li data-start=\"2217\" data-end=\"2275\">\n<p data-start=\"2219\" data-end=\"2275\"><strong data-start=\"2219\" data-end=\"2235\">Parkslide<\/strong> \u2013 st\u00e4rker f\u00f6rbindelsen mellan jord \u2194 och kosmos<\/p>\n<\/li>\n<li data-start=\"2276\" data-end=\"2338\">\n<p data-start=\"2278\" data-end=\"2338\"><strong data-start=\"2278\" data-end=\"2295\">Yellow May Flower<\/strong> \u2013 mjuk och ren \u00f6ppning av kronan<\/p>\n<\/li>\n<li data-start=\"2339\" data-end=\"2390\">\n<p data-start=\"2341\" data-end=\"2390\"><strong data-start=\"2341\" data-end=\"2354\">3-Unity<\/strong> \u2013 kopplar samman kropp, sj\u00e4l och ande<\/p>\n<\/li>\n<li data-start=\"2391\" data-end=\"2454\">\n<p data-start=\"2393\" data-end=\"2454\"><strong data-start=\"2393\" data-end=\"2417\">Kruidje Roerje Me Niet<\/strong> \u2013 skydd mot \u00f6verstimulering<\/p>\n<\/li>\n<\/ul>\n","protected":false},"excerpt":{"rendered":"<p>Blomessens f\u00f6r djup jordning, hj\u00e4rt\u00f6ppning och inre kontakt. St\u00f6djer vuxna och barn med h\u00f6g k\u00e4nslighet, \u00f6verstimulering och k\u00e4nslom\u00e4ssig \u00e5terh\u00e4mtning. <\/p>\n","protected":false},"featured_media":5497,"comment_status":"open","ping_status":"closed","template":"","meta":{"wds_primary_product_brand":0,"wds_primary_product_cat":0,"wds_primary_merken":0},"product_brand":[],"product_cat":[4704],"product_tag":[3606,3220,3603,3608,3610,3604,3607,3609,3221,3605],"merken":[],"class_list":{"0":"post-8790","1":"product","2":"type-product","3":"status-publish","4":"has-post-thumbnail","6":"product_cat-blomma-botemedel-sv","7":"product_tag-andlig-forbindelse","8":"product_tag-blomma-essens","9":"product_tag-chakra-1-4-7-sv","10":"product_tag-hjartats-oppning","11":"product_tag-hog-kanslighet","12":"product_tag-inre-inriktning","13":"product_tag-jordning","14":"product_tag-krona-chakra","15":"product_tag-ngd-care-blommar-ut","16":"product_tag-star-botemedel","17":"infinite-scroll-item","18":"sales-flash-overlay","19":"woocommerce-text-align-center","20":"woocommerce-image-align-center","21":"do-quantity-buttons","23":"first","24":"instock","25":"taxable","26":"shipping-taxable","27":"purchasable","28":"product-type-simple"},"_links":{"self":[{"href":"https:\/\/www.ngdcare.nl\/sv\/wp-json\/wp\/v2\/product\/8790","targetHints":{"allow":["GET"]}}],"collection":[{"href":"https:\/\/www.ngdcare.nl\/sv\/wp-json\/wp\/v2\/product"}],"about":[{"href":"https:\/\/www.ngdcare.nl\/sv\/wp-json\/wp\/v2\/types\/product"}],"replies":[{"embeddable":true,"href":"https:\/\/www.ngdcare.nl\/sv\/wp-json\/wp\/v2\/comments?post=8790"}],"wp:featuredmedia":[{"embeddable":true,"href":"https:\/\/www.ngdcare.nl\/sv\/wp-json\/wp\/v2\/media\/5497"}],"wp:attachment":[{"href":"https:\/\/www.ngdcare.nl\/sv\/wp-json\/wp\/v2\/media?parent=8790"}],"wp:term":[{"taxonomy":"product_brand","embeddable":true,"href":"https:\/\/www.ngdcare.nl\/sv\/wp-json\/wp\/v2\/product_brand?post=8790"},{"taxonomy":"product_cat","embeddable":true,"href":"https:\/\/www.ngdcare.nl\/sv\/wp-json\/wp\/v2\/product_cat?post=8790"},{"taxonomy":"product_tag","embeddable":true,"href":"https:\/\/www.ngdcare.nl\/sv\/wp-json\/wp\/v2\/product_tag?post=8790"},{"taxonomy":"merken","embeddable":true,"href":"https:\/\/www.ngdcare.nl\/sv\/wp-json\/wp\/v2\/merken?post=8790"}],"curies":[{"name":"wp","href":"https:\/\/api.w.org\/{rel}","templated":true}]}}