{"id":8802,"date":"2025-10-02T21:50:46","date_gmt":"2025-10-02T19:50:46","guid":{"rendered":"https:\/\/www.ngdcare.nl\/?post_type=product&#038;p=8802"},"modified":"2025-10-02T22:03:09","modified_gmt":"2025-10-02T20:03:09","slug":"magkanslans-essens-chakra-3-och-6-kopie-2","status":"publish","type":"product","link":"https:\/\/www.ngdcare.nl\/sv\/product\/human-health\/blomma-botemedel-sv\/magkanslans-essens-chakra-3-och-6-kopie-2\/","title":{"rendered":"Magk\u00e4nslans essens \u2013 Chakra 3 och 6"},"content":{"rendered":"<p data-start=\"458\" data-end=\"660\"><strong data-start=\"458\" data-end=\"473\">Gut Feeling<\/strong> \u00e4r en noggrant sammansatt blomessens som kopplar samman det <strong data-start=\"529\" data-end=\"591\">tredje chakrat (personlig styrka, beslutsamhet och riktning)<\/strong> och det <strong data-start=\"599\" data-end=\"637\">sj\u00e4tte chakrat (intuition och insikt).<\/strong><\/p>\n<p data-start=\"662\" data-end=\"1040\">Detta botemedel \u00e4r avsett f\u00f6r personer som har sv\u00e5rt att g\u00f6ra val, \u00e4r os\u00e4kra eller \u00e4r f\u00f6r mycket \u201ci huvudet&#8221;. Det tredje chakrat representerar viljestyrka och riktning, medan det sj\u00e4tte chakrat \u00e4r kopplat till intuitiv perception och inre vetande. N\u00e4r dessa centra blir obalanserade kan det leda till f\u00f6rvirring, obeslutsamhet eller \u00f6verdriven kontroll.  <\/p>\n<p data-start=\"1042\" data-end=\"1187\">Magk\u00e4nslan hj\u00e4lper till att harmonisera t\u00e4nkande, k\u00e4nsla och g\u00f6rande med varandra \u2013 s\u00e5 att val kan g\u00f6ras utifr\u00e5n en ren inre kompass.<\/p>\n<p data-start=\"1189\" data-end=\"1477\"><strong data-start=\"1189\" data-end=\"1206\">F\u00f6r barn<\/strong><br data-start=\"1206\" data-end=\"1209\">Barn som \u00e4r k\u00e4nsliga f\u00f6r stimuli eller har sv\u00e5rt med sj\u00e4lvf\u00f6rtroendet kan dra nytta av denna kur. Det hj\u00e4lper dem att lita b\u00e4ttre p\u00e5 sina egna k\u00e4nslor, att bli mindre styrda av r\u00e4dsla eller r\u00e4dsla f\u00f6r att misslyckas och att f\u00f6lja sin intuition p\u00e5 ett lekfullt s\u00e4tt. <\/p>\n<p data-start=\"1479\" data-end=\"1524\"><strong data-start=\"1479\" data-end=\"1522\">Anv\u00e4ndning hos vuxna och barn:<\/strong><\/p>\n<ul data-start=\"1525\" data-end=\"1732\">\n<li data-start=\"1525\" data-end=\"1551\">\n<p data-start=\"1527\" data-end=\"1551\">Vid stress och oro<\/p>\n<\/li>\n<li data-start=\"1552\" data-end=\"1589\">\n<p data-start=\"1554\" data-end=\"1589\">Vid r\u00e4dsla f\u00f6r misslyckande eller obeslutsamhet<\/p>\n<\/li>\n<li data-start=\"1590\" data-end=\"1637\">\n<p data-start=\"1592\" data-end=\"1637\">Vid blockeringar i sj\u00e4lvf\u00f6rtroende eller intuition<\/p>\n<\/li>\n<li data-start=\"1638\" data-end=\"1680\">\n<p data-start=\"1640\" data-end=\"1680\">Vid \u00f6verstimulering och h\u00f6g k\u00e4nslighet<\/p>\n<\/li>\n<li data-start=\"1681\" data-end=\"1732\">\n<p data-start=\"1683\" data-end=\"1732\">Som ett st\u00f6d vid utbr\u00e4ndhet och k\u00e4nslom\u00e4ssig utmattning<\/p>\n<\/li>\n<\/ul>\n<p data-start=\"1734\" data-end=\"1767\"><strong data-start=\"1734\" data-end=\"1765\">Inneh\u00e5ller f\u00f6ljande blommor:<\/strong><\/p>\n<ul data-start=\"1768\" data-end=\"2441\">\n<li data-start=\"1768\" data-end=\"1816\">\n<p data-start=\"1770\" data-end=\"1816\"><strong data-start=\"1770\" data-end=\"1783\">Leadwort<\/strong> \u2013 intuitiv handling och riktning<\/p>\n<\/li>\n<li data-start=\"1817\" data-end=\"1864\">\n<p data-start=\"1819\" data-end=\"1864\"><strong data-start=\"1819\" data-end=\"1835\">Kopersilja<\/strong> \u2013 avslappnat sj\u00e4lvuttryck<\/p>\n<\/li>\n<li data-start=\"1865\" data-end=\"1939\">\n<p data-start=\"1867\" data-end=\"1939\"><strong data-start=\"1867\" data-end=\"1884\">Fj\u00e4rilsbusken<\/strong> \u2013 inre styrka, att bryta sig loss fr\u00e5n gamla f\u00f6rest\u00e4llningar<\/p>\n<\/li>\n<li data-start=\"1940\" data-end=\"1995\">\n<p data-start=\"1942\" data-end=\"1995\"><strong data-start=\"1942\" data-end=\"1957\">Wild Apple<\/strong> \u2013 rensning av begr\u00e4nsande sj\u00e4lvbild<\/p>\n<\/li>\n<li data-start=\"1996\" data-end=\"2060\">\n<p data-start=\"1998\" data-end=\"2060\"><strong data-start=\"1998\" data-end=\"2019\">Betlehemsstj\u00e4rnan<\/strong> \u2013 \u00e5terh\u00e4mtning efter chock, trauma eller utbr\u00e4ndhet<\/p>\n<\/li>\n<li data-start=\"2061\" data-end=\"2110\">\n<p data-start=\"2063\" data-end=\"2110\"><strong data-start=\"2063\" data-end=\"2078\">Ringblomma<\/strong> \u2013 aktivering av det tredje \u00f6gat<\/p>\n<\/li>\n<li data-start=\"2111\" data-end=\"2163\">\n<p data-start=\"2113\" data-end=\"2163\"><strong data-start=\"2113\" data-end=\"2125\">Barnet<\/strong> \u2013 lita p\u00e5 intuitiva impulser<\/p>\n<\/li>\n<li data-start=\"2164\" data-end=\"2214\">\n<p data-start=\"2166\" data-end=\"2214\"><strong data-start=\"2166\" data-end=\"2176\">Ismene<\/strong> \u2013 k\u00e4nslighet, inre vetande<\/p>\n<\/li>\n<li data-start=\"2215\" data-end=\"2264\">\n<p data-start=\"2217\" data-end=\"2264\"><strong data-start=\"2217\" data-end=\"2230\">Hortensia<\/strong> \u2013 balans mellan huvud och k\u00e4nsla<\/p>\n<\/li>\n<li data-start=\"2265\" data-end=\"2325\">\n<p data-start=\"2267\" data-end=\"2325\"><strong data-start=\"2267\" data-end=\"2281\">Immortelle<\/strong> \u2013 sj\u00e4lsminne, andlig f\u00f6rdjupning<\/p>\n<\/li>\n<li data-start=\"2326\" data-end=\"2377\">\n<p data-start=\"2328\" data-end=\"2377\"><strong data-start=\"2328\" data-end=\"2338\">Balans<\/strong> \u2013 harmoniserar vilja, t\u00e4nkande och k\u00e4nsla<\/p>\n<\/li>\n<li data-start=\"2378\" data-end=\"2441\">\n<p data-start=\"2380\" data-end=\"2441\"><strong data-start=\"2380\" data-end=\"2404\">Kruidje Roerje Me Niet<\/strong> \u2013 skydd mot \u00f6verstimulering<\/p>\n<\/li>\n<\/ul>\n","protected":false},"excerpt":{"rendered":"<p>Blomessens som balanserar personlig kraft och intuition. St\u00f6ttar vuxna och barn med stress, obeslutsamhet och \u00f6verstimulering. <\/p>\n","protected":false},"featured_media":5501,"comment_status":"open","ping_status":"closed","template":"","meta":{"wds_primary_product_brand":0,"wds_primary_product_cat":0,"wds_primary_merken":0},"product_brand":[],"product_cat":[4704],"product_tag":[3697,3694,3696,3685,3688,3698,2568,3699,3690,3605,3692],"merken":[],"class_list":{"0":"post-8802","1":"product","2":"type-product","3":"status-publish","4":"has-post-thumbnail","6":"product_cat-blomma-botemedel-sv","7":"product_tag-andligt-stod","8":"product_tag-blomma-essens-sjalvfortroende","9":"product_tag-blomma-intuition","10":"product_tag-chakra-3-sv","11":"product_tag-chakra-6-sv","12":"product_tag-inre-styrka","13":"product_tag-ngd-vard","14":"product_tag-overstimulering","15":"product_tag-solljus","16":"product_tag-star-botemedel","17":"product_tag-tredje-ogat","18":"infinite-scroll-item","19":"sales-flash-overlay","20":"woocommerce-text-align-center","21":"woocommerce-image-align-center","22":"do-quantity-buttons","24":"first","25":"instock","26":"taxable","27":"shipping-taxable","28":"purchasable","29":"product-type-simple"},"_links":{"self":[{"href":"https:\/\/www.ngdcare.nl\/sv\/wp-json\/wp\/v2\/product\/8802","targetHints":{"allow":["GET"]}}],"collection":[{"href":"https:\/\/www.ngdcare.nl\/sv\/wp-json\/wp\/v2\/product"}],"about":[{"href":"https:\/\/www.ngdcare.nl\/sv\/wp-json\/wp\/v2\/types\/product"}],"replies":[{"embeddable":true,"href":"https:\/\/www.ngdcare.nl\/sv\/wp-json\/wp\/v2\/comments?post=8802"}],"wp:featuredmedia":[{"embeddable":true,"href":"https:\/\/www.ngdcare.nl\/sv\/wp-json\/wp\/v2\/media\/5501"}],"wp:attachment":[{"href":"https:\/\/www.ngdcare.nl\/sv\/wp-json\/wp\/v2\/media?parent=8802"}],"wp:term":[{"taxonomy":"product_brand","embeddable":true,"href":"https:\/\/www.ngdcare.nl\/sv\/wp-json\/wp\/v2\/product_brand?post=8802"},{"taxonomy":"product_cat","embeddable":true,"href":"https:\/\/www.ngdcare.nl\/sv\/wp-json\/wp\/v2\/product_cat?post=8802"},{"taxonomy":"product_tag","embeddable":true,"href":"https:\/\/www.ngdcare.nl\/sv\/wp-json\/wp\/v2\/product_tag?post=8802"},{"taxonomy":"merken","embeddable":true,"href":"https:\/\/www.ngdcare.nl\/sv\/wp-json\/wp\/v2\/merken?post=8802"}],"curies":[{"name":"wp","href":"https:\/\/api.w.org\/{rel}","templated":true}]}}